{"id":8065,"date":"2021-11-03T07:49:57","date_gmt":"2021-11-03T06:49:57","guid":{"rendered":"https:\/\/lunos.sk\/public_html\/?page_id=8065"},"modified":"2022-01-26T14:54:28","modified_gmt":"2022-01-26T13:54:28","slug":"kontrolny-list","status":"publish","type":"page","link":"https:\/\/lunos.sk\/public_html\/kontrolny-list\/","title":{"rendered":"Kontroln\u00fd list pre n\u00e1vrh bytov\u00e9ho vetrania"},"content":{"rendered":"<div class=\"wpb-content-wrapper\"><p>[vc_row][vc_column]\n<div class=\"wpcf7 no-js\" id=\"wpcf7-f8064-o1\" lang=\"en-US\" dir=\"ltr\" data-wpcf7-id=\"8064\">\n<div class=\"screen-reader-response\"><p role=\"status\" aria-live=\"polite\" aria-atomic=\"true\"><\/p> <ul><\/ul><\/div>\n<form action=\"\/public_html\/wp-json\/wp\/v2\/pages\/8065#wpcf7-f8064-o1\" method=\"post\" class=\"wpcf7-form init\" aria-label=\"Contact form\" novalidate=\"novalidate\" data-status=\"init\">\n<fieldset class=\"hidden-fields-container\"><input type=\"hidden\" name=\"_wpcf7\" value=\"8064\" \/><input type=\"hidden\" name=\"_wpcf7_version\" value=\"6.1.5\" \/><input type=\"hidden\" name=\"_wpcf7_locale\" value=\"en_US\" \/><input type=\"hidden\" name=\"_wpcf7_unit_tag\" value=\"wpcf7-f8064-o1\" \/><input type=\"hidden\" name=\"_wpcf7_container_post\" value=\"0\" \/><input type=\"hidden\" name=\"_wpcf7_posted_data_hash\" value=\"\" \/>\n<\/fieldset>\n<div class=\"row\">\n\t<div class=\"col-md-12\" style='margin-bottom:20px;'>\n\t\t<p><label>Stavebn\u00fd projekt:<\/label><span class=\"wpcf7-form-control-wrap\" data-name=\"stavebny-projekt\"><input size=\"40\" maxlength=\"400\" class=\"wpcf7-form-control wpcf7-text wpcf7-validates-as-required\" aria-required=\"true\" aria-invalid=\"false\" value=\"\" type=\"text\" name=\"stavebny-projekt\" \/><\/span>\n\t\t<\/p>\n\t<\/div>\n\t<div class=\"col-md-12\" style='margin-bottom:20px;'>\n\t\t<p><label>Adresa budovy:<\/label><span class=\"wpcf7-form-control-wrap\" data-name=\"adresa-budovy\"><input size=\"40\" maxlength=\"400\" class=\"wpcf7-form-control wpcf7-text wpcf7-validates-as-required\" aria-required=\"true\" aria-invalid=\"false\" value=\"\" type=\"text\" name=\"adresa-budovy\" \/><\/span>\n\t\t<\/p>\n\t<\/div>\n\t<div class=\"col-md-12\" style='margin-bottom:20px;'>\n\t\t<p><label>Projektant:<\/label><span class=\"wpcf7-form-control-wrap\" data-name=\"projektant\"><input size=\"40\" maxlength=\"400\" class=\"wpcf7-form-control wpcf7-text wpcf7-validates-as-required\" aria-required=\"true\" aria-invalid=\"false\" value=\"\" type=\"text\" name=\"projektant\" \/><\/span>\n\t\t<\/p>\n\t<\/div>\n\t<div class=\"col-md-6\" style='margin-bottom:20px;'>\n\t\t<p><label>Kontaktn\u00e1 osoba:<\/label><span class=\"wpcf7-form-control-wrap\" data-name=\"kontaktna-osoba\"><input size=\"40\" maxlength=\"400\" class=\"wpcf7-form-control wpcf7-text wpcf7-validates-as-required\" aria-required=\"true\" aria-invalid=\"false\" value=\"\" type=\"text\" name=\"kontaktna-osoba\" \/><\/span>\n\t\t<\/p>\n\t<\/div>\n\t<div class=\"col-md-6\" style='margin-bottom:20px;'>\n\t\t<p><label>Tel.\u010d.:<\/label><span class=\"wpcf7-form-control-wrap\" data-name=\"tel-c\"><input size=\"40\" maxlength=\"400\" class=\"wpcf7-form-control wpcf7-tel wpcf7-validates-as-required wpcf7-text wpcf7-validates-as-tel\" aria-required=\"true\" aria-invalid=\"false\" value=\"\" type=\"tel\" name=\"tel-c\" \/><\/span>\n\t\t<\/p>\n\t<\/div>\n\t<div class=\"col-md-12\" style='margin-bottom:20px;'>\n\t\t<p><label>E-mail:<\/label><span class=\"wpcf7-form-control-wrap\" data-name=\"email\"><input size=\"40\" maxlength=\"400\" class=\"wpcf7-form-control wpcf7-email wpcf7-validates-as-required wpcf7-text wpcf7-validates-as-email\" aria-required=\"true\" aria-invalid=\"false\" value=\"\" type=\"email\" name=\"email\" \/><\/span>\n\t\t<\/p>\n\t<\/div>\n<\/div>\n<div class=\"row\">\n\t<div class=\"col-md-12\" style='margin-bottom:20px;'>\n\t\t<p><span class=\"wpcf7-form-control-wrap\" data-name=\"checkbox-127\"><span class=\"wpcf7-form-control wpcf7-checkbox wpcf7-validates-as-required\"><span class=\"wpcf7-list-item first\"><label><input type=\"checkbox\" name=\"checkbox-127[]\" value=\"Rekon\u0161trukcia\" \/><span class=\"wpcf7-list-item-label\">Rekon\u0161trukcia<\/span><\/label><\/span><span class=\"wpcf7-list-item last\"><label><input type=\"checkbox\" name=\"checkbox-127[]\" value=\"Novostavba\" \/><span class=\"wpcf7-list-item-label\">Novostavba<\/span><\/label><\/span><\/span><\/span>\n\t\t<\/p>\n\t<\/div>\n\t<div class=\"col-md-12\" style='margin-bottom:20px;'>\n\t\t<p><label>Umiestnenie budovy:<\/label><span class=\"wpcf7-form-control-wrap\" data-name=\"checkbox-127\"><span class=\"wpcf7-form-control wpcf7-checkbox wpcf7-validates-as-required\"><span class=\"wpcf7-list-item first\"><label><input type=\"checkbox\" name=\"checkbox-127[]\" value=\"otvoren\u00e9\" \/><span class=\"wpcf7-list-item-label\">otvoren\u00e9<\/span><\/label><\/span><span class=\"wpcf7-list-item\"><label><input type=\"checkbox\" name=\"checkbox-127[]\" value=\"norm\u00e1lne\" \/><span class=\"wpcf7-list-item-label\">norm\u00e1lne<\/span><\/label><\/span><span class=\"wpcf7-list-item last\"><label><input type=\"checkbox\" name=\"checkbox-127[]\" value=\"zavret\u00e9\" \/><span class=\"wpcf7-list-item-label\">zavret\u00e9<\/span><\/label><\/span><\/span><\/span>\n\t\t<\/p>\n\t<\/div>\n\t<div class=\"col-md-12\" style='margin-bottom:20px;'>\n\t\t<p><label>Tesnos\u0165 budovy: n50<\/label><span class=\"wpcf7-form-control-wrap\" data-name=\"tesnost-budovy\"><input size=\"40\" maxlength=\"400\" class=\"wpcf7-form-control wpcf7-text wpcf7-validates-as-required\" aria-required=\"true\" aria-invalid=\"false\" placeholder=\"1\/h\" value=\"\" type=\"text\" name=\"tesnost-budovy\" \/><\/span>\n\t\t<\/p>\n\t<\/div>\n\t<div class=\"col-md-12\" style='margin-bottom:20px;'>\n\t\t<p><label>Krb:<\/label><span class=\"wpcf7-form-control-wrap\" data-name=\"checkbox-127\"><span class=\"wpcf7-form-control wpcf7-checkbox wpcf7-validates-as-required\"><span class=\"wpcf7-list-item first\"><label><input type=\"checkbox\" name=\"checkbox-127[]\" value=\"nie je\" \/><span class=\"wpcf7-list-item-label\">nie je<\/span><\/label><\/span><span class=\"wpcf7-list-item\"><label><input type=\"checkbox\" name=\"checkbox-127[]\" value=\"pr\u00edvod vzduchu z miestnosti\" \/><span class=\"wpcf7-list-item-label\">pr\u00edvod vzduchu z miestnosti<\/span><\/label><\/span><span class=\"wpcf7-list-item last\"><label><input type=\"checkbox\" name=\"checkbox-127[]\" value=\"pr\u00edvod vzduchu z exteri\u00e9ru\" \/><span class=\"wpcf7-list-item-label\">pr\u00edvod vzduchu z exteri\u00e9ru<\/span><\/label><\/span><\/span><\/span>\n\t\t<\/p>\n\t<\/div>\n\t<div class=\"col-md-12\" style='margin-bottom:20px;'>\n\t\t<p><label>V\u00fd\u0161ka miestnosti (bez \u0161pecifik\u00e1cie 2,5m): <\/label><span class=\"wpcf7-form-control-wrap\" data-name=\"tesnost-budovy\"><input size=\"40\" maxlength=\"400\" class=\"wpcf7-form-control wpcf7-text wpcf7-validates-as-required\" aria-required=\"true\" aria-invalid=\"false\" placeholder=\"m\" value=\"\" type=\"text\" name=\"tesnost-budovy\" \/><\/span>\n\t\t<\/p>\n\t<\/div>\n\t<div class=\"col-md-12\" style='margin-bottom:20px;'>\n\t\t<p><label>Zahrn\u00fa\u0165 suter\u00e9n do koncepcie vetrania?<\/label><span class=\"wpcf7-form-control-wrap\" data-name=\"checkbox-127\"><span class=\"wpcf7-form-control wpcf7-checkbox wpcf7-validates-as-required\"><span class=\"wpcf7-list-item first\"><label><input type=\"checkbox\" name=\"checkbox-127[]\" value=\"\u00e1no\" \/><span class=\"wpcf7-list-item-label\">\u00e1no<\/span><\/label><\/span><span class=\"wpcf7-list-item last\"><label><input type=\"checkbox\" name=\"checkbox-127[]\" value=\"nie\" \/><span class=\"wpcf7-list-item-label\">nie<\/span><\/label><\/span><\/span><\/span>\n\t\t<\/p>\n\t<\/div>\n\t<div class=\"col-md-12\" style='margin-bottom:20px;'>\n\t\t<p><label>Protipo\u017eiarne rie\u0161enie?<\/label><span class=\"wpcf7-form-control-wrap\" data-name=\"checkbox-127\"><span class=\"wpcf7-form-control wpcf7-checkbox wpcf7-validates-as-required\"><span class=\"wpcf7-list-item first\"><label><input type=\"checkbox\" name=\"checkbox-127[]\" value=\"\u00e1no\" \/><span class=\"wpcf7-list-item-label\">\u00e1no<\/span><\/label><\/span><span class=\"wpcf7-list-item last\"><label><input type=\"checkbox\" name=\"checkbox-127[]\" value=\"nie\" \/><span class=\"wpcf7-list-item-label\">nie<\/span><\/label><\/span><\/span><\/span>\n\t\t<\/p>\n\t<\/div>\n\t<div class=\"col-md-12\" style='margin-bottom:20px;'>\n\t\t<p><label>LUNOtherm (fas\u00e1dny prvok pre skryt\u00fd vetrac\u00ed otvor v osten\u00ed):<\/label><span class=\"wpcf7-form-control-wrap\" data-name=\"checkbox-127\"><span class=\"wpcf7-form-control wpcf7-checkbox wpcf7-validates-as-required\"><span class=\"wpcf7-list-item first\"><label><input type=\"checkbox\" name=\"checkbox-127[]\" value=\"\u00e1no\" \/><span class=\"wpcf7-list-item-label\">\u00e1no<\/span><\/label><\/span><span class=\"wpcf7-list-item last\"><label><input type=\"checkbox\" name=\"checkbox-127[]\" value=\"nie\" \/><span class=\"wpcf7-list-item-label\">nie<\/span><\/label><\/span><\/span><\/span>\n\t\t<\/p>\n\t<\/div>\n\t<div class=\"col-md-12\" style='margin-bottom:20px;'>\n\t\t<p><label>Hr\u00fabka izol\u00e1cie:<\/label><span class=\"wpcf7-form-control-wrap\" data-name=\"hrubka-izolacie\"><input size=\"40\" maxlength=\"400\" class=\"wpcf7-form-control wpcf7-text wpcf7-validates-as-required\" aria-required=\"true\" aria-invalid=\"false\" placeholder=\"mm\" value=\"\" type=\"text\" name=\"hrubka-izolacie\" \/><\/span>\n\t\t<\/p>\n\t<\/div>\n\t<div class=\"col-md-12\" style='margin-bottom:20px;'>\n\t\t<p><span class=\"wpcf7-form-control-wrap\" data-name=\"checkbox-127\"><span class=\"wpcf7-form-control wpcf7-checkbox wpcf7-validates-as-required\"><span class=\"wpcf7-list-item first\"><label><input type=\"checkbox\" name=\"checkbox-127[]\" value=\"nehor\u013eav\u00e1 izol\u00e1cia(napr. trieda A1) LUNOtherm A\" \/><span class=\"wpcf7-list-item-label\">nehor\u013eav\u00e1 izol\u00e1cia(napr. trieda A1) LUNOtherm A<\/span><\/label><\/span><span class=\"wpcf7-list-item\"><label><input type=\"checkbox\" name=\"checkbox-127[]\" value=\"zv\u00fd\u0161en\u00e1 protihlukov\u00e1 izol\u00e1cia (S)\" \/><span class=\"wpcf7-list-item-label\">zv\u00fd\u0161en\u00e1 protihlukov\u00e1 izol\u00e1cia (S)<\/span><\/label><\/span><span class=\"wpcf7-list-item last\"><label><input type=\"checkbox\" name=\"checkbox-127[]\" value=\"\u0165a\u017eko vznietite\u013en\u00e1 izol\u00e1cia LUNOtherm B\" \/><span class=\"wpcf7-list-item-label\">\u0165a\u017eko vznietite\u013en\u00e1 izol\u00e1cia LUNOtherm B<\/span><\/label><\/span><\/span><\/span>\n\t\t<\/p>\n\t<\/div>\n<\/div>\n<p><input class=\"wpcf7-form-control wpcf7-submit has-spinner btn-color-black\" type=\"submit\" value=\"ASK A QUESTION\" \/>\n<\/p><div class=\"wpcf7-response-output\" aria-hidden=\"true\"><\/div>\n<\/form>\n<\/div>\n[\/vc_column][\/vc_row]<\/p>\n<\/div>","protected":false},"excerpt":{"rendered":"<p>[vc_row][vc_column][\/vc_column][\/vc_row]<\/p>\n","protected":false},"author":1,"featured_media":0,"parent":0,"menu_order":0,"comment_status":"closed","ping_status":"closed","template":"","meta":{"footnotes":""},"class_list":["post-8065","page","type-page","status-publish","hentry"],"yoast_head":"<!-- This site is optimized with the Yoast SEO plugin v27.4 - https:\/\/yoast.com\/product\/yoast-seo-wordpress\/ -->\n<title>Kontroln\u00fd list pre n\u00e1vrh bytov\u00e9ho vetrania - Lunos Slovensko<\/title>\n<meta name=\"robots\" content=\"index, follow, max-snippet:-1, max-image-preview:large, max-video-preview:-1\" \/>\n<link rel=\"canonical\" href=\"https:\/\/lunos.sk\/public_html\/kontrolny-list\/\" \/>\n<meta property=\"og:locale\" content=\"sk_SK\" \/>\n<meta property=\"og:type\" content=\"article\" \/>\n<meta property=\"og:title\" content=\"Kontroln\u00fd list pre n\u00e1vrh bytov\u00e9ho vetrania - Lunos Slovensko\" \/>\n<meta property=\"og:description\" content=\"[vc_row][vc_column][\/vc_column][\/vc_row]\" \/>\n<meta property=\"og:url\" content=\"https:\/\/lunos.sk\/public_html\/kontrolny-list\/\" \/>\n<meta property=\"og:site_name\" content=\"Lunos Slovensko\" \/>\n<meta property=\"article:publisher\" content=\"https:\/\/www.facebook.com\/lunosslovensko\" \/>\n<meta property=\"article:modified_time\" content=\"2022-01-26T13:54:28+00:00\" \/>\n<meta name=\"twitter:card\" content=\"summary_large_image\" \/>\n<meta name=\"twitter:site\" content=\"@lunos_slovensko\" \/>\n<script type=\"application\/ld+json\" class=\"yoast-schema-graph\">{\"@context\":\"https:\\\/\\\/schema.org\",\"@graph\":[{\"@type\":\"WebPage\",\"@id\":\"https:\\\/\\\/lunos.sk\\\/public_html\\\/kontrolny-list\\\/\",\"url\":\"https:\\\/\\\/lunos.sk\\\/public_html\\\/kontrolny-list\\\/\",\"name\":\"Kontroln\u00fd list pre n\u00e1vrh bytov\u00e9ho vetrania - Lunos Slovensko\",\"isPartOf\":{\"@id\":\"https:\\\/\\\/lunos.sk\\\/public_html\\\/#website\"},\"datePublished\":\"2021-11-03T06:49:57+00:00\",\"dateModified\":\"2022-01-26T13:54:28+00:00\",\"breadcrumb\":{\"@id\":\"https:\\\/\\\/lunos.sk\\\/public_html\\\/kontrolny-list\\\/#breadcrumb\"},\"inLanguage\":\"sk-SK\",\"potentialAction\":[{\"@type\":\"ReadAction\",\"target\":[\"https:\\\/\\\/lunos.sk\\\/public_html\\\/kontrolny-list\\\/\"]}]},{\"@type\":\"BreadcrumbList\",\"@id\":\"https:\\\/\\\/lunos.sk\\\/public_html\\\/kontrolny-list\\\/#breadcrumb\",\"itemListElement\":[{\"@type\":\"ListItem\",\"position\":1,\"name\":\"Home\",\"item\":\"https:\\\/\\\/lunos.sk\\\/public_html\\\/\"},{\"@type\":\"ListItem\",\"position\":2,\"name\":\"Kontroln\u00fd list pre n\u00e1vrh bytov\u00e9ho vetrania\"}]},{\"@type\":\"WebSite\",\"@id\":\"https:\\\/\\\/lunos.sk\\\/public_html\\\/#website\",\"url\":\"https:\\\/\\\/lunos.sk\\\/public_html\\\/\",\"name\":\"Lunos Slovensko\",\"description\":\"\",\"publisher\":{\"@id\":\"https:\\\/\\\/lunos.sk\\\/public_html\\\/#organization\"},\"potentialAction\":[{\"@type\":\"SearchAction\",\"target\":{\"@type\":\"EntryPoint\",\"urlTemplate\":\"https:\\\/\\\/lunos.sk\\\/public_html\\\/?s={search_term_string}\"},\"query-input\":{\"@type\":\"PropertyValueSpecification\",\"valueRequired\":true,\"valueName\":\"search_term_string\"}}],\"inLanguage\":\"sk-SK\"},{\"@type\":\"Organization\",\"@id\":\"https:\\\/\\\/lunos.sk\\\/public_html\\\/#organization\",\"name\":\"Lunos\",\"url\":\"https:\\\/\\\/lunos.sk\\\/public_html\\\/\",\"logo\":{\"@type\":\"ImageObject\",\"inLanguage\":\"sk-SK\",\"@id\":\"https:\\\/\\\/lunos.sk\\\/public_html\\\/#\\\/schema\\\/logo\\\/image\\\/\",\"url\":\"https:\\\/\\\/lunos.sk\\\/public_html\\\/wp-content\\\/uploads\\\/2021\\\/07\\\/logo-lunos.png\",\"contentUrl\":\"https:\\\/\\\/lunos.sk\\\/public_html\\\/wp-content\\\/uploads\\\/2021\\\/07\\\/logo-lunos.png\",\"width\":200,\"height\":101,\"caption\":\"Lunos\"},\"image\":{\"@id\":\"https:\\\/\\\/lunos.sk\\\/public_html\\\/#\\\/schema\\\/logo\\\/image\\\/\"},\"sameAs\":[\"https:\\\/\\\/www.facebook.com\\\/lunosslovensko\",\"https:\\\/\\\/x.com\\\/lunos_slovensko\"]}]}<\/script>\n<!-- \/ Yoast SEO plugin. -->","yoast_head_json":{"title":"Kontroln\u00fd list pre n\u00e1vrh bytov\u00e9ho vetrania - Lunos Slovensko","robots":{"index":"index","follow":"follow","max-snippet":"max-snippet:-1","max-image-preview":"max-image-preview:large","max-video-preview":"max-video-preview:-1"},"canonical":"https:\/\/lunos.sk\/public_html\/kontrolny-list\/","og_locale":"sk_SK","og_type":"article","og_title":"Kontroln\u00fd list pre n\u00e1vrh bytov\u00e9ho vetrania - Lunos Slovensko","og_description":"[vc_row][vc_column][\/vc_column][\/vc_row]","og_url":"https:\/\/lunos.sk\/public_html\/kontrolny-list\/","og_site_name":"Lunos Slovensko","article_publisher":"https:\/\/www.facebook.com\/lunosslovensko","article_modified_time":"2022-01-26T13:54:28+00:00","twitter_card":"summary_large_image","twitter_site":"@lunos_slovensko","schema":{"@context":"https:\/\/schema.org","@graph":[{"@type":"WebPage","@id":"https:\/\/lunos.sk\/public_html\/kontrolny-list\/","url":"https:\/\/lunos.sk\/public_html\/kontrolny-list\/","name":"Kontroln\u00fd list pre n\u00e1vrh bytov\u00e9ho vetrania - Lunos Slovensko","isPartOf":{"@id":"https:\/\/lunos.sk\/public_html\/#website"},"datePublished":"2021-11-03T06:49:57+00:00","dateModified":"2022-01-26T13:54:28+00:00","breadcrumb":{"@id":"https:\/\/lunos.sk\/public_html\/kontrolny-list\/#breadcrumb"},"inLanguage":"sk-SK","potentialAction":[{"@type":"ReadAction","target":["https:\/\/lunos.sk\/public_html\/kontrolny-list\/"]}]},{"@type":"BreadcrumbList","@id":"https:\/\/lunos.sk\/public_html\/kontrolny-list\/#breadcrumb","itemListElement":[{"@type":"ListItem","position":1,"name":"Home","item":"https:\/\/lunos.sk\/public_html\/"},{"@type":"ListItem","position":2,"name":"Kontroln\u00fd list pre n\u00e1vrh bytov\u00e9ho vetrania"}]},{"@type":"WebSite","@id":"https:\/\/lunos.sk\/public_html\/#website","url":"https:\/\/lunos.sk\/public_html\/","name":"Lunos Slovensko","description":"","publisher":{"@id":"https:\/\/lunos.sk\/public_html\/#organization"},"potentialAction":[{"@type":"SearchAction","target":{"@type":"EntryPoint","urlTemplate":"https:\/\/lunos.sk\/public_html\/?s={search_term_string}"},"query-input":{"@type":"PropertyValueSpecification","valueRequired":true,"valueName":"search_term_string"}}],"inLanguage":"sk-SK"},{"@type":"Organization","@id":"https:\/\/lunos.sk\/public_html\/#organization","name":"Lunos","url":"https:\/\/lunos.sk\/public_html\/","logo":{"@type":"ImageObject","inLanguage":"sk-SK","@id":"https:\/\/lunos.sk\/public_html\/#\/schema\/logo\/image\/","url":"https:\/\/lunos.sk\/public_html\/wp-content\/uploads\/2021\/07\/logo-lunos.png","contentUrl":"https:\/\/lunos.sk\/public_html\/wp-content\/uploads\/2021\/07\/logo-lunos.png","width":200,"height":101,"caption":"Lunos"},"image":{"@id":"https:\/\/lunos.sk\/public_html\/#\/schema\/logo\/image\/"},"sameAs":["https:\/\/www.facebook.com\/lunosslovensko","https:\/\/x.com\/lunos_slovensko"]}]}},"jetpack_sharing_enabled":true,"_links":{"self":[{"href":"https:\/\/lunos.sk\/public_html\/wp-json\/wp\/v2\/pages\/8065","targetHints":{"allow":["GET"]}}],"collection":[{"href":"https:\/\/lunos.sk\/public_html\/wp-json\/wp\/v2\/pages"}],"about":[{"href":"https:\/\/lunos.sk\/public_html\/wp-json\/wp\/v2\/types\/page"}],"author":[{"embeddable":true,"href":"https:\/\/lunos.sk\/public_html\/wp-json\/wp\/v2\/users\/1"}],"replies":[{"embeddable":true,"href":"https:\/\/lunos.sk\/public_html\/wp-json\/wp\/v2\/comments?post=8065"}],"version-history":[{"count":1,"href":"https:\/\/lunos.sk\/public_html\/wp-json\/wp\/v2\/pages\/8065\/revisions"}],"predecessor-version":[{"id":8066,"href":"https:\/\/lunos.sk\/public_html\/wp-json\/wp\/v2\/pages\/8065\/revisions\/8066"}],"wp:attachment":[{"href":"https:\/\/lunos.sk\/public_html\/wp-json\/wp\/v2\/media?parent=8065"}],"curies":[{"name":"wp","href":"https:\/\/api.w.org\/{rel}","templated":true}]}}