{"id":8206,"date":"2021-11-23T08:47:27","date_gmt":"2021-11-23T07:47:27","guid":{"rendered":"https:\/\/lunos.sk\/public_html\/?page_id=8206"},"modified":"2022-02-21T13:23:03","modified_gmt":"2022-02-21T12:23:03","slug":"kancelarske-priestory","status":"publish","type":"page","link":"https:\/\/lunos.sk\/public_html\/referencie\/kancelarske-priestory\/","title":{"rendered":"Kancel\u00e1rske priestory"},"content":{"rendered":"<div class=\"wpb-content-wrapper\"><p>[vc_row content_placement=&#8220;middle&#8220; mobile_bg_img_hidden=&#8220;no&#8220; tablet_bg_img_hidden=&#8220;no&#8220; woodmart_parallax=&#8220;0&#8243; woodmart_gradient_switch=&#8220;no&#8220; row_reverse_mobile=&#8220;0&#8243; row_reverse_tablet=&#8220;0&#8243; woodmart_disable_overflow=&#8220;0&#8243;][vc_column width=&#8220;2\/3&#8243;]\t\t<div id=\"gallery_725\" class=\"wd-images-gallery wd-justify-center wd-items-middle view-carousel photoswipe-images wd-carousel-spacing-20 wd-carousel-container\" data-owl-carousel data-wrap=\"yes\" data-autoplay=\"yes\" data-hide_pagination_control=\"yes\" data-hide_prev_next_buttons=\"no\" data-scroll_per_page=\"no\" data-desktop=\"2\" data-tablet_landscape=\"2\" data-tablet=\"1\" data-mobile=\"1\">\n\t\t\t<div class=\"gallery-images owl-carousel owl-items-lg-2 owl-items-md-2 owl-items-sm-1 owl-items-xs-1\">\n\t\t\t\t\t\t\t\t\t\t\t\t\t\t\t<div class=\"wd-gallery-item\">\n\t\t\t\t\t\t\t\t\t\t\t\t\t\t<a href=\"https:\/\/lunos.sk\/public_html\/wp-content\/uploads\/2021\/11\/referencia-5-2-scaled.jpg\" data-elementor-open-lightbox=\"no\" data-index=\"1\" data-width=\"1920\" data-height=\"2560\"  >\n\t\t\t\t\t\t\t\t\n\t\t\t\t\t\t\t\t\t\t\t\t\t\t\t\t\t<img fetchpriority=\"high\" decoding=\"async\" width=\"1920\" height=\"2560\" src=\"https:\/\/lunos.sk\/public_html\/wp-content\/uploads\/2021\/11\/referencia-5-2-scaled.jpg\" class=\"wd-gallery-image image-1 attachment-full\" alt=\"\" title=\"referencia-5-2\" srcset=\"https:\/\/lunos.sk\/public_html\/wp-content\/uploads\/2021\/11\/referencia-5-2-scaled.jpg 1920w, https:\/\/lunos.sk\/public_html\/wp-content\/uploads\/2021\/11\/referencia-5-2-scaled-225x300.jpg 225w, https:\/\/lunos.sk\/public_html\/wp-content\/uploads\/2021\/11\/referencia-5-2-scaled-768x1024.jpg 768w, https:\/\/lunos.sk\/public_html\/wp-content\/uploads\/2021\/11\/referencia-5-2-scaled-576x768.jpg 576w, https:\/\/lunos.sk\/public_html\/wp-content\/uploads\/2021\/11\/referencia-5-2-1152x1536.jpg 1152w, https:\/\/lunos.sk\/public_html\/wp-content\/uploads\/2021\/11\/referencia-5-2-1536x2048.jpg 1536w\" sizes=\"(max-width: 1920px) 100vw, 1920px\" \/>\t\t\t\t\t\t\t\t\n\n\t\t\t\t\t\t\t\t\t\t\t\t\t\t\t<\/a>\n\t\t\t\t\t\t\t\t\t\t\t\t<\/div>\n\t\t\t\t\t\t\t\t\t\t\t<div class=\"wd-gallery-item\">\n\t\t\t\t\t\t\t\t\t\t\t\t\t\t<a href=\"https:\/\/lunos.sk\/public_html\/wp-content\/uploads\/2021\/11\/referencia-5-1-scaled.jpg\" data-elementor-open-lightbox=\"no\" data-index=\"2\" data-width=\"1920\" data-height=\"2560\"  >\n\t\t\t\t\t\t\t\t\n\t\t\t\t\t\t\t\t\t\t\t\t\t\t\t\t\t<img decoding=\"async\" width=\"1920\" height=\"2560\" src=\"https:\/\/lunos.sk\/public_html\/wp-content\/uploads\/2021\/11\/referencia-5-1-scaled.jpg\" class=\"wd-gallery-image image-2 attachment-full\" alt=\"\" title=\"referencia-5-1\" srcset=\"https:\/\/lunos.sk\/public_html\/wp-content\/uploads\/2021\/11\/referencia-5-1-scaled.jpg 1920w, https:\/\/lunos.sk\/public_html\/wp-content\/uploads\/2021\/11\/referencia-5-1-scaled-225x300.jpg 225w, https:\/\/lunos.sk\/public_html\/wp-content\/uploads\/2021\/11\/referencia-5-1-scaled-768x1024.jpg 768w, https:\/\/lunos.sk\/public_html\/wp-content\/uploads\/2021\/11\/referencia-5-1-scaled-576x768.jpg 576w, https:\/\/lunos.sk\/public_html\/wp-content\/uploads\/2021\/11\/referencia-5-1-1152x1536.jpg 1152w, https:\/\/lunos.sk\/public_html\/wp-content\/uploads\/2021\/11\/referencia-5-1-1536x2048.jpg 1536w\" sizes=\"(max-width: 1920px) 100vw, 1920px\" \/>\t\t\t\t\t\t\t\t\n\n\t\t\t\t\t\t\t\t\t\t\t\t\t\t\t<\/a>\n\t\t\t\t\t\t\t\t\t\t\t\t<\/div>\n\t\t\t\t\t\t\t\t\t\t\t\t<\/div>\n\t\t<\/div>\n\t\t\t\t[\/vc_column][vc_column width=&#8220;1\/3&#8243;]\t\t\t<div id=\"wd-62138385465fb\" class=\"wd-text-block-wrapper wd-wpb wd-rs-62138385465fb color-scheme- wd-width-100 text-left \">\n\t\t\t\t<div class=\"woodmart-title-container woodmart-text-block reset-last-child font-primary wd-font-weight- \">\n\t\t\t\t\tZabezpe\u010denie zdrav\u00e9ho vn\u00fatorn\u00e9ho prostredia kancel\u00e1ri\u00ed v pra\u0161nom priemyselnom podniku pomocou necentr\u00e1lnych vetrac\u00edch pr\u00edstrojov so sp\u00e4tn\u00fdm z\u00edskavan\u00edm tepla Ne<sup>xx<\/sup>t<br \/>\nv n\u00e1stennom preveden\u00ed. Intenzitu vetrania riadi centr\u00e1lny ovl\u00e1da\u010d Touch Air Comfort (TAC) spolu so senzorom CO2. Paraleln\u00e1 prev\u00e1dzka pr\u00edstrojov je zabezpe\u010dovan\u00e1 aj pomocou bezdr\u00f4tovej technol\u00f3gie EnOcean pomocou modulov FM-EO. Mont\u00e1\u017e bola vykonan\u00e1 za plnej prev\u00e1dzky.\t\t\t\t<\/div>\n\n\t\t\t\t\t\t\t<\/div>\n\t\t[\/vc_column][\/vc_row]<\/p>\n<\/div>","protected":false},"excerpt":{"rendered":"<p>[vc_row content_placement=&#8220;middle&#8220; mobile_bg_img_hidden=&#8220;no&#8220; tablet_bg_img_hidden=&#8220;no&#8220; woodmart_parallax=&#8220;0&#8243; woodmart_gradient_switch=&#8220;no&#8220; row_reverse_mobile=&#8220;0&#8243; row_reverse_tablet=&#8220;0&#8243; woodmart_disable_overflow=&#8220;0&#8243;][vc_column width=&#8220;2\/3&#8243;][\/vc_column][vc_column width=&#8220;1\/3&#8243;][\/vc_column][\/vc_row]<\/p>\n","protected":false},"author":1,"featured_media":0,"parent":7871,"menu_order":0,"comment_status":"closed","ping_status":"closed","template":"","meta":{"footnotes":""},"class_list":["post-8206","page","type-page","status-publish","hentry"],"yoast_head":"<!-- This site is optimized with the Yoast SEO plugin v27.4 - https:\/\/yoast.com\/product\/yoast-seo-wordpress\/ -->\n<title>Kancel\u00e1rske priestory - Lunos Slovensko<\/title>\n<meta name=\"robots\" content=\"index, follow, max-snippet:-1, max-image-preview:large, max-video-preview:-1\" \/>\n<link rel=\"canonical\" href=\"https:\/\/lunos.sk\/public_html\/referencie\/kancelarske-priestory\/\" \/>\n<meta property=\"og:locale\" content=\"sk_SK\" \/>\n<meta property=\"og:type\" content=\"article\" \/>\n<meta property=\"og:title\" content=\"Kancel\u00e1rske priestory - Lunos Slovensko\" \/>\n<meta property=\"og:description\" content=\"[vc_row content_placement=&#8220;middle&#8220; mobile_bg_img_hidden=&#8220;no&#8220; tablet_bg_img_hidden=&#8220;no&#8220; woodmart_parallax=&#8220;0&#8243; woodmart_gradient_switch=&#8220;no&#8220; row_reverse_mobile=&#8220;0&#8243; row_reverse_tablet=&#8220;0&#8243; woodmart_disable_overflow=&#8220;0&#8243;][vc_column width=&#8220;2\/3&#8243;][\/vc_column][vc_column width=&#8220;1\/3&#8243;][\/vc_column][\/vc_row]\" \/>\n<meta property=\"og:url\" content=\"https:\/\/lunos.sk\/public_html\/referencie\/kancelarske-priestory\/\" \/>\n<meta property=\"og:site_name\" content=\"Lunos Slovensko\" \/>\n<meta property=\"article:publisher\" content=\"https:\/\/www.facebook.com\/lunosslovensko\" \/>\n<meta property=\"article:modified_time\" content=\"2022-02-21T12:23:03+00:00\" \/>\n<meta name=\"twitter:card\" content=\"summary_large_image\" \/>\n<meta name=\"twitter:site\" content=\"@lunos_slovensko\" \/>\n<meta name=\"twitter:label1\" content=\"Predpokladan\u00fd \u010das \u010d\u00edtania\" \/>\n\t<meta name=\"twitter:data1\" content=\"1 min\u00fata\" \/>\n<script type=\"application\/ld+json\" class=\"yoast-schema-graph\">{\"@context\":\"https:\\\/\\\/schema.org\",\"@graph\":[{\"@type\":\"WebPage\",\"@id\":\"https:\\\/\\\/lunos.sk\\\/public_html\\\/referencie\\\/kancelarske-priestory\\\/\",\"url\":\"https:\\\/\\\/lunos.sk\\\/public_html\\\/referencie\\\/kancelarske-priestory\\\/\",\"name\":\"Kancel\u00e1rske priestory - Lunos Slovensko\",\"isPartOf\":{\"@id\":\"https:\\\/\\\/lunos.sk\\\/public_html\\\/#website\"},\"datePublished\":\"2021-11-23T07:47:27+00:00\",\"dateModified\":\"2022-02-21T12:23:03+00:00\",\"breadcrumb\":{\"@id\":\"https:\\\/\\\/lunos.sk\\\/public_html\\\/referencie\\\/kancelarske-priestory\\\/#breadcrumb\"},\"inLanguage\":\"sk-SK\",\"potentialAction\":[{\"@type\":\"ReadAction\",\"target\":[\"https:\\\/\\\/lunos.sk\\\/public_html\\\/referencie\\\/kancelarske-priestory\\\/\"]}]},{\"@type\":\"BreadcrumbList\",\"@id\":\"https:\\\/\\\/lunos.sk\\\/public_html\\\/referencie\\\/kancelarske-priestory\\\/#breadcrumb\",\"itemListElement\":[{\"@type\":\"ListItem\",\"position\":1,\"name\":\"Home\",\"item\":\"https:\\\/\\\/lunos.sk\\\/public_html\\\/\"},{\"@type\":\"ListItem\",\"position\":2,\"name\":\"Referencie\",\"item\":\"https:\\\/\\\/lunos.sk\\\/public_html\\\/referencie\\\/\"},{\"@type\":\"ListItem\",\"position\":3,\"name\":\"Kancel\u00e1rske priestory\"}]},{\"@type\":\"WebSite\",\"@id\":\"https:\\\/\\\/lunos.sk\\\/public_html\\\/#website\",\"url\":\"https:\\\/\\\/lunos.sk\\\/public_html\\\/\",\"name\":\"Lunos Slovensko\",\"description\":\"\",\"publisher\":{\"@id\":\"https:\\\/\\\/lunos.sk\\\/public_html\\\/#organization\"},\"potentialAction\":[{\"@type\":\"SearchAction\",\"target\":{\"@type\":\"EntryPoint\",\"urlTemplate\":\"https:\\\/\\\/lunos.sk\\\/public_html\\\/?s={search_term_string}\"},\"query-input\":{\"@type\":\"PropertyValueSpecification\",\"valueRequired\":true,\"valueName\":\"search_term_string\"}}],\"inLanguage\":\"sk-SK\"},{\"@type\":\"Organization\",\"@id\":\"https:\\\/\\\/lunos.sk\\\/public_html\\\/#organization\",\"name\":\"Lunos\",\"url\":\"https:\\\/\\\/lunos.sk\\\/public_html\\\/\",\"logo\":{\"@type\":\"ImageObject\",\"inLanguage\":\"sk-SK\",\"@id\":\"https:\\\/\\\/lunos.sk\\\/public_html\\\/#\\\/schema\\\/logo\\\/image\\\/\",\"url\":\"https:\\\/\\\/lunos.sk\\\/public_html\\\/wp-content\\\/uploads\\\/2021\\\/07\\\/logo-lunos.png\",\"contentUrl\":\"https:\\\/\\\/lunos.sk\\\/public_html\\\/wp-content\\\/uploads\\\/2021\\\/07\\\/logo-lunos.png\",\"width\":200,\"height\":101,\"caption\":\"Lunos\"},\"image\":{\"@id\":\"https:\\\/\\\/lunos.sk\\\/public_html\\\/#\\\/schema\\\/logo\\\/image\\\/\"},\"sameAs\":[\"https:\\\/\\\/www.facebook.com\\\/lunosslovensko\",\"https:\\\/\\\/x.com\\\/lunos_slovensko\"]}]}<\/script>\n<!-- \/ Yoast SEO plugin. -->","yoast_head_json":{"title":"Kancel\u00e1rske priestory - Lunos Slovensko","robots":{"index":"index","follow":"follow","max-snippet":"max-snippet:-1","max-image-preview":"max-image-preview:large","max-video-preview":"max-video-preview:-1"},"canonical":"https:\/\/lunos.sk\/public_html\/referencie\/kancelarske-priestory\/","og_locale":"sk_SK","og_type":"article","og_title":"Kancel\u00e1rske priestory - Lunos Slovensko","og_description":"[vc_row content_placement=&#8220;middle&#8220; mobile_bg_img_hidden=&#8220;no&#8220; tablet_bg_img_hidden=&#8220;no&#8220; woodmart_parallax=&#8220;0&#8243; woodmart_gradient_switch=&#8220;no&#8220; row_reverse_mobile=&#8220;0&#8243; row_reverse_tablet=&#8220;0&#8243; woodmart_disable_overflow=&#8220;0&#8243;][vc_column width=&#8220;2\/3&#8243;][\/vc_column][vc_column width=&#8220;1\/3&#8243;][\/vc_column][\/vc_row]","og_url":"https:\/\/lunos.sk\/public_html\/referencie\/kancelarske-priestory\/","og_site_name":"Lunos Slovensko","article_publisher":"https:\/\/www.facebook.com\/lunosslovensko","article_modified_time":"2022-02-21T12:23:03+00:00","twitter_card":"summary_large_image","twitter_site":"@lunos_slovensko","twitter_misc":{"Predpokladan\u00fd \u010das \u010d\u00edtania":"1 min\u00fata"},"schema":{"@context":"https:\/\/schema.org","@graph":[{"@type":"WebPage","@id":"https:\/\/lunos.sk\/public_html\/referencie\/kancelarske-priestory\/","url":"https:\/\/lunos.sk\/public_html\/referencie\/kancelarske-priestory\/","name":"Kancel\u00e1rske priestory - Lunos Slovensko","isPartOf":{"@id":"https:\/\/lunos.sk\/public_html\/#website"},"datePublished":"2021-11-23T07:47:27+00:00","dateModified":"2022-02-21T12:23:03+00:00","breadcrumb":{"@id":"https:\/\/lunos.sk\/public_html\/referencie\/kancelarske-priestory\/#breadcrumb"},"inLanguage":"sk-SK","potentialAction":[{"@type":"ReadAction","target":["https:\/\/lunos.sk\/public_html\/referencie\/kancelarske-priestory\/"]}]},{"@type":"BreadcrumbList","@id":"https:\/\/lunos.sk\/public_html\/referencie\/kancelarske-priestory\/#breadcrumb","itemListElement":[{"@type":"ListItem","position":1,"name":"Home","item":"https:\/\/lunos.sk\/public_html\/"},{"@type":"ListItem","position":2,"name":"Referencie","item":"https:\/\/lunos.sk\/public_html\/referencie\/"},{"@type":"ListItem","position":3,"name":"Kancel\u00e1rske priestory"}]},{"@type":"WebSite","@id":"https:\/\/lunos.sk\/public_html\/#website","url":"https:\/\/lunos.sk\/public_html\/","name":"Lunos Slovensko","description":"","publisher":{"@id":"https:\/\/lunos.sk\/public_html\/#organization"},"potentialAction":[{"@type":"SearchAction","target":{"@type":"EntryPoint","urlTemplate":"https:\/\/lunos.sk\/public_html\/?s={search_term_string}"},"query-input":{"@type":"PropertyValueSpecification","valueRequired":true,"valueName":"search_term_string"}}],"inLanguage":"sk-SK"},{"@type":"Organization","@id":"https:\/\/lunos.sk\/public_html\/#organization","name":"Lunos","url":"https:\/\/lunos.sk\/public_html\/","logo":{"@type":"ImageObject","inLanguage":"sk-SK","@id":"https:\/\/lunos.sk\/public_html\/#\/schema\/logo\/image\/","url":"https:\/\/lunos.sk\/public_html\/wp-content\/uploads\/2021\/07\/logo-lunos.png","contentUrl":"https:\/\/lunos.sk\/public_html\/wp-content\/uploads\/2021\/07\/logo-lunos.png","width":200,"height":101,"caption":"Lunos"},"image":{"@id":"https:\/\/lunos.sk\/public_html\/#\/schema\/logo\/image\/"},"sameAs":["https:\/\/www.facebook.com\/lunosslovensko","https:\/\/x.com\/lunos_slovensko"]}]}},"jetpack_sharing_enabled":true,"_links":{"self":[{"href":"https:\/\/lunos.sk\/public_html\/wp-json\/wp\/v2\/pages\/8206","targetHints":{"allow":["GET"]}}],"collection":[{"href":"https:\/\/lunos.sk\/public_html\/wp-json\/wp\/v2\/pages"}],"about":[{"href":"https:\/\/lunos.sk\/public_html\/wp-json\/wp\/v2\/types\/page"}],"author":[{"embeddable":true,"href":"https:\/\/lunos.sk\/public_html\/wp-json\/wp\/v2\/users\/1"}],"replies":[{"embeddable":true,"href":"https:\/\/lunos.sk\/public_html\/wp-json\/wp\/v2\/comments?post=8206"}],"version-history":[{"count":9,"href":"https:\/\/lunos.sk\/public_html\/wp-json\/wp\/v2\/pages\/8206\/revisions"}],"predecessor-version":[{"id":8694,"href":"https:\/\/lunos.sk\/public_html\/wp-json\/wp\/v2\/pages\/8206\/revisions\/8694"}],"up":[{"embeddable":true,"href":"https:\/\/lunos.sk\/public_html\/wp-json\/wp\/v2\/pages\/7871"}],"wp:attachment":[{"href":"https:\/\/lunos.sk\/public_html\/wp-json\/wp\/v2\/media?parent=8206"}],"curies":[{"name":"wp","href":"https:\/\/api.w.org\/{rel}","templated":true}]}}