{"id":8222,"date":"2021-11-23T08:58:49","date_gmt":"2021-11-23T07:58:49","guid":{"rendered":"https:\/\/lunos.sk\/public_html\/?page_id=8222"},"modified":"2022-02-21T13:48:54","modified_gmt":"2022-02-21T12:48:54","slug":"hlbkova-obnova-p-horova-bratislava","status":"publish","type":"page","link":"https:\/\/lunos.sk\/public_html\/referencie\/hlbkova-obnova-p-horova-bratislava\/","title":{"rendered":"H\u013abkov\u00e1 obnova &#8211; P. Horova, Bratislava"},"content":{"rendered":"<div class=\"wpb-content-wrapper\"><p>[vc_row content_placement=&#8220;middle&#8220; mobile_bg_img_hidden=&#8220;no&#8220; tablet_bg_img_hidden=&#8220;no&#8220; woodmart_parallax=&#8220;0&#8243; woodmart_gradient_switch=&#8220;no&#8220; row_reverse_mobile=&#8220;0&#8243; row_reverse_tablet=&#8220;0&#8243; woodmart_disable_overflow=&#8220;0&#8243;][vc_column width=&#8220;2\/3&#8243;]\t\t<div id=\"gallery_845\" class=\"wd-images-gallery wd-justify-center wd-items-middle view-carousel photoswipe-images wd-carousel-spacing-20 wd-carousel-container\" data-owl-carousel data-wrap=\"yes\" data-autoplay=\"yes\" data-hide_pagination_control=\"yes\" data-hide_prev_next_buttons=\"no\" data-scroll_per_page=\"no\" data-desktop=\"2\" data-tablet_landscape=\"2\" data-tablet=\"1\" data-mobile=\"1\">\n\t\t\t<div class=\"gallery-images owl-carousel owl-items-lg-2 owl-items-md-2 owl-items-sm-1 owl-items-xs-1\">\n\t\t\t\t\t\t\t\t\t\t\t\t\t\t\t<div class=\"wd-gallery-item\">\n\t\t\t\t\t\t\t\t\t\t\t\t\t\t<a href=\"https:\/\/lunos.sk\/public_html\/wp-content\/uploads\/2021\/11\/referencia-1-1-scaled.jpg\" data-elementor-open-lightbox=\"no\" data-index=\"1\" data-width=\"1920\" data-height=\"2560\"  >\n\t\t\t\t\t\t\t\t\n\t\t\t\t\t\t\t\t\t\t\t\t\t\t\t\t\t<img fetchpriority=\"high\" decoding=\"async\" width=\"1920\" height=\"2560\" src=\"https:\/\/lunos.sk\/public_html\/wp-content\/uploads\/2021\/11\/referencia-1-1-scaled.jpg\" class=\"wd-gallery-image image-1 attachment-full\" alt=\"\" title=\"referencia-1-1\" srcset=\"https:\/\/lunos.sk\/public_html\/wp-content\/uploads\/2021\/11\/referencia-1-1-scaled.jpg 1920w, https:\/\/lunos.sk\/public_html\/wp-content\/uploads\/2021\/11\/referencia-1-1-scaled-225x300.jpg 225w, https:\/\/lunos.sk\/public_html\/wp-content\/uploads\/2021\/11\/referencia-1-1-scaled-768x1024.jpg 768w, https:\/\/lunos.sk\/public_html\/wp-content\/uploads\/2021\/11\/referencia-1-1-scaled-576x768.jpg 576w, https:\/\/lunos.sk\/public_html\/wp-content\/uploads\/2021\/11\/referencia-1-1-1152x1536.jpg 1152w, https:\/\/lunos.sk\/public_html\/wp-content\/uploads\/2021\/11\/referencia-1-1-1536x2048.jpg 1536w\" sizes=\"(max-width: 1920px) 100vw, 1920px\" \/>\t\t\t\t\t\t\t\t\n\n\t\t\t\t\t\t\t\t\t\t\t\t\t\t\t<\/a>\n\t\t\t\t\t\t\t\t\t\t\t\t<\/div>\n\t\t\t\t\t\t\t\t\t\t\t<div class=\"wd-gallery-item\">\n\t\t\t\t\t\t\t\t\t\t\t\t\t\t<a href=\"https:\/\/lunos.sk\/public_html\/wp-content\/uploads\/2021\/11\/referencia-1-2-scaled.jpg\" data-elementor-open-lightbox=\"no\" data-index=\"2\" data-width=\"1920\" data-height=\"2560\"  >\n\t\t\t\t\t\t\t\t\n\t\t\t\t\t\t\t\t\t\t\t\t\t\t\t\t\t<img decoding=\"async\" width=\"1920\" height=\"2560\" src=\"https:\/\/lunos.sk\/public_html\/wp-content\/uploads\/2021\/11\/referencia-1-2-scaled.jpg\" class=\"wd-gallery-image image-2 attachment-full\" alt=\"\" title=\"referencia-1-2\" srcset=\"https:\/\/lunos.sk\/public_html\/wp-content\/uploads\/2021\/11\/referencia-1-2-scaled.jpg 1920w, https:\/\/lunos.sk\/public_html\/wp-content\/uploads\/2021\/11\/referencia-1-2-scaled-225x300.jpg 225w, https:\/\/lunos.sk\/public_html\/wp-content\/uploads\/2021\/11\/referencia-1-2-scaled-768x1024.jpg 768w, https:\/\/lunos.sk\/public_html\/wp-content\/uploads\/2021\/11\/referencia-1-2-scaled-576x768.jpg 576w, https:\/\/lunos.sk\/public_html\/wp-content\/uploads\/2021\/11\/referencia-1-2-1152x1536.jpg 1152w, https:\/\/lunos.sk\/public_html\/wp-content\/uploads\/2021\/11\/referencia-1-2-1536x2048.jpg 1536w\" sizes=\"(max-width: 1920px) 100vw, 1920px\" \/>\t\t\t\t\t\t\t\t\n\n\t\t\t\t\t\t\t\t\t\t\t\t\t\t\t<\/a>\n\t\t\t\t\t\t\t\t\t\t\t\t<\/div>\n\t\t\t\t\t\t\t\t\t\t\t\t<\/div>\n\t\t<\/div>\n\t\t\t\t[\/vc_column][vc_column width=&#8220;1\/3&#8243;]\t\t\t<div id=\"wd-62138a1ebc7f3\" class=\"wd-text-block-wrapper wd-wpb wd-rs-62138a1ebc7f3 color-scheme- wd-width-100 text-left \">\n\t\t\t\t<div class=\"woodmart-title-container woodmart-text-block reset-last-child font-primary wd-font-weight- \">\n\t\t\t\t\tV r\u00e1mci h\u013abkovej obnovy bytov\u00e9ho domu na ul. P. Horova v Bratislave boli in\u0161talovan\u00e9 ventil\u00e1tory so SZT e\u00b2 v obytn\u00fdch miestnostiach a ventil\u00e1tory Silvento v k\u00fape\u013eniach a wc.<\/p>\n<p>Pre neru\u0161en\u00fd vzh\u013ead fas\u00e1dy boli pou\u017eit\u00e9 fas\u00e1dne prvky LUNOtherm A. Aj v\u010faka technol\u00f3gii LUNOS sa t\u00e1to obnova stala stavbou roka 2016.\t\t\t\t<\/div>\n\n\t\t\t\t\t\t\t<\/div>\n\t\t[\/vc_column][\/vc_row]<\/p>\n<\/div>","protected":false},"excerpt":{"rendered":"<p>[vc_row content_placement=&#8220;middle&#8220; mobile_bg_img_hidden=&#8220;no&#8220; tablet_bg_img_hidden=&#8220;no&#8220; woodmart_parallax=&#8220;0&#8243; woodmart_gradient_switch=&#8220;no&#8220; row_reverse_mobile=&#8220;0&#8243; row_reverse_tablet=&#8220;0&#8243; woodmart_disable_overflow=&#8220;0&#8243;][vc_column width=&#8220;2\/3&#8243;][\/vc_column][vc_column width=&#8220;1\/3&#8243;][\/vc_column][\/vc_row]<\/p>\n","protected":false},"author":1,"featured_media":0,"parent":7871,"menu_order":0,"comment_status":"closed","ping_status":"closed","template":"","meta":{"footnotes":""},"class_list":["post-8222","page","type-page","status-publish","hentry"],"yoast_head":"<!-- This site is optimized with the Yoast SEO plugin v27.4 - https:\/\/yoast.com\/product\/yoast-seo-wordpress\/ -->\n<title>H\u013abkov\u00e1 obnova - P. Horova, Bratislava - Lunos Slovensko<\/title>\n<meta name=\"robots\" content=\"index, follow, max-snippet:-1, max-image-preview:large, max-video-preview:-1\" \/>\n<link rel=\"canonical\" href=\"https:\/\/lunos.sk\/public_html\/referencie\/hlbkova-obnova-p-horova-bratislava\/\" \/>\n<meta property=\"og:locale\" content=\"sk_SK\" \/>\n<meta property=\"og:type\" content=\"article\" \/>\n<meta property=\"og:title\" content=\"H\u013abkov\u00e1 obnova - P. Horova, Bratislava - Lunos Slovensko\" \/>\n<meta property=\"og:description\" content=\"[vc_row content_placement=&#8220;middle&#8220; mobile_bg_img_hidden=&#8220;no&#8220; tablet_bg_img_hidden=&#8220;no&#8220; woodmart_parallax=&#8220;0&#8243; woodmart_gradient_switch=&#8220;no&#8220; row_reverse_mobile=&#8220;0&#8243; row_reverse_tablet=&#8220;0&#8243; woodmart_disable_overflow=&#8220;0&#8243;][vc_column width=&#8220;2\/3&#8243;][\/vc_column][vc_column width=&#8220;1\/3&#8243;][\/vc_column][\/vc_row]\" \/>\n<meta property=\"og:url\" content=\"https:\/\/lunos.sk\/public_html\/referencie\/hlbkova-obnova-p-horova-bratislava\/\" \/>\n<meta property=\"og:site_name\" content=\"Lunos Slovensko\" \/>\n<meta property=\"article:publisher\" content=\"https:\/\/www.facebook.com\/lunosslovensko\" \/>\n<meta property=\"article:modified_time\" content=\"2022-02-21T12:48:54+00:00\" \/>\n<meta name=\"twitter:card\" content=\"summary_large_image\" \/>\n<meta name=\"twitter:site\" content=\"@lunos_slovensko\" \/>\n<meta name=\"twitter:label1\" content=\"Predpokladan\u00fd \u010das \u010d\u00edtania\" \/>\n\t<meta name=\"twitter:data1\" content=\"1 min\u00fata\" \/>\n<script type=\"application\/ld+json\" class=\"yoast-schema-graph\">{\"@context\":\"https:\\\/\\\/schema.org\",\"@graph\":[{\"@type\":\"WebPage\",\"@id\":\"https:\\\/\\\/lunos.sk\\\/public_html\\\/referencie\\\/hlbkova-obnova-p-horova-bratislava\\\/\",\"url\":\"https:\\\/\\\/lunos.sk\\\/public_html\\\/referencie\\\/hlbkova-obnova-p-horova-bratislava\\\/\",\"name\":\"H\u013abkov\u00e1 obnova - P. Horova, Bratislava - Lunos Slovensko\",\"isPartOf\":{\"@id\":\"https:\\\/\\\/lunos.sk\\\/public_html\\\/#website\"},\"datePublished\":\"2021-11-23T07:58:49+00:00\",\"dateModified\":\"2022-02-21T12:48:54+00:00\",\"breadcrumb\":{\"@id\":\"https:\\\/\\\/lunos.sk\\\/public_html\\\/referencie\\\/hlbkova-obnova-p-horova-bratislava\\\/#breadcrumb\"},\"inLanguage\":\"sk-SK\",\"potentialAction\":[{\"@type\":\"ReadAction\",\"target\":[\"https:\\\/\\\/lunos.sk\\\/public_html\\\/referencie\\\/hlbkova-obnova-p-horova-bratislava\\\/\"]}]},{\"@type\":\"BreadcrumbList\",\"@id\":\"https:\\\/\\\/lunos.sk\\\/public_html\\\/referencie\\\/hlbkova-obnova-p-horova-bratislava\\\/#breadcrumb\",\"itemListElement\":[{\"@type\":\"ListItem\",\"position\":1,\"name\":\"Home\",\"item\":\"https:\\\/\\\/lunos.sk\\\/public_html\\\/\"},{\"@type\":\"ListItem\",\"position\":2,\"name\":\"Referencie\",\"item\":\"https:\\\/\\\/lunos.sk\\\/public_html\\\/referencie\\\/\"},{\"@type\":\"ListItem\",\"position\":3,\"name\":\"H\u013abkov\u00e1 obnova &#8211; P. Horova, Bratislava\"}]},{\"@type\":\"WebSite\",\"@id\":\"https:\\\/\\\/lunos.sk\\\/public_html\\\/#website\",\"url\":\"https:\\\/\\\/lunos.sk\\\/public_html\\\/\",\"name\":\"Lunos Slovensko\",\"description\":\"\",\"publisher\":{\"@id\":\"https:\\\/\\\/lunos.sk\\\/public_html\\\/#organization\"},\"potentialAction\":[{\"@type\":\"SearchAction\",\"target\":{\"@type\":\"EntryPoint\",\"urlTemplate\":\"https:\\\/\\\/lunos.sk\\\/public_html\\\/?s={search_term_string}\"},\"query-input\":{\"@type\":\"PropertyValueSpecification\",\"valueRequired\":true,\"valueName\":\"search_term_string\"}}],\"inLanguage\":\"sk-SK\"},{\"@type\":\"Organization\",\"@id\":\"https:\\\/\\\/lunos.sk\\\/public_html\\\/#organization\",\"name\":\"Lunos\",\"url\":\"https:\\\/\\\/lunos.sk\\\/public_html\\\/\",\"logo\":{\"@type\":\"ImageObject\",\"inLanguage\":\"sk-SK\",\"@id\":\"https:\\\/\\\/lunos.sk\\\/public_html\\\/#\\\/schema\\\/logo\\\/image\\\/\",\"url\":\"https:\\\/\\\/lunos.sk\\\/public_html\\\/wp-content\\\/uploads\\\/2021\\\/07\\\/logo-lunos.png\",\"contentUrl\":\"https:\\\/\\\/lunos.sk\\\/public_html\\\/wp-content\\\/uploads\\\/2021\\\/07\\\/logo-lunos.png\",\"width\":200,\"height\":101,\"caption\":\"Lunos\"},\"image\":{\"@id\":\"https:\\\/\\\/lunos.sk\\\/public_html\\\/#\\\/schema\\\/logo\\\/image\\\/\"},\"sameAs\":[\"https:\\\/\\\/www.facebook.com\\\/lunosslovensko\",\"https:\\\/\\\/x.com\\\/lunos_slovensko\"]}]}<\/script>\n<!-- \/ Yoast SEO plugin. -->","yoast_head_json":{"title":"H\u013abkov\u00e1 obnova - P. Horova, Bratislava - Lunos Slovensko","robots":{"index":"index","follow":"follow","max-snippet":"max-snippet:-1","max-image-preview":"max-image-preview:large","max-video-preview":"max-video-preview:-1"},"canonical":"https:\/\/lunos.sk\/public_html\/referencie\/hlbkova-obnova-p-horova-bratislava\/","og_locale":"sk_SK","og_type":"article","og_title":"H\u013abkov\u00e1 obnova - P. Horova, Bratislava - Lunos Slovensko","og_description":"[vc_row content_placement=&#8220;middle&#8220; mobile_bg_img_hidden=&#8220;no&#8220; tablet_bg_img_hidden=&#8220;no&#8220; woodmart_parallax=&#8220;0&#8243; woodmart_gradient_switch=&#8220;no&#8220; row_reverse_mobile=&#8220;0&#8243; row_reverse_tablet=&#8220;0&#8243; woodmart_disable_overflow=&#8220;0&#8243;][vc_column width=&#8220;2\/3&#8243;][\/vc_column][vc_column width=&#8220;1\/3&#8243;][\/vc_column][\/vc_row]","og_url":"https:\/\/lunos.sk\/public_html\/referencie\/hlbkova-obnova-p-horova-bratislava\/","og_site_name":"Lunos Slovensko","article_publisher":"https:\/\/www.facebook.com\/lunosslovensko","article_modified_time":"2022-02-21T12:48:54+00:00","twitter_card":"summary_large_image","twitter_site":"@lunos_slovensko","twitter_misc":{"Predpokladan\u00fd \u010das \u010d\u00edtania":"1 min\u00fata"},"schema":{"@context":"https:\/\/schema.org","@graph":[{"@type":"WebPage","@id":"https:\/\/lunos.sk\/public_html\/referencie\/hlbkova-obnova-p-horova-bratislava\/","url":"https:\/\/lunos.sk\/public_html\/referencie\/hlbkova-obnova-p-horova-bratislava\/","name":"H\u013abkov\u00e1 obnova - P. Horova, Bratislava - Lunos Slovensko","isPartOf":{"@id":"https:\/\/lunos.sk\/public_html\/#website"},"datePublished":"2021-11-23T07:58:49+00:00","dateModified":"2022-02-21T12:48:54+00:00","breadcrumb":{"@id":"https:\/\/lunos.sk\/public_html\/referencie\/hlbkova-obnova-p-horova-bratislava\/#breadcrumb"},"inLanguage":"sk-SK","potentialAction":[{"@type":"ReadAction","target":["https:\/\/lunos.sk\/public_html\/referencie\/hlbkova-obnova-p-horova-bratislava\/"]}]},{"@type":"BreadcrumbList","@id":"https:\/\/lunos.sk\/public_html\/referencie\/hlbkova-obnova-p-horova-bratislava\/#breadcrumb","itemListElement":[{"@type":"ListItem","position":1,"name":"Home","item":"https:\/\/lunos.sk\/public_html\/"},{"@type":"ListItem","position":2,"name":"Referencie","item":"https:\/\/lunos.sk\/public_html\/referencie\/"},{"@type":"ListItem","position":3,"name":"H\u013abkov\u00e1 obnova &#8211; P. Horova, Bratislava"}]},{"@type":"WebSite","@id":"https:\/\/lunos.sk\/public_html\/#website","url":"https:\/\/lunos.sk\/public_html\/","name":"Lunos Slovensko","description":"","publisher":{"@id":"https:\/\/lunos.sk\/public_html\/#organization"},"potentialAction":[{"@type":"SearchAction","target":{"@type":"EntryPoint","urlTemplate":"https:\/\/lunos.sk\/public_html\/?s={search_term_string}"},"query-input":{"@type":"PropertyValueSpecification","valueRequired":true,"valueName":"search_term_string"}}],"inLanguage":"sk-SK"},{"@type":"Organization","@id":"https:\/\/lunos.sk\/public_html\/#organization","name":"Lunos","url":"https:\/\/lunos.sk\/public_html\/","logo":{"@type":"ImageObject","inLanguage":"sk-SK","@id":"https:\/\/lunos.sk\/public_html\/#\/schema\/logo\/image\/","url":"https:\/\/lunos.sk\/public_html\/wp-content\/uploads\/2021\/07\/logo-lunos.png","contentUrl":"https:\/\/lunos.sk\/public_html\/wp-content\/uploads\/2021\/07\/logo-lunos.png","width":200,"height":101,"caption":"Lunos"},"image":{"@id":"https:\/\/lunos.sk\/public_html\/#\/schema\/logo\/image\/"},"sameAs":["https:\/\/www.facebook.com\/lunosslovensko","https:\/\/x.com\/lunos_slovensko"]}]}},"jetpack_sharing_enabled":true,"_links":{"self":[{"href":"https:\/\/lunos.sk\/public_html\/wp-json\/wp\/v2\/pages\/8222","targetHints":{"allow":["GET"]}}],"collection":[{"href":"https:\/\/lunos.sk\/public_html\/wp-json\/wp\/v2\/pages"}],"about":[{"href":"https:\/\/lunos.sk\/public_html\/wp-json\/wp\/v2\/types\/page"}],"author":[{"embeddable":true,"href":"https:\/\/lunos.sk\/public_html\/wp-json\/wp\/v2\/users\/1"}],"replies":[{"embeddable":true,"href":"https:\/\/lunos.sk\/public_html\/wp-json\/wp\/v2\/comments?post=8222"}],"version-history":[{"count":6,"href":"https:\/\/lunos.sk\/public_html\/wp-json\/wp\/v2\/pages\/8222\/revisions"}],"predecessor-version":[{"id":8699,"href":"https:\/\/lunos.sk\/public_html\/wp-json\/wp\/v2\/pages\/8222\/revisions\/8699"}],"up":[{"embeddable":true,"href":"https:\/\/lunos.sk\/public_html\/wp-json\/wp\/v2\/pages\/7871"}],"wp:attachment":[{"href":"https:\/\/lunos.sk\/public_html\/wp-json\/wp\/v2\/media?parent=8222"}],"curies":[{"name":"wp","href":"https:\/\/api.w.org\/{rel}","templated":true}]}}