{"id":7778,"date":"2021-09-29T12:53:11","date_gmt":"2021-09-29T10:53:11","guid":{"rendered":"https:\/\/lunos.sk\/public_html\/?post_type=product&#038;p=7778"},"modified":"2025-02-04T14:53:03","modified_gmt":"2025-02-04T13:53:03","slug":"9-mrd-neopurova-tvarnica-pre-tubusy-priemeru-160-mm","status":"publish","type":"product","link":"https:\/\/lunos.sk\/public_html\/produkt\/9-mrd-neopurova-tvarnica-pre-tubusy-priemeru-160-mm\/","title":{"rendered":"9\/MRD Neopurov\u00e1 tv\u00e1rnica pre tubusy priemeru 160 mm"},"content":{"rendered":"<div class=\"wpb-content-wrapper\"><p>[vc_row][vc_column]\t\t\t<div id=\"wd-67a21b49c189c\" class=\"wd-text-block-wrapper wd-wpb wd-rs-67a21b49c189c color-scheme- wd-width-100 text-left  popis-produktu\">\n\t\t\t\t<div class=\"woodmart-title-container woodmart-text-block reset-last-child font-text wd-font-weight- \">\n\t\t\t\t\tSyst\u00e9mov\u00e1 neopurov\u00e1 tv\u00e1rnica (poltehla) vhodn\u00e1\u00a0 pre vyhotovenie okr\u00fahleho otvoru priemeru 160 mm\u00a0 v obvodovej stene.<\/p>\n<h2>Neopurov\u00e1 tv\u00e1rnica a jej pou\u017eitie v stavebn\u00edctve<\/h2>\n<p>Jednoduch\u00e9 a r\u00fdchle vyhotovenie otvoru pre tubus 160 mm . U\u0161etr\u00edte si jadrov\u00e9 v\u0155tanie a zabezpe\u010d\u00edte si mont\u00e1\u017enu \u0161k\u00e1ru, ktor\u00fa je mo\u017en\u00e9 utesni\u0165 napr. mont\u00e1\u017enym trvalo elastick\u00fdm lepidlom. Najjednoduch\u0161\u00ed sp\u00f4sob, ako vytvori\u0165 presn\u00fd otvor a z\u00e1rove\u0148 obnovi\u0165 parotesn\u00fa rovinu pri stavb\u00e1ch\u00a0 z tv\u00e1rnicov\u00e9ho syst\u00e9mu (tehla, ytong, ipor \u2026). Toto syst\u00e9mov\u00e9 rie\u0161enie V\u00e1m u\u0161etr\u00ed ve\u013ea \u010dasu a nervov pri do\u0165ahovan\u00ed kon\u0161truk\u010dn\u00fdch detailov. Podmienenie je ich mo\u017eno pou\u017ei\u0165 aj do debnenia pre beton\u00e1\u017e.<\/p>\n<p>Tento produkt m\u00e1 rozmery 240 x 210 mm a d\u013a\u017eka je 500 mm. Po vynechan\u00ed tehly\/ tv\u00e1rnice sa zostatkov\u00e1 medzera po obvode vypln\u00ed PUR-penou.<\/p>\n<p>Tv\u00e1rnica u\u017e m\u00e1 vytvoren\u00fd potrebn\u00fd sp\u00e1d (interi\u00e9r \/ exteri\u00e9r). Dbajte preto na spr\u00e1vne umiestnenie tv\u00e1rnice tak, aby n\u00e1pis Innen\/oben bol umiestnen\u00fd na vn\u00fatornej \u010dasti obvodov\u00e9ho pl\u00e1\u0161\u0165a v hornej \u010dasti ( aby bol jasne \u010ditate\u013en\u00fd).<\/p>\n<p>Umiestnenie otvorov pre prieduchy a necentr\u00e1lne vetracie jednotky so sp\u00e4tn\u00fdm z\u00edskavan\u00edm tepla n\u00e1jdete v<a href=\"http:\/\/lunos.sk\/public_html\/wp-content\/uploads\/2018\/03\/Mont%C3%A1%C5%BE-otvorov-pre-SZT.pdf\">\u00a0tomto dokumente\u00a0<\/a>a pre prieduchy\u00a0<a href=\"http:\/\/lunos.sk\/public_html\/wp-content\/uploads\/2018\/03\/Mont%C3%A1%C5%BE-otvorov-pre-ALD.pdf\">tu<\/a>.\t\t\t\t<\/div>\n\n\t\t\t\t\t\t\t<\/div>\n\t\t[\/vc_column][\/vc_row]<\/p>\n<\/div>","protected":false},"excerpt":{"rendered":"<p>T\u00e1to EPS-tehla V\u00e1m pom\u00f4\u017ee \u013eahko a elegantne vytvori\u0165 u\u017e pri murovan\u00ed okr\u00fahly otvor so sp\u00e1dom v obvodovom m\u00fare. U\u0161etr\u00ed ve\u013ea \u010dasu a financi\u00ed pri obmnove parotesnej roviny a n\u00e1slednej mont\u00e1\u017ee zariaden\u00ed Syst\u00e9mu 160<\/p>\n","protected":false},"featured_media":7779,"template":"","meta":[],"product_brand":[],"product_cat":[74],"product_tag":[],"class_list":{"0":"post-7778","1":"product","2":"type-product","3":"status-publish","4":"has-post-thumbnail","6":"product_cat-prislusenstvo","8":"first","9":"instock","10":"shipping-taxable","11":"product-type-simple"},"yoast_head":"<!-- This site is optimized with the Yoast SEO plugin v27.5 - https:\/\/yoast.com\/product\/yoast-seo-wordpress\/ -->\n<title>9\/MRD Neopurov\u00e1 tv\u00e1rnica pre tubusy priemeru 160 mm - Lunos Slovensko<\/title>\n<meta name=\"robots\" content=\"index, follow, max-snippet:-1, max-image-preview:large, max-video-preview:-1\" \/>\n<link rel=\"canonical\" href=\"https:\/\/lunos.sk\/public_html\/produkt\/9-mrd-neopurova-tvarnica-pre-tubusy-priemeru-160-mm\/\" \/>\n<meta property=\"og:locale\" content=\"sk_SK\" \/>\n<meta property=\"og:type\" content=\"article\" \/>\n<meta property=\"og:title\" content=\"9\/MRD Neopurov\u00e1 tv\u00e1rnica pre tubusy priemeru 160 mm - Lunos Slovensko\" \/>\n<meta property=\"og:description\" content=\"T\u00e1to EPS-tehla V\u00e1m pom\u00f4\u017ee \u013eahko a elegantne vytvori\u0165 u\u017e pri murovan\u00ed okr\u00fahly otvor so sp\u00e1dom v obvodovom m\u00fare. U\u0161etr\u00ed ve\u013ea \u010dasu a financi\u00ed pri obmnove parotesnej roviny a n\u00e1slednej mont\u00e1\u017ee zariaden\u00ed Syst\u00e9mu 160\" \/>\n<meta property=\"og:url\" content=\"https:\/\/lunos.sk\/public_html\/produkt\/9-mrd-neopurova-tvarnica-pre-tubusy-priemeru-160-mm\/\" \/>\n<meta property=\"og:site_name\" content=\"Lunos Slovensko\" \/>\n<meta property=\"article:publisher\" content=\"https:\/\/www.facebook.com\/lunosslovensko\" \/>\n<meta property=\"article:modified_time\" content=\"2025-02-04T13:53:03+00:00\" \/>\n<meta property=\"og:image\" content=\"https:\/\/lunos.sk\/public_html\/wp-content\/uploads\/2021\/09\/9-MRD-2017-1.png\" \/>\n\t<meta property=\"og:image:width\" content=\"472\" \/>\n\t<meta property=\"og:image:height\" content=\"370\" \/>\n\t<meta property=\"og:image:type\" content=\"image\/png\" \/>\n<meta name=\"twitter:card\" content=\"summary_large_image\" \/>\n<meta name=\"twitter:site\" content=\"@lunos_slovensko\" \/>\n<meta name=\"twitter:label1\" content=\"Predpokladan\u00fd \u010das \u010d\u00edtania\" \/>\n\t<meta name=\"twitter:data1\" content=\"2 min\u00faty\" \/>\n<script type=\"application\/ld+json\" class=\"yoast-schema-graph\">{\"@context\":\"https:\\\/\\\/schema.org\",\"@graph\":[{\"@type\":\"WebPage\",\"@id\":\"https:\\\/\\\/lunos.sk\\\/public_html\\\/produkt\\\/9-mrd-neopurova-tvarnica-pre-tubusy-priemeru-160-mm\\\/\",\"url\":\"https:\\\/\\\/lunos.sk\\\/public_html\\\/produkt\\\/9-mrd-neopurova-tvarnica-pre-tubusy-priemeru-160-mm\\\/\",\"name\":\"9\\\/MRD Neopurov\u00e1 tv\u00e1rnica pre tubusy priemeru 160 mm - Lunos Slovensko\",\"isPartOf\":{\"@id\":\"https:\\\/\\\/lunos.sk\\\/public_html\\\/#website\"},\"primaryImageOfPage\":{\"@id\":\"https:\\\/\\\/lunos.sk\\\/public_html\\\/produkt\\\/9-mrd-neopurova-tvarnica-pre-tubusy-priemeru-160-mm\\\/#primaryimage\"},\"image\":{\"@id\":\"https:\\\/\\\/lunos.sk\\\/public_html\\\/produkt\\\/9-mrd-neopurova-tvarnica-pre-tubusy-priemeru-160-mm\\\/#primaryimage\"},\"thumbnailUrl\":\"https:\\\/\\\/lunos.sk\\\/public_html\\\/wp-content\\\/uploads\\\/2021\\\/09\\\/9-MRD-2017-1.png\",\"datePublished\":\"2021-09-29T10:53:11+00:00\",\"dateModified\":\"2025-02-04T13:53:03+00:00\",\"breadcrumb\":{\"@id\":\"https:\\\/\\\/lunos.sk\\\/public_html\\\/produkt\\\/9-mrd-neopurova-tvarnica-pre-tubusy-priemeru-160-mm\\\/#breadcrumb\"},\"inLanguage\":\"sk-SK\",\"potentialAction\":[{\"@type\":\"ReadAction\",\"target\":[\"https:\\\/\\\/lunos.sk\\\/public_html\\\/produkt\\\/9-mrd-neopurova-tvarnica-pre-tubusy-priemeru-160-mm\\\/\"]}]},{\"@type\":\"ImageObject\",\"inLanguage\":\"sk-SK\",\"@id\":\"https:\\\/\\\/lunos.sk\\\/public_html\\\/produkt\\\/9-mrd-neopurova-tvarnica-pre-tubusy-priemeru-160-mm\\\/#primaryimage\",\"url\":\"https:\\\/\\\/lunos.sk\\\/public_html\\\/wp-content\\\/uploads\\\/2021\\\/09\\\/9-MRD-2017-1.png\",\"contentUrl\":\"https:\\\/\\\/lunos.sk\\\/public_html\\\/wp-content\\\/uploads\\\/2021\\\/09\\\/9-MRD-2017-1.png\",\"width\":472,\"height\":370},{\"@type\":\"BreadcrumbList\",\"@id\":\"https:\\\/\\\/lunos.sk\\\/public_html\\\/produkt\\\/9-mrd-neopurova-tvarnica-pre-tubusy-priemeru-160-mm\\\/#breadcrumb\",\"itemListElement\":[{\"@type\":\"ListItem\",\"position\":1,\"name\":\"Home\",\"item\":\"https:\\\/\\\/lunos.sk\\\/public_html\\\/\"},{\"@type\":\"ListItem\",\"position\":2,\"name\":\"Produkty\",\"item\":\"https:\\\/\\\/lunos.sk\\\/public_html\\\/produkty\\\/\"},{\"@type\":\"ListItem\",\"position\":3,\"name\":\"9\\\/MRD Neopurov\u00e1 tv\u00e1rnica pre tubusy priemeru 160 mm\"}]},{\"@type\":\"WebSite\",\"@id\":\"https:\\\/\\\/lunos.sk\\\/public_html\\\/#website\",\"url\":\"https:\\\/\\\/lunos.sk\\\/public_html\\\/\",\"name\":\"Lunos Slovensko\",\"description\":\"\",\"publisher\":{\"@id\":\"https:\\\/\\\/lunos.sk\\\/public_html\\\/#organization\"},\"potentialAction\":[{\"@type\":\"SearchAction\",\"target\":{\"@type\":\"EntryPoint\",\"urlTemplate\":\"https:\\\/\\\/lunos.sk\\\/public_html\\\/?s={search_term_string}\"},\"query-input\":{\"@type\":\"PropertyValueSpecification\",\"valueRequired\":true,\"valueName\":\"search_term_string\"}}],\"inLanguage\":\"sk-SK\"},{\"@type\":\"Organization\",\"@id\":\"https:\\\/\\\/lunos.sk\\\/public_html\\\/#organization\",\"name\":\"Lunos\",\"url\":\"https:\\\/\\\/lunos.sk\\\/public_html\\\/\",\"logo\":{\"@type\":\"ImageObject\",\"inLanguage\":\"sk-SK\",\"@id\":\"https:\\\/\\\/lunos.sk\\\/public_html\\\/#\\\/schema\\\/logo\\\/image\\\/\",\"url\":\"https:\\\/\\\/lunos.sk\\\/public_html\\\/wp-content\\\/uploads\\\/2021\\\/07\\\/logo-lunos.png\",\"contentUrl\":\"https:\\\/\\\/lunos.sk\\\/public_html\\\/wp-content\\\/uploads\\\/2021\\\/07\\\/logo-lunos.png\",\"width\":200,\"height\":101,\"caption\":\"Lunos\"},\"image\":{\"@id\":\"https:\\\/\\\/lunos.sk\\\/public_html\\\/#\\\/schema\\\/logo\\\/image\\\/\"},\"sameAs\":[\"https:\\\/\\\/www.facebook.com\\\/lunosslovensko\",\"https:\\\/\\\/x.com\\\/lunos_slovensko\"]}]}<\/script>\n<!-- \/ Yoast SEO plugin. -->","yoast_head_json":{"title":"9\/MRD Neopurov\u00e1 tv\u00e1rnica pre tubusy priemeru 160 mm - Lunos Slovensko","robots":{"index":"index","follow":"follow","max-snippet":"max-snippet:-1","max-image-preview":"max-image-preview:large","max-video-preview":"max-video-preview:-1"},"canonical":"https:\/\/lunos.sk\/public_html\/produkt\/9-mrd-neopurova-tvarnica-pre-tubusy-priemeru-160-mm\/","og_locale":"sk_SK","og_type":"article","og_title":"9\/MRD Neopurov\u00e1 tv\u00e1rnica pre tubusy priemeru 160 mm - Lunos Slovensko","og_description":"T\u00e1to EPS-tehla V\u00e1m pom\u00f4\u017ee \u013eahko a elegantne vytvori\u0165 u\u017e pri murovan\u00ed okr\u00fahly otvor so sp\u00e1dom v obvodovom m\u00fare. U\u0161etr\u00ed ve\u013ea \u010dasu a financi\u00ed pri obmnove parotesnej roviny a n\u00e1slednej mont\u00e1\u017ee zariaden\u00ed Syst\u00e9mu 160","og_url":"https:\/\/lunos.sk\/public_html\/produkt\/9-mrd-neopurova-tvarnica-pre-tubusy-priemeru-160-mm\/","og_site_name":"Lunos Slovensko","article_publisher":"https:\/\/www.facebook.com\/lunosslovensko","article_modified_time":"2025-02-04T13:53:03+00:00","og_image":[{"width":472,"height":370,"url":"https:\/\/lunos.sk\/public_html\/wp-content\/uploads\/2021\/09\/9-MRD-2017-1.png","type":"image\/png"}],"twitter_card":"summary_large_image","twitter_site":"@lunos_slovensko","twitter_misc":{"Predpokladan\u00fd \u010das \u010d\u00edtania":"2 min\u00faty"},"schema":{"@context":"https:\/\/schema.org","@graph":[{"@type":"WebPage","@id":"https:\/\/lunos.sk\/public_html\/produkt\/9-mrd-neopurova-tvarnica-pre-tubusy-priemeru-160-mm\/","url":"https:\/\/lunos.sk\/public_html\/produkt\/9-mrd-neopurova-tvarnica-pre-tubusy-priemeru-160-mm\/","name":"9\/MRD Neopurov\u00e1 tv\u00e1rnica pre tubusy priemeru 160 mm - Lunos Slovensko","isPartOf":{"@id":"https:\/\/lunos.sk\/public_html\/#website"},"primaryImageOfPage":{"@id":"https:\/\/lunos.sk\/public_html\/produkt\/9-mrd-neopurova-tvarnica-pre-tubusy-priemeru-160-mm\/#primaryimage"},"image":{"@id":"https:\/\/lunos.sk\/public_html\/produkt\/9-mrd-neopurova-tvarnica-pre-tubusy-priemeru-160-mm\/#primaryimage"},"thumbnailUrl":"https:\/\/lunos.sk\/public_html\/wp-content\/uploads\/2021\/09\/9-MRD-2017-1.png","datePublished":"2021-09-29T10:53:11+00:00","dateModified":"2025-02-04T13:53:03+00:00","breadcrumb":{"@id":"https:\/\/lunos.sk\/public_html\/produkt\/9-mrd-neopurova-tvarnica-pre-tubusy-priemeru-160-mm\/#breadcrumb"},"inLanguage":"sk-SK","potentialAction":[{"@type":"ReadAction","target":["https:\/\/lunos.sk\/public_html\/produkt\/9-mrd-neopurova-tvarnica-pre-tubusy-priemeru-160-mm\/"]}]},{"@type":"ImageObject","inLanguage":"sk-SK","@id":"https:\/\/lunos.sk\/public_html\/produkt\/9-mrd-neopurova-tvarnica-pre-tubusy-priemeru-160-mm\/#primaryimage","url":"https:\/\/lunos.sk\/public_html\/wp-content\/uploads\/2021\/09\/9-MRD-2017-1.png","contentUrl":"https:\/\/lunos.sk\/public_html\/wp-content\/uploads\/2021\/09\/9-MRD-2017-1.png","width":472,"height":370},{"@type":"BreadcrumbList","@id":"https:\/\/lunos.sk\/public_html\/produkt\/9-mrd-neopurova-tvarnica-pre-tubusy-priemeru-160-mm\/#breadcrumb","itemListElement":[{"@type":"ListItem","position":1,"name":"Home","item":"https:\/\/lunos.sk\/public_html\/"},{"@type":"ListItem","position":2,"name":"Produkty","item":"https:\/\/lunos.sk\/public_html\/produkty\/"},{"@type":"ListItem","position":3,"name":"9\/MRD Neopurov\u00e1 tv\u00e1rnica pre tubusy priemeru 160 mm"}]},{"@type":"WebSite","@id":"https:\/\/lunos.sk\/public_html\/#website","url":"https:\/\/lunos.sk\/public_html\/","name":"Lunos Slovensko","description":"","publisher":{"@id":"https:\/\/lunos.sk\/public_html\/#organization"},"potentialAction":[{"@type":"SearchAction","target":{"@type":"EntryPoint","urlTemplate":"https:\/\/lunos.sk\/public_html\/?s={search_term_string}"},"query-input":{"@type":"PropertyValueSpecification","valueRequired":true,"valueName":"search_term_string"}}],"inLanguage":"sk-SK"},{"@type":"Organization","@id":"https:\/\/lunos.sk\/public_html\/#organization","name":"Lunos","url":"https:\/\/lunos.sk\/public_html\/","logo":{"@type":"ImageObject","inLanguage":"sk-SK","@id":"https:\/\/lunos.sk\/public_html\/#\/schema\/logo\/image\/","url":"https:\/\/lunos.sk\/public_html\/wp-content\/uploads\/2021\/07\/logo-lunos.png","contentUrl":"https:\/\/lunos.sk\/public_html\/wp-content\/uploads\/2021\/07\/logo-lunos.png","width":200,"height":101,"caption":"Lunos"},"image":{"@id":"https:\/\/lunos.sk\/public_html\/#\/schema\/logo\/image\/"},"sameAs":["https:\/\/www.facebook.com\/lunosslovensko","https:\/\/x.com\/lunos_slovensko"]}]}},"jetpack_sharing_enabled":true,"_links":{"self":[{"href":"https:\/\/lunos.sk\/public_html\/wp-json\/wp\/v2\/product\/7778","targetHints":{"allow":["GET"]}}],"collection":[{"href":"https:\/\/lunos.sk\/public_html\/wp-json\/wp\/v2\/product"}],"about":[{"href":"https:\/\/lunos.sk\/public_html\/wp-json\/wp\/v2\/types\/product"}],"version-history":[{"count":2,"href":"https:\/\/lunos.sk\/public_html\/wp-json\/wp\/v2\/product\/7778\/revisions"}],"predecessor-version":[{"id":8955,"href":"https:\/\/lunos.sk\/public_html\/wp-json\/wp\/v2\/product\/7778\/revisions\/8955"}],"wp:featuredmedia":[{"embeddable":true,"href":"https:\/\/lunos.sk\/public_html\/wp-json\/wp\/v2\/media\/7779"}],"wp:attachment":[{"href":"https:\/\/lunos.sk\/public_html\/wp-json\/wp\/v2\/media?parent=7778"}],"wp:term":[{"taxonomy":"product_brand","embeddable":true,"href":"https:\/\/lunos.sk\/public_html\/wp-json\/wp\/v2\/product_brand?post=7778"},{"taxonomy":"product_cat","embeddable":true,"href":"https:\/\/lunos.sk\/public_html\/wp-json\/wp\/v2\/product_cat?post=7778"},{"taxonomy":"product_tag","embeddable":true,"href":"https:\/\/lunos.sk\/public_html\/wp-json\/wp\/v2\/product_tag?post=7778"}],"curies":[{"name":"wp","href":"https:\/\/api.w.org\/{rel}","templated":true}]}}