{"id":7782,"date":"2021-09-29T15:12:53","date_gmt":"2021-09-29T13:12:53","guid":{"rendered":"https:\/\/lunos.sk\/public_html\/?post_type=product&#038;p=7782"},"modified":"2024-06-03T14:52:22","modified_gmt":"2024-06-03T12:52:22","slug":"ald-sv-vlozka-pre-prieduch-v-obvodovom-plasti","status":"publish","type":"product","link":"https:\/\/lunos.sk\/public_html\/produkt\/ald-sv-vlozka-pre-prieduch-v-obvodovom-plasti\/","title":{"rendered":"ALD-SV vlo\u017eka pre prieduch v obvodovom pl\u00e1\u0161ti"},"content":{"rendered":"<div class=\"wpb-content-wrapper\"><p>[vc_row][vc_column]\t\t\t<div id=\"wd-6204d1d29525f\" class=\"wd-text-block-wrapper wd-wpb wd-rs-6204d1d29525f color-scheme- wd-width-100 text-left  popis-produktu\">\n\t\t\t\t<div class=\"woodmart-title-container woodmart-text-block reset-last-child font-text wd-font-weight- \">\n\t\t\t\t\tALD-SV vlo\u017eka pre vyhotovenie prieduchu v obvodovom pl\u00e1\u0161ti do oblast\u00ed, kde nef\u00faka siln\u00fd vietor.<\/p>\n<p>Je to alternat\u00edva k prieduchu ALD. M\u00e1 vy\u0161\u0161\u00ed hlukov\u00fd \u00fatlm na \u00fakor gravita\u010dnej poistky proti ob\u0165a\u017eovaniu chladom.<\/p>\n<p>Pomocou obmedzova\u010da prietoku vzduchu \u00a0je mo\u017en\u00e9 nastavi\u0165 tri objemov\u00e9 prietoky.\u00a0V\u010faka tomu m\u00f4\u017eete v\u00e1\u0161 prieduch optim\u00e1lne a pohodlne nastavi\u0165 v zmysle pl\u00e1novania pre r\u00f4zne ve\u013ekosti miestnost\u00ed s r\u00f4znymi po\u017eiadavkami na \u010derstv\u00fd vzduch respekt\u00edve pre r\u00f4zny po\u010det prvkov.<\/p>\n<p>V boji s hlukom sa uk\u00e1zalo ako najefekt\u00edvnej\u0161ie pou\u017eitie navz\u00e1jom pooto\u010den\u00fdch hviezdicov\u00fdch tlmi\u010dov hluku.<\/p>\n<p>Balenie obsahuje 4 hviezdicov\u00e9 tlmi\u010de hluku, obmedzova\u010d objemov\u00e9ho prietoku, obnovite\u013en\u00fd filter triedy G2,<br \/>\nminim\u00e1lna d\u013a\u017eka tubusu: 240 mm\t\t\t\t<\/div>\n\n\t\t\t\t\t\t\t<\/div>\n\t\t[\/vc_column][\/vc_row]<\/p>\n<\/div>","protected":false},"excerpt":{"rendered":"[html_block id=\"8114\"]\n","protected":false},"featured_media":7783,"template":"","meta":[],"product_brand":[],"product_cat":[69,70],"product_tag":[],"class_list":{"0":"post-7782","1":"product","2":"type-product","3":"status-publish","4":"has-post-thumbnail","6":"product_cat-maximalny-hlukovy-utlm","7":"product_cat-prvky-pre-privod-vzduchu","9":"first","10":"instock","11":"shipping-taxable","12":"product-type-simple"},"yoast_head":"<!-- This site is optimized with the Yoast SEO plugin v27.4 - https:\/\/yoast.com\/product\/yoast-seo-wordpress\/ -->\n<title>ALD-SV vlo\u017eka pre prieduch v obvodovom pl\u00e1\u0161ti - Lunos Slovensko<\/title>\n<meta name=\"robots\" content=\"index, follow, max-snippet:-1, max-image-preview:large, max-video-preview:-1\" \/>\n<link rel=\"canonical\" href=\"https:\/\/lunos.sk\/public_html\/produkt\/ald-sv-vlozka-pre-prieduch-v-obvodovom-plasti\/\" \/>\n<meta property=\"og:locale\" content=\"sk_SK\" \/>\n<meta property=\"og:type\" content=\"article\" \/>\n<meta property=\"og:title\" content=\"ALD-SV vlo\u017eka pre prieduch v obvodovom pl\u00e1\u0161ti - Lunos Slovensko\" \/>\n<meta property=\"og:url\" content=\"https:\/\/lunos.sk\/public_html\/produkt\/ald-sv-vlozka-pre-prieduch-v-obvodovom-plasti\/\" \/>\n<meta property=\"og:site_name\" content=\"Lunos Slovensko\" \/>\n<meta property=\"article:publisher\" content=\"https:\/\/www.facebook.com\/lunosslovensko\" \/>\n<meta property=\"article:modified_time\" content=\"2024-06-03T12:52:22+00:00\" \/>\n<meta property=\"og:image\" content=\"https:\/\/lunos.sk\/public_html\/wp-content\/uploads\/2021\/09\/ald-sv-explo-197147b5.jpg\" \/>\n\t<meta property=\"og:image:width\" content=\"728\" \/>\n\t<meta property=\"og:image:height\" content=\"550\" \/>\n\t<meta property=\"og:image:type\" content=\"image\/jpeg\" \/>\n<meta name=\"twitter:card\" content=\"summary_large_image\" \/>\n<meta name=\"twitter:description\" content=\"[html_block id=&quot;8114&quot;]\" \/>\n<meta name=\"twitter:site\" content=\"@lunos_slovensko\" \/>\n<meta name=\"twitter:label1\" content=\"Predpokladan\u00fd \u010das \u010d\u00edtania\" \/>\n\t<meta name=\"twitter:data1\" content=\"1 min\u00fata\" \/>\n<script type=\"application\/ld+json\" class=\"yoast-schema-graph\">{\"@context\":\"https:\\\/\\\/schema.org\",\"@graph\":[{\"@type\":\"WebPage\",\"@id\":\"https:\\\/\\\/lunos.sk\\\/public_html\\\/produkt\\\/ald-sv-vlozka-pre-prieduch-v-obvodovom-plasti\\\/\",\"url\":\"https:\\\/\\\/lunos.sk\\\/public_html\\\/produkt\\\/ald-sv-vlozka-pre-prieduch-v-obvodovom-plasti\\\/\",\"name\":\"ALD-SV vlo\u017eka pre prieduch v obvodovom pl\u00e1\u0161ti - Lunos Slovensko\",\"isPartOf\":{\"@id\":\"https:\\\/\\\/lunos.sk\\\/public_html\\\/#website\"},\"primaryImageOfPage\":{\"@id\":\"https:\\\/\\\/lunos.sk\\\/public_html\\\/produkt\\\/ald-sv-vlozka-pre-prieduch-v-obvodovom-plasti\\\/#primaryimage\"},\"image\":{\"@id\":\"https:\\\/\\\/lunos.sk\\\/public_html\\\/produkt\\\/ald-sv-vlozka-pre-prieduch-v-obvodovom-plasti\\\/#primaryimage\"},\"thumbnailUrl\":\"https:\\\/\\\/lunos.sk\\\/public_html\\\/wp-content\\\/uploads\\\/2021\\\/09\\\/ald-sv-explo-197147b5.jpg\",\"datePublished\":\"2021-09-29T13:12:53+00:00\",\"dateModified\":\"2024-06-03T12:52:22+00:00\",\"breadcrumb\":{\"@id\":\"https:\\\/\\\/lunos.sk\\\/public_html\\\/produkt\\\/ald-sv-vlozka-pre-prieduch-v-obvodovom-plasti\\\/#breadcrumb\"},\"inLanguage\":\"sk-SK\",\"potentialAction\":[{\"@type\":\"ReadAction\",\"target\":[\"https:\\\/\\\/lunos.sk\\\/public_html\\\/produkt\\\/ald-sv-vlozka-pre-prieduch-v-obvodovom-plasti\\\/\"]}]},{\"@type\":\"ImageObject\",\"inLanguage\":\"sk-SK\",\"@id\":\"https:\\\/\\\/lunos.sk\\\/public_html\\\/produkt\\\/ald-sv-vlozka-pre-prieduch-v-obvodovom-plasti\\\/#primaryimage\",\"url\":\"https:\\\/\\\/lunos.sk\\\/public_html\\\/wp-content\\\/uploads\\\/2021\\\/09\\\/ald-sv-explo-197147b5.jpg\",\"contentUrl\":\"https:\\\/\\\/lunos.sk\\\/public_html\\\/wp-content\\\/uploads\\\/2021\\\/09\\\/ald-sv-explo-197147b5.jpg\",\"width\":728,\"height\":550},{\"@type\":\"BreadcrumbList\",\"@id\":\"https:\\\/\\\/lunos.sk\\\/public_html\\\/produkt\\\/ald-sv-vlozka-pre-prieduch-v-obvodovom-plasti\\\/#breadcrumb\",\"itemListElement\":[{\"@type\":\"ListItem\",\"position\":1,\"name\":\"Home\",\"item\":\"https:\\\/\\\/lunos.sk\\\/public_html\\\/\"},{\"@type\":\"ListItem\",\"position\":2,\"name\":\"Produkty\",\"item\":\"https:\\\/\\\/lunos.sk\\\/public_html\\\/produkty\\\/\"},{\"@type\":\"ListItem\",\"position\":3,\"name\":\"ALD-SV vlo\u017eka pre prieduch v obvodovom pl\u00e1\u0161ti\"}]},{\"@type\":\"WebSite\",\"@id\":\"https:\\\/\\\/lunos.sk\\\/public_html\\\/#website\",\"url\":\"https:\\\/\\\/lunos.sk\\\/public_html\\\/\",\"name\":\"Lunos Slovensko\",\"description\":\"\",\"publisher\":{\"@id\":\"https:\\\/\\\/lunos.sk\\\/public_html\\\/#organization\"},\"potentialAction\":[{\"@type\":\"SearchAction\",\"target\":{\"@type\":\"EntryPoint\",\"urlTemplate\":\"https:\\\/\\\/lunos.sk\\\/public_html\\\/?s={search_term_string}\"},\"query-input\":{\"@type\":\"PropertyValueSpecification\",\"valueRequired\":true,\"valueName\":\"search_term_string\"}}],\"inLanguage\":\"sk-SK\"},{\"@type\":\"Organization\",\"@id\":\"https:\\\/\\\/lunos.sk\\\/public_html\\\/#organization\",\"name\":\"Lunos\",\"url\":\"https:\\\/\\\/lunos.sk\\\/public_html\\\/\",\"logo\":{\"@type\":\"ImageObject\",\"inLanguage\":\"sk-SK\",\"@id\":\"https:\\\/\\\/lunos.sk\\\/public_html\\\/#\\\/schema\\\/logo\\\/image\\\/\",\"url\":\"https:\\\/\\\/lunos.sk\\\/public_html\\\/wp-content\\\/uploads\\\/2021\\\/07\\\/logo-lunos.png\",\"contentUrl\":\"https:\\\/\\\/lunos.sk\\\/public_html\\\/wp-content\\\/uploads\\\/2021\\\/07\\\/logo-lunos.png\",\"width\":200,\"height\":101,\"caption\":\"Lunos\"},\"image\":{\"@id\":\"https:\\\/\\\/lunos.sk\\\/public_html\\\/#\\\/schema\\\/logo\\\/image\\\/\"},\"sameAs\":[\"https:\\\/\\\/www.facebook.com\\\/lunosslovensko\",\"https:\\\/\\\/x.com\\\/lunos_slovensko\"]}]}<\/script>\n<!-- \/ Yoast SEO plugin. -->","yoast_head_json":{"title":"ALD-SV vlo\u017eka pre prieduch v obvodovom pl\u00e1\u0161ti - Lunos Slovensko","robots":{"index":"index","follow":"follow","max-snippet":"max-snippet:-1","max-image-preview":"max-image-preview:large","max-video-preview":"max-video-preview:-1"},"canonical":"https:\/\/lunos.sk\/public_html\/produkt\/ald-sv-vlozka-pre-prieduch-v-obvodovom-plasti\/","og_locale":"sk_SK","og_type":"article","og_title":"ALD-SV vlo\u017eka pre prieduch v obvodovom pl\u00e1\u0161ti - Lunos Slovensko","og_url":"https:\/\/lunos.sk\/public_html\/produkt\/ald-sv-vlozka-pre-prieduch-v-obvodovom-plasti\/","og_site_name":"Lunos Slovensko","article_publisher":"https:\/\/www.facebook.com\/lunosslovensko","article_modified_time":"2024-06-03T12:52:22+00:00","og_image":[{"width":728,"height":550,"url":"https:\/\/lunos.sk\/public_html\/wp-content\/uploads\/2021\/09\/ald-sv-explo-197147b5.jpg","type":"image\/jpeg"}],"twitter_card":"summary_large_image","twitter_description":"[html_block id=\"8114\"]","twitter_site":"@lunos_slovensko","twitter_misc":{"Predpokladan\u00fd \u010das \u010d\u00edtania":"1 min\u00fata"},"schema":{"@context":"https:\/\/schema.org","@graph":[{"@type":"WebPage","@id":"https:\/\/lunos.sk\/public_html\/produkt\/ald-sv-vlozka-pre-prieduch-v-obvodovom-plasti\/","url":"https:\/\/lunos.sk\/public_html\/produkt\/ald-sv-vlozka-pre-prieduch-v-obvodovom-plasti\/","name":"ALD-SV vlo\u017eka pre prieduch v obvodovom pl\u00e1\u0161ti - Lunos Slovensko","isPartOf":{"@id":"https:\/\/lunos.sk\/public_html\/#website"},"primaryImageOfPage":{"@id":"https:\/\/lunos.sk\/public_html\/produkt\/ald-sv-vlozka-pre-prieduch-v-obvodovom-plasti\/#primaryimage"},"image":{"@id":"https:\/\/lunos.sk\/public_html\/produkt\/ald-sv-vlozka-pre-prieduch-v-obvodovom-plasti\/#primaryimage"},"thumbnailUrl":"https:\/\/lunos.sk\/public_html\/wp-content\/uploads\/2021\/09\/ald-sv-explo-197147b5.jpg","datePublished":"2021-09-29T13:12:53+00:00","dateModified":"2024-06-03T12:52:22+00:00","breadcrumb":{"@id":"https:\/\/lunos.sk\/public_html\/produkt\/ald-sv-vlozka-pre-prieduch-v-obvodovom-plasti\/#breadcrumb"},"inLanguage":"sk-SK","potentialAction":[{"@type":"ReadAction","target":["https:\/\/lunos.sk\/public_html\/produkt\/ald-sv-vlozka-pre-prieduch-v-obvodovom-plasti\/"]}]},{"@type":"ImageObject","inLanguage":"sk-SK","@id":"https:\/\/lunos.sk\/public_html\/produkt\/ald-sv-vlozka-pre-prieduch-v-obvodovom-plasti\/#primaryimage","url":"https:\/\/lunos.sk\/public_html\/wp-content\/uploads\/2021\/09\/ald-sv-explo-197147b5.jpg","contentUrl":"https:\/\/lunos.sk\/public_html\/wp-content\/uploads\/2021\/09\/ald-sv-explo-197147b5.jpg","width":728,"height":550},{"@type":"BreadcrumbList","@id":"https:\/\/lunos.sk\/public_html\/produkt\/ald-sv-vlozka-pre-prieduch-v-obvodovom-plasti\/#breadcrumb","itemListElement":[{"@type":"ListItem","position":1,"name":"Home","item":"https:\/\/lunos.sk\/public_html\/"},{"@type":"ListItem","position":2,"name":"Produkty","item":"https:\/\/lunos.sk\/public_html\/produkty\/"},{"@type":"ListItem","position":3,"name":"ALD-SV vlo\u017eka pre prieduch v obvodovom pl\u00e1\u0161ti"}]},{"@type":"WebSite","@id":"https:\/\/lunos.sk\/public_html\/#website","url":"https:\/\/lunos.sk\/public_html\/","name":"Lunos Slovensko","description":"","publisher":{"@id":"https:\/\/lunos.sk\/public_html\/#organization"},"potentialAction":[{"@type":"SearchAction","target":{"@type":"EntryPoint","urlTemplate":"https:\/\/lunos.sk\/public_html\/?s={search_term_string}"},"query-input":{"@type":"PropertyValueSpecification","valueRequired":true,"valueName":"search_term_string"}}],"inLanguage":"sk-SK"},{"@type":"Organization","@id":"https:\/\/lunos.sk\/public_html\/#organization","name":"Lunos","url":"https:\/\/lunos.sk\/public_html\/","logo":{"@type":"ImageObject","inLanguage":"sk-SK","@id":"https:\/\/lunos.sk\/public_html\/#\/schema\/logo\/image\/","url":"https:\/\/lunos.sk\/public_html\/wp-content\/uploads\/2021\/07\/logo-lunos.png","contentUrl":"https:\/\/lunos.sk\/public_html\/wp-content\/uploads\/2021\/07\/logo-lunos.png","width":200,"height":101,"caption":"Lunos"},"image":{"@id":"https:\/\/lunos.sk\/public_html\/#\/schema\/logo\/image\/"},"sameAs":["https:\/\/www.facebook.com\/lunosslovensko","https:\/\/x.com\/lunos_slovensko"]}]}},"jetpack_sharing_enabled":true,"_links":{"self":[{"href":"https:\/\/lunos.sk\/public_html\/wp-json\/wp\/v2\/product\/7782","targetHints":{"allow":["GET"]}}],"collection":[{"href":"https:\/\/lunos.sk\/public_html\/wp-json\/wp\/v2\/product"}],"about":[{"href":"https:\/\/lunos.sk\/public_html\/wp-json\/wp\/v2\/types\/product"}],"version-history":[{"count":1,"href":"https:\/\/lunos.sk\/public_html\/wp-json\/wp\/v2\/product\/7782\/revisions"}],"predecessor-version":[{"id":8116,"href":"https:\/\/lunos.sk\/public_html\/wp-json\/wp\/v2\/product\/7782\/revisions\/8116"}],"wp:featuredmedia":[{"embeddable":true,"href":"https:\/\/lunos.sk\/public_html\/wp-json\/wp\/v2\/media\/7783"}],"wp:attachment":[{"href":"https:\/\/lunos.sk\/public_html\/wp-json\/wp\/v2\/media?parent=7782"}],"wp:term":[{"taxonomy":"product_brand","embeddable":true,"href":"https:\/\/lunos.sk\/public_html\/wp-json\/wp\/v2\/product_brand?post=7782"},{"taxonomy":"product_cat","embeddable":true,"href":"https:\/\/lunos.sk\/public_html\/wp-json\/wp\/v2\/product_cat?post=7782"},{"taxonomy":"product_tag","embeddable":true,"href":"https:\/\/lunos.sk\/public_html\/wp-json\/wp\/v2\/product_tag?post=7782"}],"curies":[{"name":"wp","href":"https:\/\/api.w.org\/{rel}","templated":true}]}}