{"id":7788,"date":"2021-09-29T15:16:49","date_gmt":"2021-09-29T13:16:49","guid":{"rendered":"https:\/\/lunos.sk\/public_html\/?post_type=product&#038;p=7788"},"modified":"2024-06-13T14:51:52","modified_gmt":"2024-06-13T12:51:52","slug":"e%c2%b260","status":"publish","type":"product","link":"https:\/\/lunos.sk\/public_html\/produkt\/e%c2%b260\/","title":{"rendered":"e\u00b260"},"content":{"rendered":"<div class=\"wpb-content-wrapper\"><p>[vc_row][vc_column]\t\t\t<div id=\"wd-6204d1bd6e5b5\" class=\"wd-text-block-wrapper wd-wpb wd-rs-6204d1bd6e5b5 color-scheme- wd-width-100 text-left  popis-produktu\">\n\t\t\t\t<div class=\"woodmart-title-container woodmart-text-block reset-last-child font-primary wd-font-weight- \">\n\t\t\t\t\t<strong>S\u00e9ria e\u00b2<\/strong><\/p>\n<p style=\"text-align: justify;\">Pr\u00edstroj e\u00b260 je jedn\u00fdm z najmen\u0161\u00edch necentr\u00e1lnych ventil\u00e1torov zo sp\u00e4tn\u00fdm z\u00edskavan\u00edm tepla pre vetranie dom\u00e1cnost\u00ed. V\u010faka vysokej stabilite tlaku zabezpe\u010duje kon\u0161tantn\u00fd objemov\u00fd prietok aj v oblastiach s ve\u013emi ve\u013ek\u00fdm za\u0165a\u017een\u00edm vetern\u00fdmi podmienkami, t. j. napr. vo vysok\u00fdch nadmorsk\u00fdch v\u00fd\u0161kach.<\/p>\n<p style=\"text-align: justify;\">So \u0161tandardn\u00fdm rozdielom hladiny hluku a\u017e 67 dB dosahuje \u0161pi\u010dkov\u00e9 hodnoty hlukov\u00e9ho \u00fatlmu. V\u0161etky hodnoty hluku n\u00e1jdete v katal\u00f3gu Ochrana proti hluku 2021.<\/p>\n<p style=\"text-align: justify;\">V\u0161etky v\u00fdrobky s\u00e9rie e\u00b2 disponuj\u00fa funkciou <strong>letn\u00e9ho re\u017eimu.<\/strong> Letn\u00fd re\u017eim sa aktivuje ve\u010der, ke\u010f sa vonku ochlad\u00ed. Zariadenie po\u010das noci nas\u00e1va a distribuuje pr\u00edjemne chladn\u00fd vzduch do va\u0161ej dom\u00e1cnosti, ktor\u00fd v nej zost\u00e1va po\u010das cel\u00e9ho d\u0148a. T\u00fdm sa v\u00e1\u0161 domov st\u00e1va v letn\u00fdch hor\u00facich d\u0148och chladn\u00fdm \u00fato\u010diskom, kde sa c\u00edtite pr\u00edjemne.<\/p>\n<p style=\"text-align: justify;\"><strong>Mont\u00e1\u017e<\/strong><\/p>\n<p style=\"text-align: justify;\">e\u00b260 je mo\u017en\u00e9 pou\u017ei\u0165 v akomko\u013evek prostred\u00ed e\u00b2, preto\u017ee je mo\u017en\u00e9 pou\u017ei\u0165 rovnak\u00e9 mrie\u017eky, vonkaj\u0161ie kryty, vn\u00fatorn\u00e9 panely a ovl\u00e1dacie prvky. R\u00fdchle dodato\u010dn\u00e9 vybavenie je mo\u017en\u00e9 kedyko\u013evek. Stiahnite si <a href=\"https:\/\/lunos.sk\/public_html\/wp-content\/uploads\/2021\/01\/e2_60_Letak.pdf\">technick\u00fd d\u00e1tov\u00fd list <\/a>tohto mimoriadne efekt\u00edvneho pr\u00edstroja e<sup>2<\/sup>60 ur\u010den\u00e9ho pre vetranie so sp\u00e4tn\u00fdm z\u00edskavan\u00edm tepla.<\/p>\n<p>\t\t\t\t<\/div>\n\n\t\t\t\t\t\t\t<\/div>\n\t\t[\/vc_column][\/vc_row]<\/p>\n<\/div>","protected":false},"excerpt":{"rendered":"<p><img decoding=\"async\" class=\"alignnone size-medium wp-image-8001\" src=\"https:\/\/lunos.sk\/public_html\/wp-content\/uploads\/2021\/11\/e\u00b260-0bc02b73.jpg\" alt=\"\" width=\"148\" height=\"300\" \/><\/p>\n[html_block id=\"8097\"]\n","protected":false},"featured_media":7952,"template":"","meta":[],"product_brand":[],"product_cat":[69,68],"product_tag":[],"class_list":{"0":"post-7788","1":"product","2":"type-product","3":"status-publish","4":"has-post-thumbnail","6":"product_cat-maximalny-hlukovy-utlm","7":"product_cat-vetranie-so-spatnym-ziskavanim-tepla","9":"first","10":"instock","11":"shipping-taxable","12":"product-type-simple"},"yoast_head":"<!-- This site is optimized with the Yoast SEO plugin v27.4 - https:\/\/yoast.com\/product\/yoast-seo-wordpress\/ -->\n<title>e\u00b260 - Lunos Slovensko<\/title>\n<meta name=\"robots\" content=\"index, follow, max-snippet:-1, max-image-preview:large, max-video-preview:-1\" \/>\n<link rel=\"canonical\" href=\"https:\/\/lunos.sk\/public_html\/produkt\/e\u00b260\/\" \/>\n<meta property=\"og:locale\" content=\"sk_SK\" \/>\n<meta property=\"og:type\" content=\"article\" \/>\n<meta property=\"og:title\" content=\"e\u00b260 - Lunos Slovensko\" \/>\n<meta property=\"og:url\" content=\"https:\/\/lunos.sk\/public_html\/produkt\/e\u00b260\/\" \/>\n<meta property=\"og:site_name\" content=\"Lunos Slovensko\" \/>\n<meta property=\"article:publisher\" content=\"https:\/\/www.facebook.com\/lunosslovensko\" \/>\n<meta property=\"article:modified_time\" content=\"2024-06-13T12:51:52+00:00\" \/>\n<meta property=\"og:image\" content=\"https:\/\/lunos.sk\/public_html\/wp-content\/uploads\/2021\/09\/e260-8af948bc.jpg\" \/>\n\t<meta property=\"og:image:width\" content=\"320\" \/>\n\t<meta property=\"og:image:height\" content=\"207\" \/>\n\t<meta property=\"og:image:type\" content=\"image\/jpeg\" \/>\n<meta name=\"twitter:card\" content=\"summary_large_image\" \/>\n<meta name=\"twitter:description\" content=\"[html_block id=&quot;8097&quot;]\" \/>\n<meta name=\"twitter:site\" content=\"@lunos_slovensko\" \/>\n<meta name=\"twitter:label1\" content=\"Predpokladan\u00fd \u010das \u010d\u00edtania\" \/>\n\t<meta name=\"twitter:data1\" content=\"2 min\u00faty\" \/>\n<script type=\"application\/ld+json\" class=\"yoast-schema-graph\">{\"@context\":\"https:\\\/\\\/schema.org\",\"@graph\":[{\"@type\":\"WebPage\",\"@id\":\"https:\\\/\\\/lunos.sk\\\/public_html\\\/produkt\\\/e%c2%b260\\\/\",\"url\":\"https:\\\/\\\/lunos.sk\\\/public_html\\\/produkt\\\/e%c2%b260\\\/\",\"name\":\"e\u00b260 - Lunos Slovensko\",\"isPartOf\":{\"@id\":\"https:\\\/\\\/lunos.sk\\\/public_html\\\/#website\"},\"primaryImageOfPage\":{\"@id\":\"https:\\\/\\\/lunos.sk\\\/public_html\\\/produkt\\\/e%c2%b260\\\/#primaryimage\"},\"image\":{\"@id\":\"https:\\\/\\\/lunos.sk\\\/public_html\\\/produkt\\\/e%c2%b260\\\/#primaryimage\"},\"thumbnailUrl\":\"https:\\\/\\\/lunos.sk\\\/public_html\\\/wp-content\\\/uploads\\\/2021\\\/09\\\/e260-8af948bc.jpg\",\"datePublished\":\"2021-09-29T13:16:49+00:00\",\"dateModified\":\"2024-06-13T12:51:52+00:00\",\"breadcrumb\":{\"@id\":\"https:\\\/\\\/lunos.sk\\\/public_html\\\/produkt\\\/e%c2%b260\\\/#breadcrumb\"},\"inLanguage\":\"sk-SK\",\"potentialAction\":[{\"@type\":\"ReadAction\",\"target\":[\"https:\\\/\\\/lunos.sk\\\/public_html\\\/produkt\\\/e%c2%b260\\\/\"]}]},{\"@type\":\"ImageObject\",\"inLanguage\":\"sk-SK\",\"@id\":\"https:\\\/\\\/lunos.sk\\\/public_html\\\/produkt\\\/e%c2%b260\\\/#primaryimage\",\"url\":\"https:\\\/\\\/lunos.sk\\\/public_html\\\/wp-content\\\/uploads\\\/2021\\\/09\\\/e260-8af948bc.jpg\",\"contentUrl\":\"https:\\\/\\\/lunos.sk\\\/public_html\\\/wp-content\\\/uploads\\\/2021\\\/09\\\/e260-8af948bc.jpg\",\"width\":320,\"height\":207},{\"@type\":\"BreadcrumbList\",\"@id\":\"https:\\\/\\\/lunos.sk\\\/public_html\\\/produkt\\\/e%c2%b260\\\/#breadcrumb\",\"itemListElement\":[{\"@type\":\"ListItem\",\"position\":1,\"name\":\"Home\",\"item\":\"https:\\\/\\\/lunos.sk\\\/public_html\\\/\"},{\"@type\":\"ListItem\",\"position\":2,\"name\":\"Produkty\",\"item\":\"https:\\\/\\\/lunos.sk\\\/public_html\\\/produkty\\\/\"},{\"@type\":\"ListItem\",\"position\":3,\"name\":\"e\u00b260\"}]},{\"@type\":\"WebSite\",\"@id\":\"https:\\\/\\\/lunos.sk\\\/public_html\\\/#website\",\"url\":\"https:\\\/\\\/lunos.sk\\\/public_html\\\/\",\"name\":\"Lunos Slovensko\",\"description\":\"\",\"publisher\":{\"@id\":\"https:\\\/\\\/lunos.sk\\\/public_html\\\/#organization\"},\"potentialAction\":[{\"@type\":\"SearchAction\",\"target\":{\"@type\":\"EntryPoint\",\"urlTemplate\":\"https:\\\/\\\/lunos.sk\\\/public_html\\\/?s={search_term_string}\"},\"query-input\":{\"@type\":\"PropertyValueSpecification\",\"valueRequired\":true,\"valueName\":\"search_term_string\"}}],\"inLanguage\":\"sk-SK\"},{\"@type\":\"Organization\",\"@id\":\"https:\\\/\\\/lunos.sk\\\/public_html\\\/#organization\",\"name\":\"Lunos\",\"url\":\"https:\\\/\\\/lunos.sk\\\/public_html\\\/\",\"logo\":{\"@type\":\"ImageObject\",\"inLanguage\":\"sk-SK\",\"@id\":\"https:\\\/\\\/lunos.sk\\\/public_html\\\/#\\\/schema\\\/logo\\\/image\\\/\",\"url\":\"https:\\\/\\\/lunos.sk\\\/public_html\\\/wp-content\\\/uploads\\\/2021\\\/07\\\/logo-lunos.png\",\"contentUrl\":\"https:\\\/\\\/lunos.sk\\\/public_html\\\/wp-content\\\/uploads\\\/2021\\\/07\\\/logo-lunos.png\",\"width\":200,\"height\":101,\"caption\":\"Lunos\"},\"image\":{\"@id\":\"https:\\\/\\\/lunos.sk\\\/public_html\\\/#\\\/schema\\\/logo\\\/image\\\/\"},\"sameAs\":[\"https:\\\/\\\/www.facebook.com\\\/lunosslovensko\",\"https:\\\/\\\/x.com\\\/lunos_slovensko\"]}]}<\/script>\n<!-- \/ Yoast SEO plugin. -->","yoast_head_json":{"title":"e\u00b260 - Lunos Slovensko","robots":{"index":"index","follow":"follow","max-snippet":"max-snippet:-1","max-image-preview":"max-image-preview:large","max-video-preview":"max-video-preview:-1"},"canonical":"https:\/\/lunos.sk\/public_html\/produkt\/e\u00b260\/","og_locale":"sk_SK","og_type":"article","og_title":"e\u00b260 - Lunos Slovensko","og_url":"https:\/\/lunos.sk\/public_html\/produkt\/e\u00b260\/","og_site_name":"Lunos Slovensko","article_publisher":"https:\/\/www.facebook.com\/lunosslovensko","article_modified_time":"2024-06-13T12:51:52+00:00","og_image":[{"width":320,"height":207,"url":"https:\/\/lunos.sk\/public_html\/wp-content\/uploads\/2021\/09\/e260-8af948bc.jpg","type":"image\/jpeg"}],"twitter_card":"summary_large_image","twitter_description":"[html_block id=\"8097\"]","twitter_site":"@lunos_slovensko","twitter_misc":{"Predpokladan\u00fd \u010das \u010d\u00edtania":"2 min\u00faty"},"schema":{"@context":"https:\/\/schema.org","@graph":[{"@type":"WebPage","@id":"https:\/\/lunos.sk\/public_html\/produkt\/e%c2%b260\/","url":"https:\/\/lunos.sk\/public_html\/produkt\/e%c2%b260\/","name":"e\u00b260 - Lunos Slovensko","isPartOf":{"@id":"https:\/\/lunos.sk\/public_html\/#website"},"primaryImageOfPage":{"@id":"https:\/\/lunos.sk\/public_html\/produkt\/e%c2%b260\/#primaryimage"},"image":{"@id":"https:\/\/lunos.sk\/public_html\/produkt\/e%c2%b260\/#primaryimage"},"thumbnailUrl":"https:\/\/lunos.sk\/public_html\/wp-content\/uploads\/2021\/09\/e260-8af948bc.jpg","datePublished":"2021-09-29T13:16:49+00:00","dateModified":"2024-06-13T12:51:52+00:00","breadcrumb":{"@id":"https:\/\/lunos.sk\/public_html\/produkt\/e%c2%b260\/#breadcrumb"},"inLanguage":"sk-SK","potentialAction":[{"@type":"ReadAction","target":["https:\/\/lunos.sk\/public_html\/produkt\/e%c2%b260\/"]}]},{"@type":"ImageObject","inLanguage":"sk-SK","@id":"https:\/\/lunos.sk\/public_html\/produkt\/e%c2%b260\/#primaryimage","url":"https:\/\/lunos.sk\/public_html\/wp-content\/uploads\/2021\/09\/e260-8af948bc.jpg","contentUrl":"https:\/\/lunos.sk\/public_html\/wp-content\/uploads\/2021\/09\/e260-8af948bc.jpg","width":320,"height":207},{"@type":"BreadcrumbList","@id":"https:\/\/lunos.sk\/public_html\/produkt\/e%c2%b260\/#breadcrumb","itemListElement":[{"@type":"ListItem","position":1,"name":"Home","item":"https:\/\/lunos.sk\/public_html\/"},{"@type":"ListItem","position":2,"name":"Produkty","item":"https:\/\/lunos.sk\/public_html\/produkty\/"},{"@type":"ListItem","position":3,"name":"e\u00b260"}]},{"@type":"WebSite","@id":"https:\/\/lunos.sk\/public_html\/#website","url":"https:\/\/lunos.sk\/public_html\/","name":"Lunos Slovensko","description":"","publisher":{"@id":"https:\/\/lunos.sk\/public_html\/#organization"},"potentialAction":[{"@type":"SearchAction","target":{"@type":"EntryPoint","urlTemplate":"https:\/\/lunos.sk\/public_html\/?s={search_term_string}"},"query-input":{"@type":"PropertyValueSpecification","valueRequired":true,"valueName":"search_term_string"}}],"inLanguage":"sk-SK"},{"@type":"Organization","@id":"https:\/\/lunos.sk\/public_html\/#organization","name":"Lunos","url":"https:\/\/lunos.sk\/public_html\/","logo":{"@type":"ImageObject","inLanguage":"sk-SK","@id":"https:\/\/lunos.sk\/public_html\/#\/schema\/logo\/image\/","url":"https:\/\/lunos.sk\/public_html\/wp-content\/uploads\/2021\/07\/logo-lunos.png","contentUrl":"https:\/\/lunos.sk\/public_html\/wp-content\/uploads\/2021\/07\/logo-lunos.png","width":200,"height":101,"caption":"Lunos"},"image":{"@id":"https:\/\/lunos.sk\/public_html\/#\/schema\/logo\/image\/"},"sameAs":["https:\/\/www.facebook.com\/lunosslovensko","https:\/\/x.com\/lunos_slovensko"]}]}},"jetpack_sharing_enabled":true,"_links":{"self":[{"href":"https:\/\/lunos.sk\/public_html\/wp-json\/wp\/v2\/product\/7788","targetHints":{"allow":["GET"]}}],"collection":[{"href":"https:\/\/lunos.sk\/public_html\/wp-json\/wp\/v2\/product"}],"about":[{"href":"https:\/\/lunos.sk\/public_html\/wp-json\/wp\/v2\/types\/product"}],"version-history":[{"count":2,"href":"https:\/\/lunos.sk\/public_html\/wp-json\/wp\/v2\/product\/7788\/revisions"}],"predecessor-version":[{"id":8594,"href":"https:\/\/lunos.sk\/public_html\/wp-json\/wp\/v2\/product\/7788\/revisions\/8594"}],"wp:featuredmedia":[{"embeddable":true,"href":"https:\/\/lunos.sk\/public_html\/wp-json\/wp\/v2\/media\/7952"}],"wp:attachment":[{"href":"https:\/\/lunos.sk\/public_html\/wp-json\/wp\/v2\/media?parent=7788"}],"wp:term":[{"taxonomy":"product_brand","embeddable":true,"href":"https:\/\/lunos.sk\/public_html\/wp-json\/wp\/v2\/product_brand?post=7788"},{"taxonomy":"product_cat","embeddable":true,"href":"https:\/\/lunos.sk\/public_html\/wp-json\/wp\/v2\/product_cat?post=7788"},{"taxonomy":"product_tag","embeddable":true,"href":"https:\/\/lunos.sk\/public_html\/wp-json\/wp\/v2\/product_tag?post=7788"}],"curies":[{"name":"wp","href":"https:\/\/api.w.org\/{rel}","templated":true}]}}