{"id":7803,"date":"2021-09-29T15:30:48","date_gmt":"2021-09-29T13:30:48","guid":{"rendered":"https:\/\/lunos.sk\/public_html\/?post_type=product&#038;p=7803"},"modified":"2024-06-13T14:51:21","modified_gmt":"2024-06-13T12:51:21","slug":"lunomat","status":"publish","type":"product","link":"https:\/\/lunos.sk\/public_html\/produkt\/lunomat\/","title":{"rendered":"LUNOMAT"},"content":{"rendered":"<div class=\"wpb-content-wrapper\"><p>[vc_row][vc_column]\t\t\t<div id=\"wd-6204d1872835f\" class=\"wd-text-block-wrapper wd-wpb wd-rs-6204d1872835f color-scheme- wd-width-100 text-left  popis-produktu\">\n\t\t\t\t<div class=\"woodmart-title-container woodmart-text-block reset-last-child font-text wd-font-weight- \">\n\t\t\t\t\t<\/p>\n<p style=\"text-align: justify;\">Prv\u00e9 centr\u00e1lne zariadenie pre dom\u00e1cnos\u0165 s certifik\u00e1tom pas\u00edvneho domu od LUNOS. Vhodn\u00e9 na pou\u017eitie v obytn\u00fdch priestoroch\u00a0 a zariadeniach podobn\u00e9ho charakteru ako s\u00fa ordin\u00e1cie, \u0161koly, \u0161k\u00f4lky, kancel\u00e1rske priestory a pod.<\/p>\n<p style=\"text-align: justify;\">Tlakovo odoln\u00e9 a vysoko\u00fa\u010dinn\u00e9 radi\u00e1lne ec motory s\u00fa vhodn\u00e9 aj pre objemov\u00e9 prietoky a\u017e do 125 m\u00b3\/h bei 100 Pa a odol\u00e1vaj\u00fa tak vysok\u00e9mu tlaku vetra alebo poveternostn\u00fdm podmienkam vo vysok\u00fdch nadmorsk\u00fdch v\u00fd\u0161kach.<\/p>\n<p style=\"text-align: justify;\">V\u010faka vysoko \u00fa\u010dinn\u00e9mu etalpick\u00e9mu v\u00fdmenn\u00edku tepla a miere sp\u00e4tn\u00e9ho z\u00edskavania tepla a\u017e 95 %\u00a0je profesion\u00e1lom v dod\u00e1van\u00ed \u010derstv\u00e9ho vzduchu do obytn\u00fdch priestorov a zabezpe\u010duje tak pr\u00edjemn\u00fa kl\u00edmu v miestnostiach.<\/p>\n<p>Vetraciu jednotku je mo\u017en\u00e9 namontova\u0165 vertik\u00e1lne na stenu alebo horizont\u00e1lne pod strop.<\/p>\n<p style=\"text-align: justify;\">LUNOMAT m\u00f4\u017eete ovl\u00e1da\u0165 v\u0161etk\u00fdmi riadiacimi syst\u00e9mami od LUNOS-u ako s\u00fa TAC, Smart Comfort, Univerz\u00e1lne riadenie a Ovl\u00e1danie gestami.<\/p>\n<p style=\"text-align: justify;\">Samozrejme, prij\u00edma tie\u017e pr\u00edkazy z be\u017en\u00fdch ovl\u00e1da\u010dov dom\u00e1cej automatiz\u00e1cie alebo homee cez volite\u013en\u00e9 bezdr\u00f4tov\u00e9 moduly alebo vstupy 0-10.<\/p>\n<p>\t\t\t\t<\/div>\n\n\t\t\t\t\t\t\t<\/div>\n\t\t[\/vc_column][\/vc_row]<\/p>\n<\/div>","protected":false},"excerpt":{"rendered":"<p><img decoding=\"async\" class=\"alignnone size-medium wp-image-8001\" src=\"https:\/\/lunos.sk\/public_html\/wp-content\/uploads\/2021\/11\/label_lunomat-4914a91b.jpg\" alt=\"\" width=\"148\" height=\"300\" \/><\/p>\n[html_block id=\"8103\"]\n","protected":false},"featured_media":7951,"template":"","meta":[],"product_brand":[],"product_cat":[71,68],"product_tag":[],"class_list":{"0":"post-7803","1":"product","2":"type-product","3":"status-publish","4":"has-post-thumbnail","6":"product_cat-centralne-vetracie-zariadenie","7":"product_cat-vetranie-so-spatnym-ziskavanim-tepla","9":"first","10":"instock","11":"shipping-taxable","12":"product-type-simple"},"yoast_head":"<!-- This site is optimized with the Yoast SEO plugin v27.4 - https:\/\/yoast.com\/product\/yoast-seo-wordpress\/ -->\n<title>LUNOMAT - Lunos Slovensko<\/title>\n<meta name=\"robots\" content=\"index, follow, max-snippet:-1, max-image-preview:large, max-video-preview:-1\" \/>\n<link rel=\"canonical\" href=\"https:\/\/lunos.sk\/public_html\/produkt\/lunomat\/\" \/>\n<meta property=\"og:locale\" content=\"sk_SK\" \/>\n<meta property=\"og:type\" content=\"article\" \/>\n<meta property=\"og:title\" content=\"LUNOMAT - Lunos Slovensko\" \/>\n<meta property=\"og:url\" content=\"https:\/\/lunos.sk\/public_html\/produkt\/lunomat\/\" \/>\n<meta property=\"og:site_name\" content=\"Lunos Slovensko\" \/>\n<meta property=\"article:publisher\" content=\"https:\/\/www.facebook.com\/lunosslovensko\" \/>\n<meta property=\"article:modified_time\" content=\"2024-06-13T12:51:21+00:00\" \/>\n<meta property=\"og:image\" content=\"https:\/\/lunos.sk\/public_html\/wp-content\/uploads\/2021\/09\/lunomat_explo-05a9a0fd.png\" \/>\n\t<meta property=\"og:image:width\" content=\"215\" \/>\n\t<meta property=\"og:image:height\" content=\"215\" \/>\n\t<meta property=\"og:image:type\" content=\"image\/png\" \/>\n<meta name=\"twitter:card\" content=\"summary_large_image\" \/>\n<meta name=\"twitter:description\" content=\"[html_block id=&quot;8103&quot;]\" \/>\n<meta name=\"twitter:site\" content=\"@lunos_slovensko\" \/>\n<meta name=\"twitter:label1\" content=\"Predpokladan\u00fd \u010das \u010d\u00edtania\" \/>\n\t<meta name=\"twitter:data1\" content=\"2 min\u00faty\" \/>\n<script type=\"application\/ld+json\" class=\"yoast-schema-graph\">{\"@context\":\"https:\\\/\\\/schema.org\",\"@graph\":[{\"@type\":\"WebPage\",\"@id\":\"https:\\\/\\\/lunos.sk\\\/public_html\\\/produkt\\\/lunomat\\\/\",\"url\":\"https:\\\/\\\/lunos.sk\\\/public_html\\\/produkt\\\/lunomat\\\/\",\"name\":\"LUNOMAT - Lunos Slovensko\",\"isPartOf\":{\"@id\":\"https:\\\/\\\/lunos.sk\\\/public_html\\\/#website\"},\"primaryImageOfPage\":{\"@id\":\"https:\\\/\\\/lunos.sk\\\/public_html\\\/produkt\\\/lunomat\\\/#primaryimage\"},\"image\":{\"@id\":\"https:\\\/\\\/lunos.sk\\\/public_html\\\/produkt\\\/lunomat\\\/#primaryimage\"},\"thumbnailUrl\":\"https:\\\/\\\/lunos.sk\\\/public_html\\\/wp-content\\\/uploads\\\/2021\\\/09\\\/lunomat_explo-05a9a0fd.png\",\"datePublished\":\"2021-09-29T13:30:48+00:00\",\"dateModified\":\"2024-06-13T12:51:21+00:00\",\"breadcrumb\":{\"@id\":\"https:\\\/\\\/lunos.sk\\\/public_html\\\/produkt\\\/lunomat\\\/#breadcrumb\"},\"inLanguage\":\"sk-SK\",\"potentialAction\":[{\"@type\":\"ReadAction\",\"target\":[\"https:\\\/\\\/lunos.sk\\\/public_html\\\/produkt\\\/lunomat\\\/\"]}]},{\"@type\":\"ImageObject\",\"inLanguage\":\"sk-SK\",\"@id\":\"https:\\\/\\\/lunos.sk\\\/public_html\\\/produkt\\\/lunomat\\\/#primaryimage\",\"url\":\"https:\\\/\\\/lunos.sk\\\/public_html\\\/wp-content\\\/uploads\\\/2021\\\/09\\\/lunomat_explo-05a9a0fd.png\",\"contentUrl\":\"https:\\\/\\\/lunos.sk\\\/public_html\\\/wp-content\\\/uploads\\\/2021\\\/09\\\/lunomat_explo-05a9a0fd.png\",\"width\":215,\"height\":215},{\"@type\":\"BreadcrumbList\",\"@id\":\"https:\\\/\\\/lunos.sk\\\/public_html\\\/produkt\\\/lunomat\\\/#breadcrumb\",\"itemListElement\":[{\"@type\":\"ListItem\",\"position\":1,\"name\":\"Home\",\"item\":\"https:\\\/\\\/lunos.sk\\\/public_html\\\/\"},{\"@type\":\"ListItem\",\"position\":2,\"name\":\"Produkty\",\"item\":\"https:\\\/\\\/lunos.sk\\\/public_html\\\/produkty\\\/\"},{\"@type\":\"ListItem\",\"position\":3,\"name\":\"LUNOMAT\"}]},{\"@type\":\"WebSite\",\"@id\":\"https:\\\/\\\/lunos.sk\\\/public_html\\\/#website\",\"url\":\"https:\\\/\\\/lunos.sk\\\/public_html\\\/\",\"name\":\"Lunos Slovensko\",\"description\":\"\",\"publisher\":{\"@id\":\"https:\\\/\\\/lunos.sk\\\/public_html\\\/#organization\"},\"potentialAction\":[{\"@type\":\"SearchAction\",\"target\":{\"@type\":\"EntryPoint\",\"urlTemplate\":\"https:\\\/\\\/lunos.sk\\\/public_html\\\/?s={search_term_string}\"},\"query-input\":{\"@type\":\"PropertyValueSpecification\",\"valueRequired\":true,\"valueName\":\"search_term_string\"}}],\"inLanguage\":\"sk-SK\"},{\"@type\":\"Organization\",\"@id\":\"https:\\\/\\\/lunos.sk\\\/public_html\\\/#organization\",\"name\":\"Lunos\",\"url\":\"https:\\\/\\\/lunos.sk\\\/public_html\\\/\",\"logo\":{\"@type\":\"ImageObject\",\"inLanguage\":\"sk-SK\",\"@id\":\"https:\\\/\\\/lunos.sk\\\/public_html\\\/#\\\/schema\\\/logo\\\/image\\\/\",\"url\":\"https:\\\/\\\/lunos.sk\\\/public_html\\\/wp-content\\\/uploads\\\/2021\\\/07\\\/logo-lunos.png\",\"contentUrl\":\"https:\\\/\\\/lunos.sk\\\/public_html\\\/wp-content\\\/uploads\\\/2021\\\/07\\\/logo-lunos.png\",\"width\":200,\"height\":101,\"caption\":\"Lunos\"},\"image\":{\"@id\":\"https:\\\/\\\/lunos.sk\\\/public_html\\\/#\\\/schema\\\/logo\\\/image\\\/\"},\"sameAs\":[\"https:\\\/\\\/www.facebook.com\\\/lunosslovensko\",\"https:\\\/\\\/x.com\\\/lunos_slovensko\"]}]}<\/script>\n<!-- \/ Yoast SEO plugin. -->","yoast_head_json":{"title":"LUNOMAT - Lunos Slovensko","robots":{"index":"index","follow":"follow","max-snippet":"max-snippet:-1","max-image-preview":"max-image-preview:large","max-video-preview":"max-video-preview:-1"},"canonical":"https:\/\/lunos.sk\/public_html\/produkt\/lunomat\/","og_locale":"sk_SK","og_type":"article","og_title":"LUNOMAT - Lunos Slovensko","og_url":"https:\/\/lunos.sk\/public_html\/produkt\/lunomat\/","og_site_name":"Lunos Slovensko","article_publisher":"https:\/\/www.facebook.com\/lunosslovensko","article_modified_time":"2024-06-13T12:51:21+00:00","og_image":[{"width":215,"height":215,"url":"https:\/\/lunos.sk\/public_html\/wp-content\/uploads\/2021\/09\/lunomat_explo-05a9a0fd.png","type":"image\/png"}],"twitter_card":"summary_large_image","twitter_description":"[html_block id=\"8103\"]","twitter_site":"@lunos_slovensko","twitter_misc":{"Predpokladan\u00fd \u010das \u010d\u00edtania":"2 min\u00faty"},"schema":{"@context":"https:\/\/schema.org","@graph":[{"@type":"WebPage","@id":"https:\/\/lunos.sk\/public_html\/produkt\/lunomat\/","url":"https:\/\/lunos.sk\/public_html\/produkt\/lunomat\/","name":"LUNOMAT - Lunos Slovensko","isPartOf":{"@id":"https:\/\/lunos.sk\/public_html\/#website"},"primaryImageOfPage":{"@id":"https:\/\/lunos.sk\/public_html\/produkt\/lunomat\/#primaryimage"},"image":{"@id":"https:\/\/lunos.sk\/public_html\/produkt\/lunomat\/#primaryimage"},"thumbnailUrl":"https:\/\/lunos.sk\/public_html\/wp-content\/uploads\/2021\/09\/lunomat_explo-05a9a0fd.png","datePublished":"2021-09-29T13:30:48+00:00","dateModified":"2024-06-13T12:51:21+00:00","breadcrumb":{"@id":"https:\/\/lunos.sk\/public_html\/produkt\/lunomat\/#breadcrumb"},"inLanguage":"sk-SK","potentialAction":[{"@type":"ReadAction","target":["https:\/\/lunos.sk\/public_html\/produkt\/lunomat\/"]}]},{"@type":"ImageObject","inLanguage":"sk-SK","@id":"https:\/\/lunos.sk\/public_html\/produkt\/lunomat\/#primaryimage","url":"https:\/\/lunos.sk\/public_html\/wp-content\/uploads\/2021\/09\/lunomat_explo-05a9a0fd.png","contentUrl":"https:\/\/lunos.sk\/public_html\/wp-content\/uploads\/2021\/09\/lunomat_explo-05a9a0fd.png","width":215,"height":215},{"@type":"BreadcrumbList","@id":"https:\/\/lunos.sk\/public_html\/produkt\/lunomat\/#breadcrumb","itemListElement":[{"@type":"ListItem","position":1,"name":"Home","item":"https:\/\/lunos.sk\/public_html\/"},{"@type":"ListItem","position":2,"name":"Produkty","item":"https:\/\/lunos.sk\/public_html\/produkty\/"},{"@type":"ListItem","position":3,"name":"LUNOMAT"}]},{"@type":"WebSite","@id":"https:\/\/lunos.sk\/public_html\/#website","url":"https:\/\/lunos.sk\/public_html\/","name":"Lunos Slovensko","description":"","publisher":{"@id":"https:\/\/lunos.sk\/public_html\/#organization"},"potentialAction":[{"@type":"SearchAction","target":{"@type":"EntryPoint","urlTemplate":"https:\/\/lunos.sk\/public_html\/?s={search_term_string}"},"query-input":{"@type":"PropertyValueSpecification","valueRequired":true,"valueName":"search_term_string"}}],"inLanguage":"sk-SK"},{"@type":"Organization","@id":"https:\/\/lunos.sk\/public_html\/#organization","name":"Lunos","url":"https:\/\/lunos.sk\/public_html\/","logo":{"@type":"ImageObject","inLanguage":"sk-SK","@id":"https:\/\/lunos.sk\/public_html\/#\/schema\/logo\/image\/","url":"https:\/\/lunos.sk\/public_html\/wp-content\/uploads\/2021\/07\/logo-lunos.png","contentUrl":"https:\/\/lunos.sk\/public_html\/wp-content\/uploads\/2021\/07\/logo-lunos.png","width":200,"height":101,"caption":"Lunos"},"image":{"@id":"https:\/\/lunos.sk\/public_html\/#\/schema\/logo\/image\/"},"sameAs":["https:\/\/www.facebook.com\/lunosslovensko","https:\/\/x.com\/lunos_slovensko"]}]}},"jetpack_sharing_enabled":true,"_links":{"self":[{"href":"https:\/\/lunos.sk\/public_html\/wp-json\/wp\/v2\/product\/7803","targetHints":{"allow":["GET"]}}],"collection":[{"href":"https:\/\/lunos.sk\/public_html\/wp-json\/wp\/v2\/product"}],"about":[{"href":"https:\/\/lunos.sk\/public_html\/wp-json\/wp\/v2\/types\/product"}],"version-history":[{"count":2,"href":"https:\/\/lunos.sk\/public_html\/wp-json\/wp\/v2\/product\/7803\/revisions"}],"predecessor-version":[{"id":8593,"href":"https:\/\/lunos.sk\/public_html\/wp-json\/wp\/v2\/product\/7803\/revisions\/8593"}],"wp:featuredmedia":[{"embeddable":true,"href":"https:\/\/lunos.sk\/public_html\/wp-json\/wp\/v2\/media\/7951"}],"wp:attachment":[{"href":"https:\/\/lunos.sk\/public_html\/wp-json\/wp\/v2\/media?parent=7803"}],"wp:term":[{"taxonomy":"product_brand","embeddable":true,"href":"https:\/\/lunos.sk\/public_html\/wp-json\/wp\/v2\/product_brand?post=7803"},{"taxonomy":"product_cat","embeddable":true,"href":"https:\/\/lunos.sk\/public_html\/wp-json\/wp\/v2\/product_cat?post=7803"},{"taxonomy":"product_tag","embeddable":true,"href":"https:\/\/lunos.sk\/public_html\/wp-json\/wp\/v2\/product_tag?post=7803"}],"curies":[{"name":"wp","href":"https:\/\/api.w.org\/{rel}","templated":true}]}}