{"id":7808,"date":"2021-09-29T15:34:24","date_gmt":"2021-09-29T13:34:24","guid":{"rendered":"https:\/\/lunos.sk\/public_html\/?post_type=product&#038;p=7808"},"modified":"2026-04-22T10:27:01","modified_gmt":"2026-04-22T08:27:01","slug":"lunotherm-s","status":"publish","type":"product","link":"https:\/\/lunos.sk\/public_html\/produkt\/lunotherm-s\/","title":{"rendered":"LUNOtherm-S a LUNOtherm-G"},"content":{"rendered":"<div class=\"wpb-content-wrapper\"><p>[vc_row][vc_column]\t\t\t<div id=\"wd-667555dd08918\" class=\"wd-text-block-wrapper wd-wpb wd-rs-667555dd08918 color-scheme- wd-width-100 text-left  popis-produktu\">\n\t\t\t\t<div class=\"woodmart-title-container woodmart-text-block reset-last-child font-text wd-font-weight- \">\n\t\t\t\t\t<strong>Takmer nevidite\u013en\u00e9 vetranie s ochranou proti hluku<span class=\"Apple-converted-space\">\u00a0<\/span><\/strong><\/p>\n<p style=\"text-align: justify;\">V\u00fdvojom patentovan\u00e9ho fas\u00e1dneho prvku LUNOtherm splnil LUNOS \u017eelanie mnoh\u00fdch ma\u0165 okrem okien ni\u010d\u00edm neru\u0161en\u00fa hladk\u00fa fas\u00e1du. T\u00fdm umo\u017enil spoji\u0165 v\u0161etky v\u00fdhody prieduchov v obvodom pl\u00e1\u0161ti &#8211; vysok\u00e9 prietoky vzduchu, hygienu, ochranu proti hluku a ich takmer nulov\u00fa vn\u00edmate\u013enos\u0165. Ako koncov\u00fd prvok je LUNOtherm umiestnen\u00fd vo vrstve tepelnej izol\u00e1cie KZS (ETICS). Vetrac\u00ed otvor pre pr\u00edvod alebo odvod vzduchu sa nach\u00e1dza v \u0161palete alebo nadpra\u017e\u00ed okna. LUNOtherm je mo\u017en\u00e9 namontova\u0165 nad alebo ved\u013ea okna bez toho, aby ovplyvnil mo\u017enos\u0165 umiestnenia skrinky vonkaj\u0161ej rolety.<\/p>\n<p style=\"text-align: justify;\">LUNOtherm-S a LUNOtherm-S+ s\u00fa osved\u010den\u00e9 v\u00fdrobky &#8211; to znamen\u00e1, \u017ee maj\u00fa V\u0161eobecn\u00e9 osved\u010denie o vhodnosti pre pou\u017eitie v stavbe \u010d\u00edslo Z-56.212-3628 vystaven\u00e9 DIBt. M\u00f4\u017eete ich teda pou\u017ei\u0165 v stavebn\u00fdch syst\u00e9moch osved\u010d\u00e9n\u00fdch pod\u013ea ETICS a to aj pod alebo na tepeln\u00fa izol\u00e1ciu<span class=\"Apple-converted-space\">\u00a0<\/span><\/p>\n<p style=\"text-align: justify;\">Fas\u00e1dne prvky LUNOtherm-S a S+ boli optimalizovan\u00e9 s oh\u013eadom na lep\u0161\u00ed hlukov\u00fd \u00fatlm a zlednodu\u0161nie ich mont\u00e1\u017ee. Zalomenie vzduchu a t\u00fdm aj hluku o \u010fal\u0161\u00edch 90\u00b0 zabezpe\u010duje lep\u0161ie akustick\u00e9 parametre hlukov\u00e9ho \u00fatlmu.<span class=\"Apple-converted-space\">\u00a0<\/span><\/p>\n<p style=\"text-align: justify;\">Spolu s nov\u00fdm tlmi\u010dom hluku 9\/SD-LS sa LUNOtherm-S premen\u00ed na LUNOtherm-S+, ktor\u00fd \u013eahko dosahuje hodnoty normovan\u00e9ho rozdielu hlad\u00edn hluku a\u017e 75 dB Pri LUNOtherm-S je samozrejme mo\u017enos\u0165 pou\u017ei\u0165 aj nov\u00fd tlmi\u010d hluku a nain\u0161talova\u0165 ho tak, aby tvoril LUNOtherm-S+.<span class=\"Apple-converted-space\">\u00a0<\/span><\/p>\n<p style=\"text-align: justify;\">V\u00fdrazne ni\u017e\u0161ia hmotnos\u0165 a prip\u00f4sobite\u013en\u00e1 ve\u013ekos\u0165 prvkov tie\u017e zais\u0165uj\u00fa lep\u0161iu manipulovate\u013enos\u0165 a logistiku a v\u00e4\u010d\u0161ie mo\u017enosti pri umiest\u0148ovan\u00ed mont\u00e1\u017enych tubusov.<span class=\"Apple-converted-space\">\u00a0<\/span><\/p>\n<p style=\"text-align: justify;\">Fas\u00e1dny prvok tepelnej izol\u00e1cie s vetracou funkciou (<a href=\"https:\/\/zdroj.lunos.sk\/Produkty\/LUNOtherm\/LUNOtherm-S-datovy-list.pdf\">technick\u00e9 \u00fadaje)<\/a><\/p>\n<p style=\"text-align: justify;\">Sp\u00e1ja vysok\u00e9 prietoky vzduchu, hygienu, ochranu proti hluku s nenaru\u0161en\u00fdm vzh\u013eadom fas\u00e1dy.<\/p>\n<p>Bez mrie\u017eky s ochranou proti hmyzu<\/p>\n<p>Pre v\u0161etky hr\u00fabky izol\u00e1cie od 60 mm, mont\u00e1\u017e pod alebo na ETICS<\/p>\n<p>Z\u00e1kladn\u00e9 rozmery ( \u0161 x v ): 630 x 900 mm,<\/p>\n<p>Rozmerovo upravite\u013en\u00e9 na min. rozmery (\u0161 x v ): 400 x 630 mm<\/p>\n<p>Variant pre in\u0161tal\u00e1ciu pod okno dopytom\t\t\t\t<\/div>\n\n\t\t\t\t\t\t\t<\/div>\n\t\t[\/vc_column][\/vc_row]<\/p>\n<\/div>","protected":false},"excerpt":{"rendered":"<p>[vc_row][vc_column][\/vc_column][\/vc_row]<\/p>\n","protected":false},"featured_media":9043,"template":"","meta":[],"product_brand":[],"product_cat":[72,69],"product_tag":[],"class_list":{"0":"post-7808","1":"product","2":"type-product","3":"status-publish","4":"has-post-thumbnail","6":"product_cat-fasadne-prvky","7":"product_cat-maximalny-hlukovy-utlm","9":"first","10":"instock","11":"shipping-taxable","12":"product-type-simple"},"yoast_head":"<!-- This site is optimized with the Yoast SEO plugin v27.4 - https:\/\/yoast.com\/product\/yoast-seo-wordpress\/ -->\n<title>LUNOtherm-S a LUNOtherm-G - Lunos Slovensko<\/title>\n<meta name=\"robots\" content=\"index, follow, max-snippet:-1, max-image-preview:large, max-video-preview:-1\" \/>\n<link rel=\"canonical\" href=\"https:\/\/lunos.sk\/public_html\/produkt\/lunotherm-s\/\" \/>\n<meta property=\"og:locale\" content=\"sk_SK\" \/>\n<meta property=\"og:type\" content=\"article\" \/>\n<meta property=\"og:title\" content=\"LUNOtherm-S a LUNOtherm-G - Lunos Slovensko\" \/>\n<meta property=\"og:description\" content=\"[vc_row][vc_column][\/vc_column][\/vc_row]\" \/>\n<meta property=\"og:url\" content=\"https:\/\/lunos.sk\/public_html\/produkt\/lunotherm-s\/\" \/>\n<meta property=\"og:site_name\" content=\"Lunos Slovensko\" \/>\n<meta property=\"article:publisher\" content=\"https:\/\/www.facebook.com\/lunosslovensko\" \/>\n<meta property=\"article:modified_time\" content=\"2026-04-22T08:27:01+00:00\" \/>\n<meta property=\"og:image\" content=\"https:\/\/lunos.sk\/public_html\/wp-content\/uploads\/2026\/04\/lunotherm-g_lunotherm-s_explo-horizontal-e55d7457-907a8de3-2.jpg\" \/>\n\t<meta property=\"og:image:width\" content=\"650\" \/>\n\t<meta property=\"og:image:height\" content=\"550\" \/>\n\t<meta property=\"og:image:type\" content=\"image\/jpeg\" \/>\n<meta name=\"twitter:card\" content=\"summary_large_image\" \/>\n<meta name=\"twitter:site\" content=\"@lunos_slovensko\" \/>\n<meta name=\"twitter:label1\" content=\"Predpokladan\u00fd \u010das \u010d\u00edtania\" \/>\n\t<meta name=\"twitter:data1\" content=\"2 min\u00faty\" \/>\n<script type=\"application\/ld+json\" class=\"yoast-schema-graph\">{\"@context\":\"https:\\\/\\\/schema.org\",\"@graph\":[{\"@type\":\"WebPage\",\"@id\":\"https:\\\/\\\/lunos.sk\\\/public_html\\\/produkt\\\/lunotherm-s\\\/\",\"url\":\"https:\\\/\\\/lunos.sk\\\/public_html\\\/produkt\\\/lunotherm-s\\\/\",\"name\":\"LUNOtherm-S a LUNOtherm-G - Lunos Slovensko\",\"isPartOf\":{\"@id\":\"https:\\\/\\\/lunos.sk\\\/public_html\\\/#website\"},\"primaryImageOfPage\":{\"@id\":\"https:\\\/\\\/lunos.sk\\\/public_html\\\/produkt\\\/lunotherm-s\\\/#primaryimage\"},\"image\":{\"@id\":\"https:\\\/\\\/lunos.sk\\\/public_html\\\/produkt\\\/lunotherm-s\\\/#primaryimage\"},\"thumbnailUrl\":\"https:\\\/\\\/lunos.sk\\\/public_html\\\/wp-content\\\/uploads\\\/2026\\\/04\\\/lunotherm-g_lunotherm-s_explo-horizontal-e55d7457-907a8de3-2.jpg\",\"datePublished\":\"2021-09-29T13:34:24+00:00\",\"dateModified\":\"2026-04-22T08:27:01+00:00\",\"breadcrumb\":{\"@id\":\"https:\\\/\\\/lunos.sk\\\/public_html\\\/produkt\\\/lunotherm-s\\\/#breadcrumb\"},\"inLanguage\":\"sk-SK\",\"potentialAction\":[{\"@type\":\"ReadAction\",\"target\":[\"https:\\\/\\\/lunos.sk\\\/public_html\\\/produkt\\\/lunotherm-s\\\/\"]}]},{\"@type\":\"ImageObject\",\"inLanguage\":\"sk-SK\",\"@id\":\"https:\\\/\\\/lunos.sk\\\/public_html\\\/produkt\\\/lunotherm-s\\\/#primaryimage\",\"url\":\"https:\\\/\\\/lunos.sk\\\/public_html\\\/wp-content\\\/uploads\\\/2026\\\/04\\\/lunotherm-g_lunotherm-s_explo-horizontal-e55d7457-907a8de3-2.jpg\",\"contentUrl\":\"https:\\\/\\\/lunos.sk\\\/public_html\\\/wp-content\\\/uploads\\\/2026\\\/04\\\/lunotherm-g_lunotherm-s_explo-horizontal-e55d7457-907a8de3-2.jpg\",\"width\":650,\"height\":550},{\"@type\":\"BreadcrumbList\",\"@id\":\"https:\\\/\\\/lunos.sk\\\/public_html\\\/produkt\\\/lunotherm-s\\\/#breadcrumb\",\"itemListElement\":[{\"@type\":\"ListItem\",\"position\":1,\"name\":\"Home\",\"item\":\"https:\\\/\\\/lunos.sk\\\/public_html\\\/\"},{\"@type\":\"ListItem\",\"position\":2,\"name\":\"Produkty\",\"item\":\"https:\\\/\\\/lunos.sk\\\/public_html\\\/produkty\\\/\"},{\"@type\":\"ListItem\",\"position\":3,\"name\":\"LUNOtherm-S a LUNOtherm-G\"}]},{\"@type\":\"WebSite\",\"@id\":\"https:\\\/\\\/lunos.sk\\\/public_html\\\/#website\",\"url\":\"https:\\\/\\\/lunos.sk\\\/public_html\\\/\",\"name\":\"Lunos Slovensko\",\"description\":\"\",\"publisher\":{\"@id\":\"https:\\\/\\\/lunos.sk\\\/public_html\\\/#organization\"},\"potentialAction\":[{\"@type\":\"SearchAction\",\"target\":{\"@type\":\"EntryPoint\",\"urlTemplate\":\"https:\\\/\\\/lunos.sk\\\/public_html\\\/?s={search_term_string}\"},\"query-input\":{\"@type\":\"PropertyValueSpecification\",\"valueRequired\":true,\"valueName\":\"search_term_string\"}}],\"inLanguage\":\"sk-SK\"},{\"@type\":\"Organization\",\"@id\":\"https:\\\/\\\/lunos.sk\\\/public_html\\\/#organization\",\"name\":\"Lunos\",\"url\":\"https:\\\/\\\/lunos.sk\\\/public_html\\\/\",\"logo\":{\"@type\":\"ImageObject\",\"inLanguage\":\"sk-SK\",\"@id\":\"https:\\\/\\\/lunos.sk\\\/public_html\\\/#\\\/schema\\\/logo\\\/image\\\/\",\"url\":\"https:\\\/\\\/lunos.sk\\\/public_html\\\/wp-content\\\/uploads\\\/2021\\\/07\\\/logo-lunos.png\",\"contentUrl\":\"https:\\\/\\\/lunos.sk\\\/public_html\\\/wp-content\\\/uploads\\\/2021\\\/07\\\/logo-lunos.png\",\"width\":200,\"height\":101,\"caption\":\"Lunos\"},\"image\":{\"@id\":\"https:\\\/\\\/lunos.sk\\\/public_html\\\/#\\\/schema\\\/logo\\\/image\\\/\"},\"sameAs\":[\"https:\\\/\\\/www.facebook.com\\\/lunosslovensko\",\"https:\\\/\\\/x.com\\\/lunos_slovensko\"]}]}<\/script>\n<!-- \/ Yoast SEO plugin. -->","yoast_head_json":{"title":"LUNOtherm-S a LUNOtherm-G - Lunos Slovensko","robots":{"index":"index","follow":"follow","max-snippet":"max-snippet:-1","max-image-preview":"max-image-preview:large","max-video-preview":"max-video-preview:-1"},"canonical":"https:\/\/lunos.sk\/public_html\/produkt\/lunotherm-s\/","og_locale":"sk_SK","og_type":"article","og_title":"LUNOtherm-S a LUNOtherm-G - Lunos Slovensko","og_description":"[vc_row][vc_column][\/vc_column][\/vc_row]","og_url":"https:\/\/lunos.sk\/public_html\/produkt\/lunotherm-s\/","og_site_name":"Lunos Slovensko","article_publisher":"https:\/\/www.facebook.com\/lunosslovensko","article_modified_time":"2026-04-22T08:27:01+00:00","og_image":[{"width":650,"height":550,"url":"https:\/\/lunos.sk\/public_html\/wp-content\/uploads\/2026\/04\/lunotherm-g_lunotherm-s_explo-horizontal-e55d7457-907a8de3-2.jpg","type":"image\/jpeg"}],"twitter_card":"summary_large_image","twitter_site":"@lunos_slovensko","twitter_misc":{"Predpokladan\u00fd \u010das \u010d\u00edtania":"2 min\u00faty"},"schema":{"@context":"https:\/\/schema.org","@graph":[{"@type":"WebPage","@id":"https:\/\/lunos.sk\/public_html\/produkt\/lunotherm-s\/","url":"https:\/\/lunos.sk\/public_html\/produkt\/lunotherm-s\/","name":"LUNOtherm-S a LUNOtherm-G - Lunos Slovensko","isPartOf":{"@id":"https:\/\/lunos.sk\/public_html\/#website"},"primaryImageOfPage":{"@id":"https:\/\/lunos.sk\/public_html\/produkt\/lunotherm-s\/#primaryimage"},"image":{"@id":"https:\/\/lunos.sk\/public_html\/produkt\/lunotherm-s\/#primaryimage"},"thumbnailUrl":"https:\/\/lunos.sk\/public_html\/wp-content\/uploads\/2026\/04\/lunotherm-g_lunotherm-s_explo-horizontal-e55d7457-907a8de3-2.jpg","datePublished":"2021-09-29T13:34:24+00:00","dateModified":"2026-04-22T08:27:01+00:00","breadcrumb":{"@id":"https:\/\/lunos.sk\/public_html\/produkt\/lunotherm-s\/#breadcrumb"},"inLanguage":"sk-SK","potentialAction":[{"@type":"ReadAction","target":["https:\/\/lunos.sk\/public_html\/produkt\/lunotherm-s\/"]}]},{"@type":"ImageObject","inLanguage":"sk-SK","@id":"https:\/\/lunos.sk\/public_html\/produkt\/lunotherm-s\/#primaryimage","url":"https:\/\/lunos.sk\/public_html\/wp-content\/uploads\/2026\/04\/lunotherm-g_lunotherm-s_explo-horizontal-e55d7457-907a8de3-2.jpg","contentUrl":"https:\/\/lunos.sk\/public_html\/wp-content\/uploads\/2026\/04\/lunotherm-g_lunotherm-s_explo-horizontal-e55d7457-907a8de3-2.jpg","width":650,"height":550},{"@type":"BreadcrumbList","@id":"https:\/\/lunos.sk\/public_html\/produkt\/lunotherm-s\/#breadcrumb","itemListElement":[{"@type":"ListItem","position":1,"name":"Home","item":"https:\/\/lunos.sk\/public_html\/"},{"@type":"ListItem","position":2,"name":"Produkty","item":"https:\/\/lunos.sk\/public_html\/produkty\/"},{"@type":"ListItem","position":3,"name":"LUNOtherm-S a LUNOtherm-G"}]},{"@type":"WebSite","@id":"https:\/\/lunos.sk\/public_html\/#website","url":"https:\/\/lunos.sk\/public_html\/","name":"Lunos Slovensko","description":"","publisher":{"@id":"https:\/\/lunos.sk\/public_html\/#organization"},"potentialAction":[{"@type":"SearchAction","target":{"@type":"EntryPoint","urlTemplate":"https:\/\/lunos.sk\/public_html\/?s={search_term_string}"},"query-input":{"@type":"PropertyValueSpecification","valueRequired":true,"valueName":"search_term_string"}}],"inLanguage":"sk-SK"},{"@type":"Organization","@id":"https:\/\/lunos.sk\/public_html\/#organization","name":"Lunos","url":"https:\/\/lunos.sk\/public_html\/","logo":{"@type":"ImageObject","inLanguage":"sk-SK","@id":"https:\/\/lunos.sk\/public_html\/#\/schema\/logo\/image\/","url":"https:\/\/lunos.sk\/public_html\/wp-content\/uploads\/2021\/07\/logo-lunos.png","contentUrl":"https:\/\/lunos.sk\/public_html\/wp-content\/uploads\/2021\/07\/logo-lunos.png","width":200,"height":101,"caption":"Lunos"},"image":{"@id":"https:\/\/lunos.sk\/public_html\/#\/schema\/logo\/image\/"},"sameAs":["https:\/\/www.facebook.com\/lunosslovensko","https:\/\/x.com\/lunos_slovensko"]}]}},"jetpack_sharing_enabled":true,"_links":{"self":[{"href":"https:\/\/lunos.sk\/public_html\/wp-json\/wp\/v2\/product\/7808","targetHints":{"allow":["GET"]}}],"collection":[{"href":"https:\/\/lunos.sk\/public_html\/wp-json\/wp\/v2\/product"}],"about":[{"href":"https:\/\/lunos.sk\/public_html\/wp-json\/wp\/v2\/types\/product"}],"version-history":[{"count":3,"href":"https:\/\/lunos.sk\/public_html\/wp-json\/wp\/v2\/product\/7808\/revisions"}],"predecessor-version":[{"id":9044,"href":"https:\/\/lunos.sk\/public_html\/wp-json\/wp\/v2\/product\/7808\/revisions\/9044"}],"wp:featuredmedia":[{"embeddable":true,"href":"https:\/\/lunos.sk\/public_html\/wp-json\/wp\/v2\/media\/9043"}],"wp:attachment":[{"href":"https:\/\/lunos.sk\/public_html\/wp-json\/wp\/v2\/media?parent=7808"}],"wp:term":[{"taxonomy":"product_brand","embeddable":true,"href":"https:\/\/lunos.sk\/public_html\/wp-json\/wp\/v2\/product_brand?post=7808"},{"taxonomy":"product_cat","embeddable":true,"href":"https:\/\/lunos.sk\/public_html\/wp-json\/wp\/v2\/product_cat?post=7808"},{"taxonomy":"product_tag","embeddable":true,"href":"https:\/\/lunos.sk\/public_html\/wp-json\/wp\/v2\/product_tag?post=7808"}],"curies":[{"name":"wp","href":"https:\/\/api.w.org\/{rel}","templated":true}]}}