{"id":7905,"date":"2021-09-30T09:55:50","date_gmt":"2021-09-30T07:55:50","guid":{"rendered":"https:\/\/lunos.sk\/public_html\/?post_type=product&#038;p=7905"},"modified":"2023-01-13T16:07:19","modified_gmt":"2023-01-13T15:07:19","slug":"nahradny-jednorazovy-filter-g2-pre-ald-365-5-ks","status":"publish","type":"product","link":"https:\/\/lunos.sk\/public_html\/produkt\/nahradny-jednorazovy-filter-g2-pre-ald-365-5-ks\/","title":{"rendered":"N\u00e1hradn\u00fd jednor\u00e1zov\u00fd filter G2 pre ALD 36,5 (5 ks)"},"content":{"rendered":"<div class=\"wpb-content-wrapper\"><p>[vc_row][vc_column]\t\t\t<div id=\"wd-6204d11a85f06\" class=\"wd-text-block-wrapper wd-wpb wd-rs-6204d11a85f06 color-scheme- wd-width-100 text-left  popis-produktu\">\n\t\t\t\t<div class=\"woodmart-title-container woodmart-text-block reset-last-child font-text wd-font-weight- \">\n\t\t\t\t\tJednor\u00e1zov\u00fd n\u00e1hradn\u00fd filter 9\/FALD triedy G2 do vn\u00fatorn\u00e9ho krytu\u00a0<a href=\"http:\/\/lunos.sk\/public_html\/wp-content\/uploads\/2018\/04\/ALD-365.jpg\">9\/2V<\/a>\u00a0( hranat\u00fd prieduch ALD 36,5).<\/p>\n<p>Uveden\u00fd prieduch sa u\u017e nedod\u00e1va, k dispoz\u00edci\u00ed s\u00fa u\u017e iba n\u00e1hradn\u00e9 diely.<\/p>\n<h2>Ako n\u00e1hradu prieduchu ALD 36,5 je mo\u017en\u00e9 pou\u017ei\u0165 prieduch so Syst\u00e9m-u 160 spolu s EPS-tehlou\u00a0<a href=\"http:\/\/lunos.sk\/produkt\/eps-tehla-pre-tubusy-priemeru-160-mm\/\">9\/MRD<\/a>.<\/h2>\n<p>Filter kontrolujte na zne\u010distenie minim\u00e1lne jedenkr\u00e1t za 3 mesiace. V pr\u00edpade potreby ho vyme\u0148te. Filter nie je vhodn\u00e9 \u010disti\u0165 vodou.<\/p>\n<p>Balenie obsahuje 5 ks jednor\u00e1zov\u00fdch filtrov<\/p>\n<p>Rozmer filtra je 120 x 220 mm\t\t\t\t<\/div>\n\n\t\t\t\t\t\t\t<\/div>\n\t\t[\/vc_column][\/vc_row]<\/p>\n<\/div>","protected":false},"excerpt":{"rendered":"<p>[vc_row][vc_column][\/vc_column][\/vc_row]<\/p>\n","protected":false},"featured_media":7907,"template":"","meta":[],"product_brand":[],"product_cat":[100,96],"product_tag":[],"class_list":{"0":"post-7905","1":"product","2":"type-product","3":"status-publish","4":"has-post-thumbnail","6":"product_cat-eshop","7":"product_cat-filtre","9":"first","10":"instock","11":"shipping-taxable","12":"purchasable","13":"product-type-simple"},"yoast_head":"<!-- This site is optimized with the Yoast SEO plugin v27.5 - https:\/\/yoast.com\/product\/yoast-seo-wordpress\/ -->\n<title>N\u00e1hradn\u00fd jednor\u00e1zov\u00fd filter G2 pre ALD 36,5 (5 ks) - Lunos Slovensko<\/title>\n<meta name=\"robots\" content=\"index, follow, max-snippet:-1, max-image-preview:large, max-video-preview:-1\" \/>\n<link rel=\"canonical\" href=\"https:\/\/lunos.sk\/public_html\/produkt\/nahradny-jednorazovy-filter-g2-pre-ald-365-5-ks\/\" \/>\n<meta property=\"og:locale\" content=\"sk_SK\" \/>\n<meta property=\"og:type\" content=\"article\" \/>\n<meta property=\"og:title\" content=\"N\u00e1hradn\u00fd jednor\u00e1zov\u00fd filter G2 pre ALD 36,5 (5 ks) - Lunos Slovensko\" \/>\n<meta property=\"og:description\" content=\"[vc_row][vc_column][\/vc_column][\/vc_row]\" \/>\n<meta property=\"og:url\" content=\"https:\/\/lunos.sk\/public_html\/produkt\/nahradny-jednorazovy-filter-g2-pre-ald-365-5-ks\/\" \/>\n<meta property=\"og:site_name\" content=\"Lunos Slovensko\" \/>\n<meta property=\"article:publisher\" content=\"https:\/\/www.facebook.com\/lunosslovensko\" \/>\n<meta property=\"article:modified_time\" content=\"2023-01-13T15:07:19+00:00\" \/>\n<meta property=\"og:image\" content=\"https:\/\/lunos.sk\/public_html\/wp-content\/uploads\/2021\/09\/9-FALD-5.jpg\" \/>\n\t<meta property=\"og:image:width\" content=\"300\" \/>\n\t<meta property=\"og:image:height\" content=\"200\" \/>\n\t<meta property=\"og:image:type\" content=\"image\/jpeg\" \/>\n<meta name=\"twitter:card\" content=\"summary_large_image\" \/>\n<meta name=\"twitter:site\" content=\"@lunos_slovensko\" \/>\n<meta name=\"twitter:label1\" content=\"Predpokladan\u00fd \u010das \u010d\u00edtania\" \/>\n\t<meta name=\"twitter:data1\" content=\"1 min\u00fata\" \/>\n<script type=\"application\/ld+json\" class=\"yoast-schema-graph\">{\"@context\":\"https:\\\/\\\/schema.org\",\"@graph\":[{\"@type\":\"WebPage\",\"@id\":\"https:\\\/\\\/lunos.sk\\\/public_html\\\/produkt\\\/nahradny-jednorazovy-filter-g2-pre-ald-365-5-ks\\\/\",\"url\":\"https:\\\/\\\/lunos.sk\\\/public_html\\\/produkt\\\/nahradny-jednorazovy-filter-g2-pre-ald-365-5-ks\\\/\",\"name\":\"N\u00e1hradn\u00fd jednor\u00e1zov\u00fd filter G2 pre ALD 36,5 (5 ks) - Lunos Slovensko\",\"isPartOf\":{\"@id\":\"https:\\\/\\\/lunos.sk\\\/public_html\\\/#website\"},\"primaryImageOfPage\":{\"@id\":\"https:\\\/\\\/lunos.sk\\\/public_html\\\/produkt\\\/nahradny-jednorazovy-filter-g2-pre-ald-365-5-ks\\\/#primaryimage\"},\"image\":{\"@id\":\"https:\\\/\\\/lunos.sk\\\/public_html\\\/produkt\\\/nahradny-jednorazovy-filter-g2-pre-ald-365-5-ks\\\/#primaryimage\"},\"thumbnailUrl\":\"https:\\\/\\\/lunos.sk\\\/public_html\\\/wp-content\\\/uploads\\\/2021\\\/09\\\/9-FALD-5.jpg\",\"datePublished\":\"2021-09-30T07:55:50+00:00\",\"dateModified\":\"2023-01-13T15:07:19+00:00\",\"breadcrumb\":{\"@id\":\"https:\\\/\\\/lunos.sk\\\/public_html\\\/produkt\\\/nahradny-jednorazovy-filter-g2-pre-ald-365-5-ks\\\/#breadcrumb\"},\"inLanguage\":\"sk-SK\",\"potentialAction\":[{\"@type\":\"ReadAction\",\"target\":[\"https:\\\/\\\/lunos.sk\\\/public_html\\\/produkt\\\/nahradny-jednorazovy-filter-g2-pre-ald-365-5-ks\\\/\"]}]},{\"@type\":\"ImageObject\",\"inLanguage\":\"sk-SK\",\"@id\":\"https:\\\/\\\/lunos.sk\\\/public_html\\\/produkt\\\/nahradny-jednorazovy-filter-g2-pre-ald-365-5-ks\\\/#primaryimage\",\"url\":\"https:\\\/\\\/lunos.sk\\\/public_html\\\/wp-content\\\/uploads\\\/2021\\\/09\\\/9-FALD-5.jpg\",\"contentUrl\":\"https:\\\/\\\/lunos.sk\\\/public_html\\\/wp-content\\\/uploads\\\/2021\\\/09\\\/9-FALD-5.jpg\",\"width\":300,\"height\":200},{\"@type\":\"BreadcrumbList\",\"@id\":\"https:\\\/\\\/lunos.sk\\\/public_html\\\/produkt\\\/nahradny-jednorazovy-filter-g2-pre-ald-365-5-ks\\\/#breadcrumb\",\"itemListElement\":[{\"@type\":\"ListItem\",\"position\":1,\"name\":\"Home\",\"item\":\"https:\\\/\\\/lunos.sk\\\/public_html\\\/\"},{\"@type\":\"ListItem\",\"position\":2,\"name\":\"Produkty\",\"item\":\"https:\\\/\\\/lunos.sk\\\/public_html\\\/produkty\\\/\"},{\"@type\":\"ListItem\",\"position\":3,\"name\":\"N\u00e1hradn\u00fd jednor\u00e1zov\u00fd filter G2 pre ALD 36,5 (5 ks)\"}]},{\"@type\":\"WebSite\",\"@id\":\"https:\\\/\\\/lunos.sk\\\/public_html\\\/#website\",\"url\":\"https:\\\/\\\/lunos.sk\\\/public_html\\\/\",\"name\":\"Lunos Slovensko\",\"description\":\"\",\"publisher\":{\"@id\":\"https:\\\/\\\/lunos.sk\\\/public_html\\\/#organization\"},\"potentialAction\":[{\"@type\":\"SearchAction\",\"target\":{\"@type\":\"EntryPoint\",\"urlTemplate\":\"https:\\\/\\\/lunos.sk\\\/public_html\\\/?s={search_term_string}\"},\"query-input\":{\"@type\":\"PropertyValueSpecification\",\"valueRequired\":true,\"valueName\":\"search_term_string\"}}],\"inLanguage\":\"sk-SK\"},{\"@type\":\"Organization\",\"@id\":\"https:\\\/\\\/lunos.sk\\\/public_html\\\/#organization\",\"name\":\"Lunos\",\"url\":\"https:\\\/\\\/lunos.sk\\\/public_html\\\/\",\"logo\":{\"@type\":\"ImageObject\",\"inLanguage\":\"sk-SK\",\"@id\":\"https:\\\/\\\/lunos.sk\\\/public_html\\\/#\\\/schema\\\/logo\\\/image\\\/\",\"url\":\"https:\\\/\\\/lunos.sk\\\/public_html\\\/wp-content\\\/uploads\\\/2021\\\/07\\\/logo-lunos.png\",\"contentUrl\":\"https:\\\/\\\/lunos.sk\\\/public_html\\\/wp-content\\\/uploads\\\/2021\\\/07\\\/logo-lunos.png\",\"width\":200,\"height\":101,\"caption\":\"Lunos\"},\"image\":{\"@id\":\"https:\\\/\\\/lunos.sk\\\/public_html\\\/#\\\/schema\\\/logo\\\/image\\\/\"},\"sameAs\":[\"https:\\\/\\\/www.facebook.com\\\/lunosslovensko\",\"https:\\\/\\\/x.com\\\/lunos_slovensko\"]}]}<\/script>\n<!-- \/ Yoast SEO plugin. -->","yoast_head_json":{"title":"N\u00e1hradn\u00fd jednor\u00e1zov\u00fd filter G2 pre ALD 36,5 (5 ks) - Lunos Slovensko","robots":{"index":"index","follow":"follow","max-snippet":"max-snippet:-1","max-image-preview":"max-image-preview:large","max-video-preview":"max-video-preview:-1"},"canonical":"https:\/\/lunos.sk\/public_html\/produkt\/nahradny-jednorazovy-filter-g2-pre-ald-365-5-ks\/","og_locale":"sk_SK","og_type":"article","og_title":"N\u00e1hradn\u00fd jednor\u00e1zov\u00fd filter G2 pre ALD 36,5 (5 ks) - Lunos Slovensko","og_description":"[vc_row][vc_column][\/vc_column][\/vc_row]","og_url":"https:\/\/lunos.sk\/public_html\/produkt\/nahradny-jednorazovy-filter-g2-pre-ald-365-5-ks\/","og_site_name":"Lunos Slovensko","article_publisher":"https:\/\/www.facebook.com\/lunosslovensko","article_modified_time":"2023-01-13T15:07:19+00:00","og_image":[{"width":300,"height":200,"url":"https:\/\/lunos.sk\/public_html\/wp-content\/uploads\/2021\/09\/9-FALD-5.jpg","type":"image\/jpeg"}],"twitter_card":"summary_large_image","twitter_site":"@lunos_slovensko","twitter_misc":{"Predpokladan\u00fd \u010das \u010d\u00edtania":"1 min\u00fata"},"schema":{"@context":"https:\/\/schema.org","@graph":[{"@type":"WebPage","@id":"https:\/\/lunos.sk\/public_html\/produkt\/nahradny-jednorazovy-filter-g2-pre-ald-365-5-ks\/","url":"https:\/\/lunos.sk\/public_html\/produkt\/nahradny-jednorazovy-filter-g2-pre-ald-365-5-ks\/","name":"N\u00e1hradn\u00fd jednor\u00e1zov\u00fd filter G2 pre ALD 36,5 (5 ks) - Lunos Slovensko","isPartOf":{"@id":"https:\/\/lunos.sk\/public_html\/#website"},"primaryImageOfPage":{"@id":"https:\/\/lunos.sk\/public_html\/produkt\/nahradny-jednorazovy-filter-g2-pre-ald-365-5-ks\/#primaryimage"},"image":{"@id":"https:\/\/lunos.sk\/public_html\/produkt\/nahradny-jednorazovy-filter-g2-pre-ald-365-5-ks\/#primaryimage"},"thumbnailUrl":"https:\/\/lunos.sk\/public_html\/wp-content\/uploads\/2021\/09\/9-FALD-5.jpg","datePublished":"2021-09-30T07:55:50+00:00","dateModified":"2023-01-13T15:07:19+00:00","breadcrumb":{"@id":"https:\/\/lunos.sk\/public_html\/produkt\/nahradny-jednorazovy-filter-g2-pre-ald-365-5-ks\/#breadcrumb"},"inLanguage":"sk-SK","potentialAction":[{"@type":"ReadAction","target":["https:\/\/lunos.sk\/public_html\/produkt\/nahradny-jednorazovy-filter-g2-pre-ald-365-5-ks\/"]}]},{"@type":"ImageObject","inLanguage":"sk-SK","@id":"https:\/\/lunos.sk\/public_html\/produkt\/nahradny-jednorazovy-filter-g2-pre-ald-365-5-ks\/#primaryimage","url":"https:\/\/lunos.sk\/public_html\/wp-content\/uploads\/2021\/09\/9-FALD-5.jpg","contentUrl":"https:\/\/lunos.sk\/public_html\/wp-content\/uploads\/2021\/09\/9-FALD-5.jpg","width":300,"height":200},{"@type":"BreadcrumbList","@id":"https:\/\/lunos.sk\/public_html\/produkt\/nahradny-jednorazovy-filter-g2-pre-ald-365-5-ks\/#breadcrumb","itemListElement":[{"@type":"ListItem","position":1,"name":"Home","item":"https:\/\/lunos.sk\/public_html\/"},{"@type":"ListItem","position":2,"name":"Produkty","item":"https:\/\/lunos.sk\/public_html\/produkty\/"},{"@type":"ListItem","position":3,"name":"N\u00e1hradn\u00fd jednor\u00e1zov\u00fd filter G2 pre ALD 36,5 (5 ks)"}]},{"@type":"WebSite","@id":"https:\/\/lunos.sk\/public_html\/#website","url":"https:\/\/lunos.sk\/public_html\/","name":"Lunos Slovensko","description":"","publisher":{"@id":"https:\/\/lunos.sk\/public_html\/#organization"},"potentialAction":[{"@type":"SearchAction","target":{"@type":"EntryPoint","urlTemplate":"https:\/\/lunos.sk\/public_html\/?s={search_term_string}"},"query-input":{"@type":"PropertyValueSpecification","valueRequired":true,"valueName":"search_term_string"}}],"inLanguage":"sk-SK"},{"@type":"Organization","@id":"https:\/\/lunos.sk\/public_html\/#organization","name":"Lunos","url":"https:\/\/lunos.sk\/public_html\/","logo":{"@type":"ImageObject","inLanguage":"sk-SK","@id":"https:\/\/lunos.sk\/public_html\/#\/schema\/logo\/image\/","url":"https:\/\/lunos.sk\/public_html\/wp-content\/uploads\/2021\/07\/logo-lunos.png","contentUrl":"https:\/\/lunos.sk\/public_html\/wp-content\/uploads\/2021\/07\/logo-lunos.png","width":200,"height":101,"caption":"Lunos"},"image":{"@id":"https:\/\/lunos.sk\/public_html\/#\/schema\/logo\/image\/"},"sameAs":["https:\/\/www.facebook.com\/lunosslovensko","https:\/\/x.com\/lunos_slovensko"]}]}},"jetpack_sharing_enabled":true,"_links":{"self":[{"href":"https:\/\/lunos.sk\/public_html\/wp-json\/wp\/v2\/product\/7905","targetHints":{"allow":["GET"]}}],"collection":[{"href":"https:\/\/lunos.sk\/public_html\/wp-json\/wp\/v2\/product"}],"about":[{"href":"https:\/\/lunos.sk\/public_html\/wp-json\/wp\/v2\/types\/product"}],"version-history":[{"count":1,"href":"https:\/\/lunos.sk\/public_html\/wp-json\/wp\/v2\/product\/7905\/revisions"}],"predecessor-version":[{"id":8463,"href":"https:\/\/lunos.sk\/public_html\/wp-json\/wp\/v2\/product\/7905\/revisions\/8463"}],"wp:featuredmedia":[{"embeddable":true,"href":"https:\/\/lunos.sk\/public_html\/wp-json\/wp\/v2\/media\/7907"}],"wp:attachment":[{"href":"https:\/\/lunos.sk\/public_html\/wp-json\/wp\/v2\/media?parent=7905"}],"wp:term":[{"taxonomy":"product_brand","embeddable":true,"href":"https:\/\/lunos.sk\/public_html\/wp-json\/wp\/v2\/product_brand?post=7905"},{"taxonomy":"product_cat","embeddable":true,"href":"https:\/\/lunos.sk\/public_html\/wp-json\/wp\/v2\/product_cat?post=7905"},{"taxonomy":"product_tag","embeddable":true,"href":"https:\/\/lunos.sk\/public_html\/wp-json\/wp\/v2\/product_tag?post=7905"}],"curies":[{"name":"wp","href":"https:\/\/api.w.org\/{rel}","templated":true}]}}