{"id":7920,"date":"2021-10-01T14:47:39","date_gmt":"2021-10-01T12:47:39","guid":{"rendered":"https:\/\/lunos.sk\/public_html\/?post_type=product&#038;p=7920"},"modified":"2026-04-09T18:52:56","modified_gmt":"2026-04-09T16:52:56","slug":"pelovy-filter-pre-9-fib-9p","status":"publish","type":"product","link":"https:\/\/lunos.sk\/public_html\/produkt\/pelovy-filter-pre-9-fib-9p\/","title":{"rendered":"Pe\u013eov\u00fd filter pre 9\/FIB-P pre 9\/IBx (3ks)"},"content":{"rendered":"<div class=\"wpb-content-wrapper\"><p>[vc_row][vc_column]\t\t\t<div id=\"wd-69d7d92c9dfe0\" class=\"wd-text-block-wrapper wd-wpb wd-rs-69d7d92c9dfe0 color-scheme- wd-width-100 text-left  popis-produktu\">\n\t\t\t\t<div class=\"woodmart-title-container woodmart-text-block reset-last-child font-text wd-font-weight- \">\n\t\t\t\t\tN\u00e1hradn\u00fd dvojvrstvov\u00fd elektretovy pe\u013eov\u00fd filter 9\/FIB-P do vn\u00fatorn\u00e9ho krytu 9\/IB18, 9\/IBE, 9\/IBK alebo 9\/IBG.<\/p>\n<p>Pou\u017e\u00edva sa v zostave produktov syst\u00e9mu 160 (ALD-R, e<sup>2<\/sup>, AB 30\/60, RA15-60 ) a kombin\u00e1ciou vy\u0161\u0161ie pop\u00edsan\u00fdch vn\u00fatorn\u00fdch krytov.<\/p>\n<h4>Z\u00e1kladom syst\u00e9mu 160 je okr\u00fahly tubus priemeru 160 mm z PPs.<\/h4>\n<p>Pokia\u013e pou\u017eijete tento filter v produktoch ALD-R, AB 30\/60 alebo RA 15-60, m\u00f4\u017ee d\u00f4js\u0165 k miernemu zn\u00ed\u017eeniu prietoku oproti hodnot\u00e1m ud\u00e1van\u00fdch technickom d\u00e1tovom liste.<\/p>\n<p>Filter kontrolujte na zne\u010distenie minim\u00e1lne jedenkr\u00e1t za 3 mesiace. V pr\u00edpade potreby ho vyme\u0148te. Filter nie je vhodn\u00e9 \u010disti\u0165 vodou.<\/p>\n<p>Balenie obsahuje 3 ks<\/p>\n<h2>Pe\u013eov\u00fd filter\u00a0 pre hlukovo utlmen\u00fd vn\u00fatorn\u00fd kryt 9\/IBS n\u00e1jdete pod obj. \u010d\u00edslom 9\/FIB-PL.<\/h2>\n<p>\t\t\t\t<\/div>\n\n\t\t\t\t\t\t\t<\/div>\n\t\t[\/vc_column][\/vc_row]<\/p>\n<\/div>","protected":false},"excerpt":{"rendered":"<p>[vc_row][vc_column][\/vc_column][\/vc_row]<\/p>\n","protected":false},"featured_media":8469,"template":"","meta":[],"product_brand":[],"product_cat":[100,96],"product_tag":[],"class_list":{"0":"post-7920","1":"product","2":"type-product","3":"status-publish","4":"has-post-thumbnail","6":"product_cat-eshop","7":"product_cat-filtre","9":"first","10":"onbackorder","11":"shipping-taxable","12":"purchasable","13":"product-type-simple"},"yoast_head":"<!-- This site is optimized with the Yoast SEO plugin v27.5 - https:\/\/yoast.com\/product\/yoast-seo-wordpress\/ -->\n<title>Pe\u013eov\u00fd filter pre 9\/FIB-P pre 9\/IBx (3ks) - Lunos Slovensko<\/title>\n<meta name=\"description\" content=\"N\u00e1hradn\u00fd dvojvrstvov\u00fd elektretovy pe\u013eov\u00fd filter 9\/FIB-P do vn\u00fatorn\u00e9ho krytu 9\/IB18, 9\/IBE, 9\/IBK alebo 9\/IBG.\" \/>\n<meta name=\"robots\" content=\"index, follow, max-snippet:-1, max-image-preview:large, max-video-preview:-1\" \/>\n<link rel=\"canonical\" href=\"https:\/\/lunos.sk\/public_html\/produkt\/pelovy-filter-pre-9-fib-9p\/\" \/>\n<meta property=\"og:locale\" content=\"sk_SK\" \/>\n<meta property=\"og:type\" content=\"article\" \/>\n<meta property=\"og:title\" content=\"Pe\u013eov\u00fd filter pre 9\/FIB-P pre 9\/IBx (3ks) - Lunos Slovensko\" \/>\n<meta property=\"og:description\" content=\"N\u00e1hradn\u00fd dvojvrstvov\u00fd elektretovy pe\u013eov\u00fd filter 9\/FIB-P do vn\u00fatorn\u00e9ho krytu 9\/IB18, 9\/IBE, 9\/IBK alebo 9\/IBG.\" \/>\n<meta property=\"og:url\" content=\"https:\/\/lunos.sk\/public_html\/produkt\/pelovy-filter-pre-9-fib-9p\/\" \/>\n<meta property=\"og:site_name\" content=\"Lunos Slovensko\" \/>\n<meta property=\"article:publisher\" content=\"https:\/\/www.facebook.com\/lunosslovensko\" \/>\n<meta property=\"article:modified_time\" content=\"2026-04-09T16:52:56+00:00\" \/>\n<meta property=\"og:image\" content=\"https:\/\/lunos.sk\/public_html\/wp-content\/uploads\/2022\/01\/9-FIB-P.png\" \/>\n\t<meta property=\"og:image:width\" content=\"763\" \/>\n\t<meta property=\"og:image:height\" content=\"827\" \/>\n\t<meta property=\"og:image:type\" content=\"image\/png\" \/>\n<meta name=\"twitter:card\" content=\"summary_large_image\" \/>\n<meta name=\"twitter:site\" content=\"@lunos_slovensko\" \/>\n<meta name=\"twitter:label1\" content=\"Predpokladan\u00fd \u010das \u010d\u00edtania\" \/>\n\t<meta name=\"twitter:data1\" content=\"1 min\u00fata\" \/>\n<script type=\"application\/ld+json\" class=\"yoast-schema-graph\">{\"@context\":\"https:\\\/\\\/schema.org\",\"@graph\":[{\"@type\":\"WebPage\",\"@id\":\"https:\\\/\\\/lunos.sk\\\/public_html\\\/produkt\\\/pelovy-filter-pre-9-fib-9p\\\/\",\"url\":\"https:\\\/\\\/lunos.sk\\\/public_html\\\/produkt\\\/pelovy-filter-pre-9-fib-9p\\\/\",\"name\":\"Pe\u013eov\u00fd filter pre 9\\\/FIB-P pre 9\\\/IBx (3ks) - Lunos Slovensko\",\"isPartOf\":{\"@id\":\"https:\\\/\\\/lunos.sk\\\/public_html\\\/#website\"},\"primaryImageOfPage\":{\"@id\":\"https:\\\/\\\/lunos.sk\\\/public_html\\\/produkt\\\/pelovy-filter-pre-9-fib-9p\\\/#primaryimage\"},\"image\":{\"@id\":\"https:\\\/\\\/lunos.sk\\\/public_html\\\/produkt\\\/pelovy-filter-pre-9-fib-9p\\\/#primaryimage\"},\"thumbnailUrl\":\"https:\\\/\\\/lunos.sk\\\/public_html\\\/wp-content\\\/uploads\\\/2022\\\/01\\\/9-FIB-P.png\",\"datePublished\":\"2021-10-01T12:47:39+00:00\",\"dateModified\":\"2026-04-09T16:52:56+00:00\",\"description\":\"N\u00e1hradn\u00fd dvojvrstvov\u00fd elektretovy pe\u013eov\u00fd filter 9\\\/FIB-P do vn\u00fatorn\u00e9ho krytu 9\\\/IB18, 9\\\/IBE, 9\\\/IBK alebo 9\\\/IBG.\",\"breadcrumb\":{\"@id\":\"https:\\\/\\\/lunos.sk\\\/public_html\\\/produkt\\\/pelovy-filter-pre-9-fib-9p\\\/#breadcrumb\"},\"inLanguage\":\"sk-SK\",\"potentialAction\":[{\"@type\":\"ReadAction\",\"target\":[\"https:\\\/\\\/lunos.sk\\\/public_html\\\/produkt\\\/pelovy-filter-pre-9-fib-9p\\\/\"]}]},{\"@type\":\"ImageObject\",\"inLanguage\":\"sk-SK\",\"@id\":\"https:\\\/\\\/lunos.sk\\\/public_html\\\/produkt\\\/pelovy-filter-pre-9-fib-9p\\\/#primaryimage\",\"url\":\"https:\\\/\\\/lunos.sk\\\/public_html\\\/wp-content\\\/uploads\\\/2022\\\/01\\\/9-FIB-P.png\",\"contentUrl\":\"https:\\\/\\\/lunos.sk\\\/public_html\\\/wp-content\\\/uploads\\\/2022\\\/01\\\/9-FIB-P.png\",\"width\":763,\"height\":827},{\"@type\":\"BreadcrumbList\",\"@id\":\"https:\\\/\\\/lunos.sk\\\/public_html\\\/produkt\\\/pelovy-filter-pre-9-fib-9p\\\/#breadcrumb\",\"itemListElement\":[{\"@type\":\"ListItem\",\"position\":1,\"name\":\"Home\",\"item\":\"https:\\\/\\\/lunos.sk\\\/public_html\\\/\"},{\"@type\":\"ListItem\",\"position\":2,\"name\":\"Produkty\",\"item\":\"https:\\\/\\\/lunos.sk\\\/public_html\\\/produkty\\\/\"},{\"@type\":\"ListItem\",\"position\":3,\"name\":\"Pe\u013eov\u00fd filter pre 9\\\/FIB-P pre 9\\\/IBx (3ks)\"}]},{\"@type\":\"WebSite\",\"@id\":\"https:\\\/\\\/lunos.sk\\\/public_html\\\/#website\",\"url\":\"https:\\\/\\\/lunos.sk\\\/public_html\\\/\",\"name\":\"Lunos Slovensko\",\"description\":\"\",\"publisher\":{\"@id\":\"https:\\\/\\\/lunos.sk\\\/public_html\\\/#organization\"},\"potentialAction\":[{\"@type\":\"SearchAction\",\"target\":{\"@type\":\"EntryPoint\",\"urlTemplate\":\"https:\\\/\\\/lunos.sk\\\/public_html\\\/?s={search_term_string}\"},\"query-input\":{\"@type\":\"PropertyValueSpecification\",\"valueRequired\":true,\"valueName\":\"search_term_string\"}}],\"inLanguage\":\"sk-SK\"},{\"@type\":\"Organization\",\"@id\":\"https:\\\/\\\/lunos.sk\\\/public_html\\\/#organization\",\"name\":\"Lunos\",\"url\":\"https:\\\/\\\/lunos.sk\\\/public_html\\\/\",\"logo\":{\"@type\":\"ImageObject\",\"inLanguage\":\"sk-SK\",\"@id\":\"https:\\\/\\\/lunos.sk\\\/public_html\\\/#\\\/schema\\\/logo\\\/image\\\/\",\"url\":\"https:\\\/\\\/lunos.sk\\\/public_html\\\/wp-content\\\/uploads\\\/2021\\\/07\\\/logo-lunos.png\",\"contentUrl\":\"https:\\\/\\\/lunos.sk\\\/public_html\\\/wp-content\\\/uploads\\\/2021\\\/07\\\/logo-lunos.png\",\"width\":200,\"height\":101,\"caption\":\"Lunos\"},\"image\":{\"@id\":\"https:\\\/\\\/lunos.sk\\\/public_html\\\/#\\\/schema\\\/logo\\\/image\\\/\"},\"sameAs\":[\"https:\\\/\\\/www.facebook.com\\\/lunosslovensko\",\"https:\\\/\\\/x.com\\\/lunos_slovensko\"]}]}<\/script>\n<!-- \/ Yoast SEO plugin. -->","yoast_head_json":{"title":"Pe\u013eov\u00fd filter pre 9\/FIB-P pre 9\/IBx (3ks) - Lunos Slovensko","description":"N\u00e1hradn\u00fd dvojvrstvov\u00fd elektretovy pe\u013eov\u00fd filter 9\/FIB-P do vn\u00fatorn\u00e9ho krytu 9\/IB18, 9\/IBE, 9\/IBK alebo 9\/IBG.","robots":{"index":"index","follow":"follow","max-snippet":"max-snippet:-1","max-image-preview":"max-image-preview:large","max-video-preview":"max-video-preview:-1"},"canonical":"https:\/\/lunos.sk\/public_html\/produkt\/pelovy-filter-pre-9-fib-9p\/","og_locale":"sk_SK","og_type":"article","og_title":"Pe\u013eov\u00fd filter pre 9\/FIB-P pre 9\/IBx (3ks) - Lunos Slovensko","og_description":"N\u00e1hradn\u00fd dvojvrstvov\u00fd elektretovy pe\u013eov\u00fd filter 9\/FIB-P do vn\u00fatorn\u00e9ho krytu 9\/IB18, 9\/IBE, 9\/IBK alebo 9\/IBG.","og_url":"https:\/\/lunos.sk\/public_html\/produkt\/pelovy-filter-pre-9-fib-9p\/","og_site_name":"Lunos Slovensko","article_publisher":"https:\/\/www.facebook.com\/lunosslovensko","article_modified_time":"2026-04-09T16:52:56+00:00","og_image":[{"width":763,"height":827,"url":"https:\/\/lunos.sk\/public_html\/wp-content\/uploads\/2022\/01\/9-FIB-P.png","type":"image\/png"}],"twitter_card":"summary_large_image","twitter_site":"@lunos_slovensko","twitter_misc":{"Predpokladan\u00fd \u010das \u010d\u00edtania":"1 min\u00fata"},"schema":{"@context":"https:\/\/schema.org","@graph":[{"@type":"WebPage","@id":"https:\/\/lunos.sk\/public_html\/produkt\/pelovy-filter-pre-9-fib-9p\/","url":"https:\/\/lunos.sk\/public_html\/produkt\/pelovy-filter-pre-9-fib-9p\/","name":"Pe\u013eov\u00fd filter pre 9\/FIB-P pre 9\/IBx (3ks) - Lunos Slovensko","isPartOf":{"@id":"https:\/\/lunos.sk\/public_html\/#website"},"primaryImageOfPage":{"@id":"https:\/\/lunos.sk\/public_html\/produkt\/pelovy-filter-pre-9-fib-9p\/#primaryimage"},"image":{"@id":"https:\/\/lunos.sk\/public_html\/produkt\/pelovy-filter-pre-9-fib-9p\/#primaryimage"},"thumbnailUrl":"https:\/\/lunos.sk\/public_html\/wp-content\/uploads\/2022\/01\/9-FIB-P.png","datePublished":"2021-10-01T12:47:39+00:00","dateModified":"2026-04-09T16:52:56+00:00","description":"N\u00e1hradn\u00fd dvojvrstvov\u00fd elektretovy pe\u013eov\u00fd filter 9\/FIB-P do vn\u00fatorn\u00e9ho krytu 9\/IB18, 9\/IBE, 9\/IBK alebo 9\/IBG.","breadcrumb":{"@id":"https:\/\/lunos.sk\/public_html\/produkt\/pelovy-filter-pre-9-fib-9p\/#breadcrumb"},"inLanguage":"sk-SK","potentialAction":[{"@type":"ReadAction","target":["https:\/\/lunos.sk\/public_html\/produkt\/pelovy-filter-pre-9-fib-9p\/"]}]},{"@type":"ImageObject","inLanguage":"sk-SK","@id":"https:\/\/lunos.sk\/public_html\/produkt\/pelovy-filter-pre-9-fib-9p\/#primaryimage","url":"https:\/\/lunos.sk\/public_html\/wp-content\/uploads\/2022\/01\/9-FIB-P.png","contentUrl":"https:\/\/lunos.sk\/public_html\/wp-content\/uploads\/2022\/01\/9-FIB-P.png","width":763,"height":827},{"@type":"BreadcrumbList","@id":"https:\/\/lunos.sk\/public_html\/produkt\/pelovy-filter-pre-9-fib-9p\/#breadcrumb","itemListElement":[{"@type":"ListItem","position":1,"name":"Home","item":"https:\/\/lunos.sk\/public_html\/"},{"@type":"ListItem","position":2,"name":"Produkty","item":"https:\/\/lunos.sk\/public_html\/produkty\/"},{"@type":"ListItem","position":3,"name":"Pe\u013eov\u00fd filter pre 9\/FIB-P pre 9\/IBx (3ks)"}]},{"@type":"WebSite","@id":"https:\/\/lunos.sk\/public_html\/#website","url":"https:\/\/lunos.sk\/public_html\/","name":"Lunos Slovensko","description":"","publisher":{"@id":"https:\/\/lunos.sk\/public_html\/#organization"},"potentialAction":[{"@type":"SearchAction","target":{"@type":"EntryPoint","urlTemplate":"https:\/\/lunos.sk\/public_html\/?s={search_term_string}"},"query-input":{"@type":"PropertyValueSpecification","valueRequired":true,"valueName":"search_term_string"}}],"inLanguage":"sk-SK"},{"@type":"Organization","@id":"https:\/\/lunos.sk\/public_html\/#organization","name":"Lunos","url":"https:\/\/lunos.sk\/public_html\/","logo":{"@type":"ImageObject","inLanguage":"sk-SK","@id":"https:\/\/lunos.sk\/public_html\/#\/schema\/logo\/image\/","url":"https:\/\/lunos.sk\/public_html\/wp-content\/uploads\/2021\/07\/logo-lunos.png","contentUrl":"https:\/\/lunos.sk\/public_html\/wp-content\/uploads\/2021\/07\/logo-lunos.png","width":200,"height":101,"caption":"Lunos"},"image":{"@id":"https:\/\/lunos.sk\/public_html\/#\/schema\/logo\/image\/"},"sameAs":["https:\/\/www.facebook.com\/lunosslovensko","https:\/\/x.com\/lunos_slovensko"]}]}},"jetpack_sharing_enabled":true,"_links":{"self":[{"href":"https:\/\/lunos.sk\/public_html\/wp-json\/wp\/v2\/product\/7920","targetHints":{"allow":["GET"]}}],"collection":[{"href":"https:\/\/lunos.sk\/public_html\/wp-json\/wp\/v2\/product"}],"about":[{"href":"https:\/\/lunos.sk\/public_html\/wp-json\/wp\/v2\/types\/product"}],"version-history":[{"count":5,"href":"https:\/\/lunos.sk\/public_html\/wp-json\/wp\/v2\/product\/7920\/revisions"}],"predecessor-version":[{"id":9037,"href":"https:\/\/lunos.sk\/public_html\/wp-json\/wp\/v2\/product\/7920\/revisions\/9037"}],"wp:featuredmedia":[{"embeddable":true,"href":"https:\/\/lunos.sk\/public_html\/wp-json\/wp\/v2\/media\/8469"}],"wp:attachment":[{"href":"https:\/\/lunos.sk\/public_html\/wp-json\/wp\/v2\/media?parent=7920"}],"wp:term":[{"taxonomy":"product_brand","embeddable":true,"href":"https:\/\/lunos.sk\/public_html\/wp-json\/wp\/v2\/product_brand?post=7920"},{"taxonomy":"product_cat","embeddable":true,"href":"https:\/\/lunos.sk\/public_html\/wp-json\/wp\/v2\/product_cat?post=7920"},{"taxonomy":"product_tag","embeddable":true,"href":"https:\/\/lunos.sk\/public_html\/wp-json\/wp\/v2\/product_tag?post=7920"}],"curies":[{"name":"wp","href":"https:\/\/api.w.org\/{rel}","templated":true}]}}