{"id":7922,"date":"2021-12-08T14:49:07","date_gmt":"2021-12-08T13:49:07","guid":{"rendered":"https:\/\/lunos.sk\/public_html\/?post_type=product&#038;p=7922"},"modified":"2024-06-03T14:51:43","modified_gmt":"2024-06-03T12:51:43","slug":"ra-15-60-radialny-odsavaci-ventilator-s-hlukovym-utlmom","status":"publish","type":"product","link":"https:\/\/lunos.sk\/public_html\/produkt\/ra-15-60-radialny-odsavaci-ventilator-s-hlukovym-utlmom\/","title":{"rendered":"RA 15-60 Radi\u00e1lny ods\u00e1vac\u00ed ventil\u00e1tor s hlukov\u00fdm \u00fatlmom"},"content":{"rendered":"<div class=\"wpb-content-wrapper\"><p>[vc_row][vc_column]\t\t\t<div id=\"wd-6204cf24b0c8e\" class=\"wd-text-block-wrapper wd-wpb wd-rs-6204cf24b0c8e color-scheme- wd-width-100 text-left  popis-produktu\">\n\t\t\t\t<div class=\"woodmart-title-container woodmart-text-block reset-last-child font-text wd-font-weight- \">\n\t\t\t\t\tAB 30\/60: Axi\u00e1lny ods\u00e1vac\u00ed ventil\u00e1tor<br \/>\nOds\u00e1vac\u00ed ventil\u00e1tor s ec-motorom pre odvetranie miestnosti s obvodovou stenou predstavuje ide\u00e1lnu kombin\u00e1ciu hlukov\u00e9ho \u00fatlmu (\u00a0<a href=\"https:\/\/lunos.sk\/public_html\/wp-content\/uploads\/2021\/06\/RA-15-60-hluk-info.pdf\">Hodnoty hluku RA 15-60<\/a>)a podtlakov\u00e9ho vetrania<br \/>\nM\u00f4\u017ee by\u0165 kombinovan\u00fd s fas\u00e1dnym prvkom LUNOtherm<\/p>\n<p>obsahuje 12 V DC SELV ec-motor, filter a hviezdicov\u00e9 tlmi\u010de hluku,<br \/>\nMin. d\u013a\u017eka tubusu: 170 mm\t\t\t\t<\/div>\n\n\t\t\t\t\t\t\t<\/div>\n\t\t[\/vc_column][\/vc_row]<\/p>\n<\/div>","protected":false},"excerpt":{"rendered":"[html_block id=\"8111\"]\n","protected":false},"featured_media":7923,"template":"","meta":[],"product_brand":[],"product_cat":[67],"product_tag":[],"class_list":{"0":"post-7922","1":"product","2":"type-product","3":"status-publish","4":"has-post-thumbnail","6":"product_cat-podtlakovy-vetraci-system","8":"first","9":"instock","10":"shipping-taxable","11":"product-type-simple"},"yoast_head":"<!-- This site is optimized with the Yoast SEO plugin v27.4 - https:\/\/yoast.com\/product\/yoast-seo-wordpress\/ -->\n<title>RA 15-60 Radi\u00e1lny ods\u00e1vac\u00ed ventil\u00e1tor s hlukov\u00fdm \u00fatlmom - Lunos Slovensko<\/title>\n<meta name=\"robots\" content=\"index, follow, max-snippet:-1, max-image-preview:large, max-video-preview:-1\" \/>\n<link rel=\"canonical\" href=\"https:\/\/lunos.sk\/public_html\/produkt\/ra-15-60-radialny-odsavaci-ventilator-s-hlukovym-utlmom\/\" \/>\n<meta property=\"og:locale\" content=\"sk_SK\" \/>\n<meta property=\"og:type\" content=\"article\" \/>\n<meta property=\"og:title\" content=\"RA 15-60 Radi\u00e1lny ods\u00e1vac\u00ed ventil\u00e1tor s hlukov\u00fdm \u00fatlmom - Lunos Slovensko\" \/>\n<meta property=\"og:url\" content=\"https:\/\/lunos.sk\/public_html\/produkt\/ra-15-60-radialny-odsavaci-ventilator-s-hlukovym-utlmom\/\" \/>\n<meta property=\"og:site_name\" content=\"Lunos Slovensko\" \/>\n<meta property=\"article:publisher\" content=\"https:\/\/www.facebook.com\/lunosslovensko\" \/>\n<meta property=\"article:modified_time\" content=\"2024-06-03T12:51:43+00:00\" \/>\n<meta property=\"og:image\" content=\"https:\/\/lunos.sk\/public_html\/wp-content\/uploads\/2021\/10\/RA_15-60_Einschub-2018.png\" \/>\n\t<meta property=\"og:image:width\" content=\"1181\" \/>\n\t<meta property=\"og:image:height\" content=\"1002\" \/>\n\t<meta property=\"og:image:type\" content=\"image\/png\" \/>\n<meta name=\"twitter:card\" content=\"summary_large_image\" \/>\n<meta name=\"twitter:description\" content=\"[html_block id=&quot;8111&quot;]\" \/>\n<meta name=\"twitter:site\" content=\"@lunos_slovensko\" \/>\n<meta name=\"twitter:label1\" content=\"Predpokladan\u00fd \u010das \u010d\u00edtania\" \/>\n\t<meta name=\"twitter:data1\" content=\"1 min\u00fata\" \/>\n<script type=\"application\/ld+json\" class=\"yoast-schema-graph\">{\"@context\":\"https:\\\/\\\/schema.org\",\"@graph\":[{\"@type\":\"WebPage\",\"@id\":\"https:\\\/\\\/lunos.sk\\\/public_html\\\/produkt\\\/ra-15-60-radialny-odsavaci-ventilator-s-hlukovym-utlmom\\\/\",\"url\":\"https:\\\/\\\/lunos.sk\\\/public_html\\\/produkt\\\/ra-15-60-radialny-odsavaci-ventilator-s-hlukovym-utlmom\\\/\",\"name\":\"RA 15-60 Radi\u00e1lny ods\u00e1vac\u00ed ventil\u00e1tor s hlukov\u00fdm \u00fatlmom - Lunos Slovensko\",\"isPartOf\":{\"@id\":\"https:\\\/\\\/lunos.sk\\\/public_html\\\/#website\"},\"primaryImageOfPage\":{\"@id\":\"https:\\\/\\\/lunos.sk\\\/public_html\\\/produkt\\\/ra-15-60-radialny-odsavaci-ventilator-s-hlukovym-utlmom\\\/#primaryimage\"},\"image\":{\"@id\":\"https:\\\/\\\/lunos.sk\\\/public_html\\\/produkt\\\/ra-15-60-radialny-odsavaci-ventilator-s-hlukovym-utlmom\\\/#primaryimage\"},\"thumbnailUrl\":\"https:\\\/\\\/lunos.sk\\\/public_html\\\/wp-content\\\/uploads\\\/2021\\\/10\\\/RA_15-60_Einschub-2018.png\",\"datePublished\":\"2021-12-08T13:49:07+00:00\",\"dateModified\":\"2024-06-03T12:51:43+00:00\",\"breadcrumb\":{\"@id\":\"https:\\\/\\\/lunos.sk\\\/public_html\\\/produkt\\\/ra-15-60-radialny-odsavaci-ventilator-s-hlukovym-utlmom\\\/#breadcrumb\"},\"inLanguage\":\"sk-SK\",\"potentialAction\":[{\"@type\":\"ReadAction\",\"target\":[\"https:\\\/\\\/lunos.sk\\\/public_html\\\/produkt\\\/ra-15-60-radialny-odsavaci-ventilator-s-hlukovym-utlmom\\\/\"]}]},{\"@type\":\"ImageObject\",\"inLanguage\":\"sk-SK\",\"@id\":\"https:\\\/\\\/lunos.sk\\\/public_html\\\/produkt\\\/ra-15-60-radialny-odsavaci-ventilator-s-hlukovym-utlmom\\\/#primaryimage\",\"url\":\"https:\\\/\\\/lunos.sk\\\/public_html\\\/wp-content\\\/uploads\\\/2021\\\/10\\\/RA_15-60_Einschub-2018.png\",\"contentUrl\":\"https:\\\/\\\/lunos.sk\\\/public_html\\\/wp-content\\\/uploads\\\/2021\\\/10\\\/RA_15-60_Einschub-2018.png\",\"width\":1181,\"height\":1002},{\"@type\":\"BreadcrumbList\",\"@id\":\"https:\\\/\\\/lunos.sk\\\/public_html\\\/produkt\\\/ra-15-60-radialny-odsavaci-ventilator-s-hlukovym-utlmom\\\/#breadcrumb\",\"itemListElement\":[{\"@type\":\"ListItem\",\"position\":1,\"name\":\"Home\",\"item\":\"https:\\\/\\\/lunos.sk\\\/public_html\\\/\"},{\"@type\":\"ListItem\",\"position\":2,\"name\":\"Produkty\",\"item\":\"https:\\\/\\\/lunos.sk\\\/public_html\\\/produkty\\\/\"},{\"@type\":\"ListItem\",\"position\":3,\"name\":\"RA 15-60 Radi\u00e1lny ods\u00e1vac\u00ed ventil\u00e1tor s hlukov\u00fdm \u00fatlmom\"}]},{\"@type\":\"WebSite\",\"@id\":\"https:\\\/\\\/lunos.sk\\\/public_html\\\/#website\",\"url\":\"https:\\\/\\\/lunos.sk\\\/public_html\\\/\",\"name\":\"Lunos Slovensko\",\"description\":\"\",\"publisher\":{\"@id\":\"https:\\\/\\\/lunos.sk\\\/public_html\\\/#organization\"},\"potentialAction\":[{\"@type\":\"SearchAction\",\"target\":{\"@type\":\"EntryPoint\",\"urlTemplate\":\"https:\\\/\\\/lunos.sk\\\/public_html\\\/?s={search_term_string}\"},\"query-input\":{\"@type\":\"PropertyValueSpecification\",\"valueRequired\":true,\"valueName\":\"search_term_string\"}}],\"inLanguage\":\"sk-SK\"},{\"@type\":\"Organization\",\"@id\":\"https:\\\/\\\/lunos.sk\\\/public_html\\\/#organization\",\"name\":\"Lunos\",\"url\":\"https:\\\/\\\/lunos.sk\\\/public_html\\\/\",\"logo\":{\"@type\":\"ImageObject\",\"inLanguage\":\"sk-SK\",\"@id\":\"https:\\\/\\\/lunos.sk\\\/public_html\\\/#\\\/schema\\\/logo\\\/image\\\/\",\"url\":\"https:\\\/\\\/lunos.sk\\\/public_html\\\/wp-content\\\/uploads\\\/2021\\\/07\\\/logo-lunos.png\",\"contentUrl\":\"https:\\\/\\\/lunos.sk\\\/public_html\\\/wp-content\\\/uploads\\\/2021\\\/07\\\/logo-lunos.png\",\"width\":200,\"height\":101,\"caption\":\"Lunos\"},\"image\":{\"@id\":\"https:\\\/\\\/lunos.sk\\\/public_html\\\/#\\\/schema\\\/logo\\\/image\\\/\"},\"sameAs\":[\"https:\\\/\\\/www.facebook.com\\\/lunosslovensko\",\"https:\\\/\\\/x.com\\\/lunos_slovensko\"]}]}<\/script>\n<!-- \/ Yoast SEO plugin. -->","yoast_head_json":{"title":"RA 15-60 Radi\u00e1lny ods\u00e1vac\u00ed ventil\u00e1tor s hlukov\u00fdm \u00fatlmom - Lunos Slovensko","robots":{"index":"index","follow":"follow","max-snippet":"max-snippet:-1","max-image-preview":"max-image-preview:large","max-video-preview":"max-video-preview:-1"},"canonical":"https:\/\/lunos.sk\/public_html\/produkt\/ra-15-60-radialny-odsavaci-ventilator-s-hlukovym-utlmom\/","og_locale":"sk_SK","og_type":"article","og_title":"RA 15-60 Radi\u00e1lny ods\u00e1vac\u00ed ventil\u00e1tor s hlukov\u00fdm \u00fatlmom - Lunos Slovensko","og_url":"https:\/\/lunos.sk\/public_html\/produkt\/ra-15-60-radialny-odsavaci-ventilator-s-hlukovym-utlmom\/","og_site_name":"Lunos Slovensko","article_publisher":"https:\/\/www.facebook.com\/lunosslovensko","article_modified_time":"2024-06-03T12:51:43+00:00","og_image":[{"width":1181,"height":1002,"url":"https:\/\/lunos.sk\/public_html\/wp-content\/uploads\/2021\/10\/RA_15-60_Einschub-2018.png","type":"image\/png"}],"twitter_card":"summary_large_image","twitter_description":"[html_block id=\"8111\"]","twitter_site":"@lunos_slovensko","twitter_misc":{"Predpokladan\u00fd \u010das \u010d\u00edtania":"1 min\u00fata"},"schema":{"@context":"https:\/\/schema.org","@graph":[{"@type":"WebPage","@id":"https:\/\/lunos.sk\/public_html\/produkt\/ra-15-60-radialny-odsavaci-ventilator-s-hlukovym-utlmom\/","url":"https:\/\/lunos.sk\/public_html\/produkt\/ra-15-60-radialny-odsavaci-ventilator-s-hlukovym-utlmom\/","name":"RA 15-60 Radi\u00e1lny ods\u00e1vac\u00ed ventil\u00e1tor s hlukov\u00fdm \u00fatlmom - Lunos Slovensko","isPartOf":{"@id":"https:\/\/lunos.sk\/public_html\/#website"},"primaryImageOfPage":{"@id":"https:\/\/lunos.sk\/public_html\/produkt\/ra-15-60-radialny-odsavaci-ventilator-s-hlukovym-utlmom\/#primaryimage"},"image":{"@id":"https:\/\/lunos.sk\/public_html\/produkt\/ra-15-60-radialny-odsavaci-ventilator-s-hlukovym-utlmom\/#primaryimage"},"thumbnailUrl":"https:\/\/lunos.sk\/public_html\/wp-content\/uploads\/2021\/10\/RA_15-60_Einschub-2018.png","datePublished":"2021-12-08T13:49:07+00:00","dateModified":"2024-06-03T12:51:43+00:00","breadcrumb":{"@id":"https:\/\/lunos.sk\/public_html\/produkt\/ra-15-60-radialny-odsavaci-ventilator-s-hlukovym-utlmom\/#breadcrumb"},"inLanguage":"sk-SK","potentialAction":[{"@type":"ReadAction","target":["https:\/\/lunos.sk\/public_html\/produkt\/ra-15-60-radialny-odsavaci-ventilator-s-hlukovym-utlmom\/"]}]},{"@type":"ImageObject","inLanguage":"sk-SK","@id":"https:\/\/lunos.sk\/public_html\/produkt\/ra-15-60-radialny-odsavaci-ventilator-s-hlukovym-utlmom\/#primaryimage","url":"https:\/\/lunos.sk\/public_html\/wp-content\/uploads\/2021\/10\/RA_15-60_Einschub-2018.png","contentUrl":"https:\/\/lunos.sk\/public_html\/wp-content\/uploads\/2021\/10\/RA_15-60_Einschub-2018.png","width":1181,"height":1002},{"@type":"BreadcrumbList","@id":"https:\/\/lunos.sk\/public_html\/produkt\/ra-15-60-radialny-odsavaci-ventilator-s-hlukovym-utlmom\/#breadcrumb","itemListElement":[{"@type":"ListItem","position":1,"name":"Home","item":"https:\/\/lunos.sk\/public_html\/"},{"@type":"ListItem","position":2,"name":"Produkty","item":"https:\/\/lunos.sk\/public_html\/produkty\/"},{"@type":"ListItem","position":3,"name":"RA 15-60 Radi\u00e1lny ods\u00e1vac\u00ed ventil\u00e1tor s hlukov\u00fdm \u00fatlmom"}]},{"@type":"WebSite","@id":"https:\/\/lunos.sk\/public_html\/#website","url":"https:\/\/lunos.sk\/public_html\/","name":"Lunos Slovensko","description":"","publisher":{"@id":"https:\/\/lunos.sk\/public_html\/#organization"},"potentialAction":[{"@type":"SearchAction","target":{"@type":"EntryPoint","urlTemplate":"https:\/\/lunos.sk\/public_html\/?s={search_term_string}"},"query-input":{"@type":"PropertyValueSpecification","valueRequired":true,"valueName":"search_term_string"}}],"inLanguage":"sk-SK"},{"@type":"Organization","@id":"https:\/\/lunos.sk\/public_html\/#organization","name":"Lunos","url":"https:\/\/lunos.sk\/public_html\/","logo":{"@type":"ImageObject","inLanguage":"sk-SK","@id":"https:\/\/lunos.sk\/public_html\/#\/schema\/logo\/image\/","url":"https:\/\/lunos.sk\/public_html\/wp-content\/uploads\/2021\/07\/logo-lunos.png","contentUrl":"https:\/\/lunos.sk\/public_html\/wp-content\/uploads\/2021\/07\/logo-lunos.png","width":200,"height":101,"caption":"Lunos"},"image":{"@id":"https:\/\/lunos.sk\/public_html\/#\/schema\/logo\/image\/"},"sameAs":["https:\/\/www.facebook.com\/lunosslovensko","https:\/\/x.com\/lunos_slovensko"]}]}},"jetpack_sharing_enabled":true,"_links":{"self":[{"href":"https:\/\/lunos.sk\/public_html\/wp-json\/wp\/v2\/product\/7922","targetHints":{"allow":["GET"]}}],"collection":[{"href":"https:\/\/lunos.sk\/public_html\/wp-json\/wp\/v2\/product"}],"about":[{"href":"https:\/\/lunos.sk\/public_html\/wp-json\/wp\/v2\/types\/product"}],"version-history":[{"count":2,"href":"https:\/\/lunos.sk\/public_html\/wp-json\/wp\/v2\/product\/7922\/revisions"}],"predecessor-version":[{"id":8113,"href":"https:\/\/lunos.sk\/public_html\/wp-json\/wp\/v2\/product\/7922\/revisions\/8113"}],"wp:featuredmedia":[{"embeddable":true,"href":"https:\/\/lunos.sk\/public_html\/wp-json\/wp\/v2\/media\/7923"}],"wp:attachment":[{"href":"https:\/\/lunos.sk\/public_html\/wp-json\/wp\/v2\/media?parent=7922"}],"wp:term":[{"taxonomy":"product_brand","embeddable":true,"href":"https:\/\/lunos.sk\/public_html\/wp-json\/wp\/v2\/product_brand?post=7922"},{"taxonomy":"product_cat","embeddable":true,"href":"https:\/\/lunos.sk\/public_html\/wp-json\/wp\/v2\/product_cat?post=7922"},{"taxonomy":"product_tag","embeddable":true,"href":"https:\/\/lunos.sk\/public_html\/wp-json\/wp\/v2\/product_tag?post=7922"}],"curies":[{"name":"wp","href":"https:\/\/api.w.org\/{rel}","templated":true}]}}