{"id":7982,"date":"2021-10-26T08:56:53","date_gmt":"2021-10-26T06:56:53","guid":{"rendered":"https:\/\/lunos.sk\/public_html\/?post_type=product&#038;p=7982"},"modified":"2024-06-03T14:45:39","modified_gmt":"2024-06-03T12:45:39","slug":"nexxt","status":"publish","type":"product","link":"https:\/\/lunos.sk\/public_html\/produkt\/nexxt\/","title":{"rendered":"Ne<sup>xx<\/sup>t"},"content":{"rendered":"<div class=\"wpb-content-wrapper\"><p>[vc_row][vc_column]\t\t\t<div id=\"wd-6204d06c99c7b\" class=\"wd-text-block-wrapper wd-wpb wd-rs-6204d06c99c7b color-scheme- wd-width-100 text-left  popis-produktu\">\n\t\t\t\t<div class=\"woodmart-title-container woodmart-text-block reset-last-child font-text wd-font-weight- \">\n\t\t\t\t\tNe<sup>xx<\/sup>t je necentra\u0301lny vetraci\u0301 pri\u0301stroj so spa\u0308tny\u0301m zi\u0301skavani\u0301m tepla a v\u010faka vysok\u00e9mu objemov\u00e9mu prietoku vzduchu je vhodn\u00fd do s\u030cko\u0302lok, s\u030cko\u0302l, kancela\u0301rii\u0301, hotelov a ordina\u0301cii\u0301 leka\u0301rov. Rovnako v\u0161ak n\u00e1jde uplatnenie aj v bytoch alebo rodinny\u0301ch domoch. Mimoriadne je vhodny\u0301 do oblasti\u0301 alebo vy\u0301s\u030cok, kde prevla\u0301daju\u0301 silne\u0301 vetry, no bude sa mu pa\u0301c\u030cit\u030c aj na miestach, kde je poz\u030cadovany\u0301 vysoky\u0301 hlukovy\u0301 u\u0301tlm.<\/p>\n<p>V\u010faka n\u00edzkym pr\u00edkonom pr\u00edstroj Ne<sup>xx<\/sup>t dosahuje mimoriadnu energetick\u00fa efekt\u00edvnos\u0165. Ec technol\u00f3gia s vysokou \u00fa\u010dinnos\u0165ou umo\u017e\u0148uje n\u00edzku spotrebu energie.<\/p>\n<p>Pouz\u030ci\u0301vanie volitel\u030cny\u0301ch vysokokvalitny\u0301ch filtrov triedy F9 umoz\u030cnilo Ne<sup>xxt<\/sup>-u viacna\u0301sobne prekroc\u030cit\u030c s\u030ctandardy hygienicky\u0301ch poz\u030ciadaviek. Na vy\u0301ber poskytuje entalpicky\u0301 alebo kri\u0301z\u030covy\u0301 vy\u0301menni\u0301k tepla s u\u0301c\u030cin- nost\u030cou spa\u0308tne\u0301ho zi\u0301skavania tepla az\u030c 90 %<\/p>\n<p>Integrovan\u00e9 ovl\u00e1danie zabezpe\u010duje dokonal\u00fa s\u00fahru r\u00f4znych komponentov. Automatick\u00e9 ovl\u00e1danie vybaven\u00e9 senzormi na regul\u00e1ciu vetrania pod\u013ea tepelno-vlh\u202fkostnej kl\u00edmy zais\u0165uje \u00fa\u010dinn\u00e9 vetranie s \u202fochranou proti vlhkosti aj v \u0161tandardnej verzii. Ne<sup>xx<\/sup>t m\u00f4\u017ee by\u0165 volite\u013ene vybaven\u00fd bezdr\u00f4tov\u00fdm modulom FM-EO, pomocou ktor\u00e9ho ho pripoj\u00edte k obojsmernej bezdr\u00f4tovej komunika\u010dnej technol\u00f3gii s in\u00fdmi komponentmi od LUNOS-u a integrujete do Smart Home &#8211; dom\u00e1cej automatiz\u00e1cie.<\/p>\n<p>Spolo\u010dnos\u0165 LUNOS odpor\u00fa\u010da pou\u017ei\u0165 na roz\u0161\u00edrenie radu funkci\u00ed novovyvinut\u00fd diagnostick\u00fd softv\u00e9r a pou\u017e\u00edvanie funkci\u00ed protokolovania.<\/p>\n<p><strong>Funkcie: <\/strong><\/p>\n<ul>\n<li>Nastavenie prietoku vzduchu: Ne<sup>xx<\/sup>t-E a Ne<sup>xx<\/sup>t-K v rozsahu 15-110 m3\/h<\/li>\n<li>Automatika: aktivovanie regula\u0301cie podl\u030ca tepelno &#8211; vlhkostnej kli\u0301my<\/li>\n<li>Letn\u00fd re\u017eim: Zariadenie sa prepne c\u030cisto na privetra\u0301vanie alebo na odsa\u0301vanie<\/li>\n<li>Ochrana proti zamrznutiu: Prietok vzduchu sa pri riziku vychladenia bytu automaticky zni\u0301z\u030ci<\/li>\n<li>Ukazatel\u030c vy\u0301meny filtra<\/li>\n<\/ul>\n<p>Dostupnost\u030c filtrov najvys\u030cs\u030cieho kvalitati\u0301vneho s\u030ctandardu: Triedy M5, F7 alebo F9.<\/p>\n<p>Viac inform\u00e1cii o technick\u00fdch \u00fadajoch v\u00e1m poskytne technick\u00fd list v\u00fdrobku.\t\t\t\t<\/div>\n\n\t\t\t\t\t\t\t<\/div>\n\t\t[\/vc_column][\/vc_row]<\/p>\n<\/div>","protected":false},"excerpt":{"rendered":"<p><img decoding=\"async\" class=\"alignnone size-medium wp-image-8001\" src=\"https:\/\/lunos.sk\/public_html\/wp-content\/uploads\/2021\/10\/label_nexxt-e-0dcf1d97-148x300.jpg\" alt=\"\" width=\"148\" height=\"300\" \/><\/p>\n[html_block id=\"8048\"]\n","protected":false},"featured_media":7983,"template":"","meta":[],"product_brand":[],"product_cat":[68],"product_tag":[],"class_list":{"0":"post-7982","1":"product","2":"type-product","3":"status-publish","4":"has-post-thumbnail","6":"product_cat-vetranie-so-spatnym-ziskavanim-tepla","8":"first","9":"instock","10":"shipping-taxable","11":"product-type-simple"},"yoast_head":"<!-- This site is optimized with the Yoast SEO plugin v27.5 - https:\/\/yoast.com\/product\/yoast-seo-wordpress\/ -->\n<title>Nexxt - Lunos Slovensko<\/title>\n<meta name=\"robots\" content=\"index, follow, max-snippet:-1, max-image-preview:large, max-video-preview:-1\" \/>\n<link rel=\"canonical\" href=\"https:\/\/lunos.sk\/public_html\/produkt\/nexxt\/\" \/>\n<meta property=\"og:locale\" content=\"sk_SK\" \/>\n<meta property=\"og:type\" content=\"article\" \/>\n<meta property=\"og:title\" content=\"Nexxt - Lunos Slovensko\" \/>\n<meta property=\"og:url\" content=\"https:\/\/lunos.sk\/public_html\/produkt\/nexxt\/\" \/>\n<meta property=\"og:site_name\" content=\"Lunos Slovensko\" \/>\n<meta property=\"article:publisher\" content=\"https:\/\/www.facebook.com\/lunosslovensko\" \/>\n<meta property=\"article:modified_time\" content=\"2024-06-03T12:45:39+00:00\" \/>\n<meta property=\"og:image\" content=\"https:\/\/lunos.sk\/public_html\/wp-content\/uploads\/2021\/10\/nexxt-e_explo-09722cd8.png\" \/>\n\t<meta property=\"og:image:width\" content=\"850\" \/>\n\t<meta property=\"og:image:height\" content=\"512\" \/>\n\t<meta property=\"og:image:type\" content=\"image\/png\" \/>\n<meta name=\"twitter:card\" content=\"summary_large_image\" \/>\n<meta name=\"twitter:description\" content=\"[html_block id=&quot;8048&quot;]\" \/>\n<meta name=\"twitter:site\" content=\"@lunos_slovensko\" \/>\n<meta name=\"twitter:label1\" content=\"Predpokladan\u00fd \u010das \u010d\u00edtania\" \/>\n\t<meta name=\"twitter:data1\" content=\"2 min\u00faty\" \/>\n<script type=\"application\/ld+json\" class=\"yoast-schema-graph\">{\"@context\":\"https:\\\/\\\/schema.org\",\"@graph\":[{\"@type\":\"WebPage\",\"@id\":\"https:\\\/\\\/lunos.sk\\\/public_html\\\/produkt\\\/nexxt\\\/\",\"url\":\"https:\\\/\\\/lunos.sk\\\/public_html\\\/produkt\\\/nexxt\\\/\",\"name\":\"Nexxt - Lunos Slovensko\",\"isPartOf\":{\"@id\":\"https:\\\/\\\/lunos.sk\\\/public_html\\\/#website\"},\"primaryImageOfPage\":{\"@id\":\"https:\\\/\\\/lunos.sk\\\/public_html\\\/produkt\\\/nexxt\\\/#primaryimage\"},\"image\":{\"@id\":\"https:\\\/\\\/lunos.sk\\\/public_html\\\/produkt\\\/nexxt\\\/#primaryimage\"},\"thumbnailUrl\":\"https:\\\/\\\/lunos.sk\\\/public_html\\\/wp-content\\\/uploads\\\/2021\\\/10\\\/nexxt-e_explo-09722cd8.png\",\"datePublished\":\"2021-10-26T06:56:53+00:00\",\"dateModified\":\"2024-06-03T12:45:39+00:00\",\"breadcrumb\":{\"@id\":\"https:\\\/\\\/lunos.sk\\\/public_html\\\/produkt\\\/nexxt\\\/#breadcrumb\"},\"inLanguage\":\"sk-SK\",\"potentialAction\":[{\"@type\":\"ReadAction\",\"target\":[\"https:\\\/\\\/lunos.sk\\\/public_html\\\/produkt\\\/nexxt\\\/\"]}]},{\"@type\":\"ImageObject\",\"inLanguage\":\"sk-SK\",\"@id\":\"https:\\\/\\\/lunos.sk\\\/public_html\\\/produkt\\\/nexxt\\\/#primaryimage\",\"url\":\"https:\\\/\\\/lunos.sk\\\/public_html\\\/wp-content\\\/uploads\\\/2021\\\/10\\\/nexxt-e_explo-09722cd8.png\",\"contentUrl\":\"https:\\\/\\\/lunos.sk\\\/public_html\\\/wp-content\\\/uploads\\\/2021\\\/10\\\/nexxt-e_explo-09722cd8.png\",\"width\":850,\"height\":512},{\"@type\":\"BreadcrumbList\",\"@id\":\"https:\\\/\\\/lunos.sk\\\/public_html\\\/produkt\\\/nexxt\\\/#breadcrumb\",\"itemListElement\":[{\"@type\":\"ListItem\",\"position\":1,\"name\":\"Home\",\"item\":\"https:\\\/\\\/lunos.sk\\\/public_html\\\/\"},{\"@type\":\"ListItem\",\"position\":2,\"name\":\"Produkty\",\"item\":\"https:\\\/\\\/lunos.sk\\\/public_html\\\/produkty\\\/\"},{\"@type\":\"ListItem\",\"position\":3,\"name\":\"Nexxt\"}]},{\"@type\":\"WebSite\",\"@id\":\"https:\\\/\\\/lunos.sk\\\/public_html\\\/#website\",\"url\":\"https:\\\/\\\/lunos.sk\\\/public_html\\\/\",\"name\":\"Lunos Slovensko\",\"description\":\"\",\"publisher\":{\"@id\":\"https:\\\/\\\/lunos.sk\\\/public_html\\\/#organization\"},\"potentialAction\":[{\"@type\":\"SearchAction\",\"target\":{\"@type\":\"EntryPoint\",\"urlTemplate\":\"https:\\\/\\\/lunos.sk\\\/public_html\\\/?s={search_term_string}\"},\"query-input\":{\"@type\":\"PropertyValueSpecification\",\"valueRequired\":true,\"valueName\":\"search_term_string\"}}],\"inLanguage\":\"sk-SK\"},{\"@type\":\"Organization\",\"@id\":\"https:\\\/\\\/lunos.sk\\\/public_html\\\/#organization\",\"name\":\"Lunos\",\"url\":\"https:\\\/\\\/lunos.sk\\\/public_html\\\/\",\"logo\":{\"@type\":\"ImageObject\",\"inLanguage\":\"sk-SK\",\"@id\":\"https:\\\/\\\/lunos.sk\\\/public_html\\\/#\\\/schema\\\/logo\\\/image\\\/\",\"url\":\"https:\\\/\\\/lunos.sk\\\/public_html\\\/wp-content\\\/uploads\\\/2021\\\/07\\\/logo-lunos.png\",\"contentUrl\":\"https:\\\/\\\/lunos.sk\\\/public_html\\\/wp-content\\\/uploads\\\/2021\\\/07\\\/logo-lunos.png\",\"width\":200,\"height\":101,\"caption\":\"Lunos\"},\"image\":{\"@id\":\"https:\\\/\\\/lunos.sk\\\/public_html\\\/#\\\/schema\\\/logo\\\/image\\\/\"},\"sameAs\":[\"https:\\\/\\\/www.facebook.com\\\/lunosslovensko\",\"https:\\\/\\\/x.com\\\/lunos_slovensko\"]}]}<\/script>\n<!-- \/ Yoast SEO plugin. -->","yoast_head_json":{"title":"Nexxt - Lunos Slovensko","robots":{"index":"index","follow":"follow","max-snippet":"max-snippet:-1","max-image-preview":"max-image-preview:large","max-video-preview":"max-video-preview:-1"},"canonical":"https:\/\/lunos.sk\/public_html\/produkt\/nexxt\/","og_locale":"sk_SK","og_type":"article","og_title":"Nexxt - Lunos Slovensko","og_url":"https:\/\/lunos.sk\/public_html\/produkt\/nexxt\/","og_site_name":"Lunos Slovensko","article_publisher":"https:\/\/www.facebook.com\/lunosslovensko","article_modified_time":"2024-06-03T12:45:39+00:00","og_image":[{"width":850,"height":512,"url":"https:\/\/lunos.sk\/public_html\/wp-content\/uploads\/2021\/10\/nexxt-e_explo-09722cd8.png","type":"image\/png"}],"twitter_card":"summary_large_image","twitter_description":"[html_block id=\"8048\"]","twitter_site":"@lunos_slovensko","twitter_misc":{"Predpokladan\u00fd \u010das \u010d\u00edtania":"2 min\u00faty"},"schema":{"@context":"https:\/\/schema.org","@graph":[{"@type":"WebPage","@id":"https:\/\/lunos.sk\/public_html\/produkt\/nexxt\/","url":"https:\/\/lunos.sk\/public_html\/produkt\/nexxt\/","name":"Nexxt - Lunos Slovensko","isPartOf":{"@id":"https:\/\/lunos.sk\/public_html\/#website"},"primaryImageOfPage":{"@id":"https:\/\/lunos.sk\/public_html\/produkt\/nexxt\/#primaryimage"},"image":{"@id":"https:\/\/lunos.sk\/public_html\/produkt\/nexxt\/#primaryimage"},"thumbnailUrl":"https:\/\/lunos.sk\/public_html\/wp-content\/uploads\/2021\/10\/nexxt-e_explo-09722cd8.png","datePublished":"2021-10-26T06:56:53+00:00","dateModified":"2024-06-03T12:45:39+00:00","breadcrumb":{"@id":"https:\/\/lunos.sk\/public_html\/produkt\/nexxt\/#breadcrumb"},"inLanguage":"sk-SK","potentialAction":[{"@type":"ReadAction","target":["https:\/\/lunos.sk\/public_html\/produkt\/nexxt\/"]}]},{"@type":"ImageObject","inLanguage":"sk-SK","@id":"https:\/\/lunos.sk\/public_html\/produkt\/nexxt\/#primaryimage","url":"https:\/\/lunos.sk\/public_html\/wp-content\/uploads\/2021\/10\/nexxt-e_explo-09722cd8.png","contentUrl":"https:\/\/lunos.sk\/public_html\/wp-content\/uploads\/2021\/10\/nexxt-e_explo-09722cd8.png","width":850,"height":512},{"@type":"BreadcrumbList","@id":"https:\/\/lunos.sk\/public_html\/produkt\/nexxt\/#breadcrumb","itemListElement":[{"@type":"ListItem","position":1,"name":"Home","item":"https:\/\/lunos.sk\/public_html\/"},{"@type":"ListItem","position":2,"name":"Produkty","item":"https:\/\/lunos.sk\/public_html\/produkty\/"},{"@type":"ListItem","position":3,"name":"Nexxt"}]},{"@type":"WebSite","@id":"https:\/\/lunos.sk\/public_html\/#website","url":"https:\/\/lunos.sk\/public_html\/","name":"Lunos Slovensko","description":"","publisher":{"@id":"https:\/\/lunos.sk\/public_html\/#organization"},"potentialAction":[{"@type":"SearchAction","target":{"@type":"EntryPoint","urlTemplate":"https:\/\/lunos.sk\/public_html\/?s={search_term_string}"},"query-input":{"@type":"PropertyValueSpecification","valueRequired":true,"valueName":"search_term_string"}}],"inLanguage":"sk-SK"},{"@type":"Organization","@id":"https:\/\/lunos.sk\/public_html\/#organization","name":"Lunos","url":"https:\/\/lunos.sk\/public_html\/","logo":{"@type":"ImageObject","inLanguage":"sk-SK","@id":"https:\/\/lunos.sk\/public_html\/#\/schema\/logo\/image\/","url":"https:\/\/lunos.sk\/public_html\/wp-content\/uploads\/2021\/07\/logo-lunos.png","contentUrl":"https:\/\/lunos.sk\/public_html\/wp-content\/uploads\/2021\/07\/logo-lunos.png","width":200,"height":101,"caption":"Lunos"},"image":{"@id":"https:\/\/lunos.sk\/public_html\/#\/schema\/logo\/image\/"},"sameAs":["https:\/\/www.facebook.com\/lunosslovensko","https:\/\/x.com\/lunos_slovensko"]}]}},"jetpack_sharing_enabled":true,"_links":{"self":[{"href":"https:\/\/lunos.sk\/public_html\/wp-json\/wp\/v2\/product\/7982","targetHints":{"allow":["GET"]}}],"collection":[{"href":"https:\/\/lunos.sk\/public_html\/wp-json\/wp\/v2\/product"}],"about":[{"href":"https:\/\/lunos.sk\/public_html\/wp-json\/wp\/v2\/types\/product"}],"version-history":[{"count":1,"href":"https:\/\/lunos.sk\/public_html\/wp-json\/wp\/v2\/product\/7982\/revisions"}],"predecessor-version":[{"id":7984,"href":"https:\/\/lunos.sk\/public_html\/wp-json\/wp\/v2\/product\/7982\/revisions\/7984"}],"wp:featuredmedia":[{"embeddable":true,"href":"https:\/\/lunos.sk\/public_html\/wp-json\/wp\/v2\/media\/7983"}],"wp:attachment":[{"href":"https:\/\/lunos.sk\/public_html\/wp-json\/wp\/v2\/media?parent=7982"}],"wp:term":[{"taxonomy":"product_brand","embeddable":true,"href":"https:\/\/lunos.sk\/public_html\/wp-json\/wp\/v2\/product_brand?post=7982"},{"taxonomy":"product_cat","embeddable":true,"href":"https:\/\/lunos.sk\/public_html\/wp-json\/wp\/v2\/product_cat?post=7982"},{"taxonomy":"product_tag","embeddable":true,"href":"https:\/\/lunos.sk\/public_html\/wp-json\/wp\/v2\/product_tag?post=7982"}],"curies":[{"name":"wp","href":"https:\/\/api.w.org\/{rel}","templated":true}]}}