{"id":8057,"date":"2021-10-28T10:45:28","date_gmt":"2021-10-28T08:45:28","guid":{"rendered":"https:\/\/lunos.sk\/public_html\/?post_type=product&#038;p=8057"},"modified":"2024-06-03T14:47:49","modified_gmt":"2024-06-03T12:47:49","slug":"e%c2%b2","status":"publish","type":"product","link":"https:\/\/lunos.sk\/public_html\/produkt\/e%c2%b2\/","title":{"rendered":"e\u00b2"},"content":{"rendered":"<div class=\"wpb-content-wrapper\"><p>[vc_row][vc_column]\t\t\t<div id=\"wd-6204d06286a68\" class=\"wd-text-block-wrapper wd-wpb wd-rs-6204d06286a68 color-scheme- wd-width-100 text-left  popis-produktu\">\n\t\t\t\t<div class=\"woodmart-title-container woodmart-text-block reset-last-child font-primary wd-font-weight- \">\n\t\t\t\t\t<\/p>\n<h1><strong>Riaden\u00e9 dom\u00e1ce vetranie so sp\u00e4tn\u00fdm z\u00edskavan\u00edm tepla.<\/strong><\/h1>\n<h4>Pr\u00edstroj e\u00b2 je jedn\u00fdm z najmen\u0161\u00edch necentr\u00e1lnych ventil\u00e1torov zo sp\u00e4tn\u00fdm z\u00edskavan\u00edm tepla pre vetranie dom\u00e1cnost\u00ed. \u00da\u010dinn\u00fd keramick\u00fd z\u00e1sobn\u00edk zaru\u010duje maxim\u00e1lny stupe\u0148 sp\u00e4tn\u00e9ho z\u00edskavania tepla 96 %.<\/h4>\n<p>V\u010faka prepo\u010d\u00edtanej spotrebe energie iba 0,09 W \/ m\u00b3 \/ h je neprekonate\u013en\u00fd aj z h\u013eadiska energetickej efekt\u00edvnosti, \u010d\u00edm prispieva aj k ochrane \u017eivotn\u00e9ho prostredia.<\/p>\n<p>Zariadenie e\u00b2 je jedn\u00fdm z najtich\u0161\u00edch zariaden\u00ed vo svojej triede, preto je ide\u00e1lnym rie\u0161en\u00edm pre pou\u017eitie v obytn\u00fdch miestnostiach a sp\u00e1l\u0148ach. Tich\u00fd ec motor je\u00a0 umiestnen\u00fd v p\u00fazdre z EPP pohlcuj\u00facom hluk, \u010do zaru\u010duje n\u00edzku hlu\u010dnos\u0165 (Hodnoty hluku e2).<\/p>\n<p>Kombin\u00e1ciou s \u00fa\u010dinn\u00fdmi ec motormi a inteligentn\u00fdm riadiacim syst\u00e9mom umo\u017enila spolo\u010dnosti LUNOS vyvin\u00fa\u0165 jeden z najekonomickej\u0161\u00edch ventil\u00e1torov.<\/p>\n<p>Stiahnite si technick\u00fd d\u00e1tov\u00fd list<\/p>\n<p><strong>Mont\u00e1\u017e<\/strong><\/p>\n<p>e2 je mo\u017en\u00e9 pou\u017ei\u0165 ako v novostavbe, tak pri reko\u0161trukcii. Pri novostavbe sa osad\u00ed EPS tehli\u010dka medzi tv\u00e1rnice obvodov\u00e9ho pl\u00e1\u0161\u0165a alebo pri rekon\u0161trukcii osad\u00edme e2 pomocou jadrov\u00e9ho v\u0155tania priemeru 162 mm, kde hr\u00fabka steny mus\u00ed by\u0165 najmenej 300 mm.<\/p>\n<p>V\u0161etky v\u00fdrobky e\u00b2 maj\u00fa funkciu letn\u00e9ho re\u017eimu<strong>.<\/strong>\t\t\t\t<\/div>\n\n\t\t\t\t\t\t\t<\/div>\n\t\t[\/vc_column][\/vc_row]<\/p>\n<\/div>","protected":false},"excerpt":{"rendered":"<p><img decoding=\"async\" class=\"alignnone size-medium wp-image-8001\" src=\"https:\/\/lunos.sk\/public_html\/wp-content\/uploads\/2021\/11\/e260-label-5afad2d0.jpg\" alt=\"\" width=\"148\" height=\"300\" \/><\/p>\n[html_block id=\"8091\"]\n","protected":false},"featured_media":8058,"template":"","meta":[],"product_brand":[],"product_cat":[68],"product_tag":[],"class_list":{"0":"post-8057","1":"product","2":"type-product","3":"status-publish","4":"has-post-thumbnail","6":"product_cat-vetranie-so-spatnym-ziskavanim-tepla","8":"first","9":"instock","10":"shipping-taxable","11":"product-type-simple"},"yoast_head":"<!-- This site is optimized with the Yoast SEO plugin v27.5 - https:\/\/yoast.com\/product\/yoast-seo-wordpress\/ -->\n<title>e\u00b2 - Lunos Slovensko<\/title>\n<meta name=\"robots\" content=\"index, follow, max-snippet:-1, max-image-preview:large, max-video-preview:-1\" \/>\n<link rel=\"canonical\" href=\"https:\/\/lunos.sk\/public_html\/produkt\/e\u00b2\/\" \/>\n<meta property=\"og:locale\" content=\"sk_SK\" \/>\n<meta property=\"og:type\" content=\"article\" \/>\n<meta property=\"og:title\" content=\"e\u00b2 - Lunos Slovensko\" \/>\n<meta property=\"og:url\" content=\"https:\/\/lunos.sk\/public_html\/produkt\/e\u00b2\/\" \/>\n<meta property=\"og:site_name\" content=\"Lunos Slovensko\" \/>\n<meta property=\"article:publisher\" content=\"https:\/\/www.facebook.com\/lunosslovensko\" \/>\n<meta property=\"article:modified_time\" content=\"2024-06-03T12:47:49+00:00\" \/>\n<meta property=\"og:image\" content=\"https:\/\/lunos.sk\/public_html\/wp-content\/uploads\/2021\/10\/e2_6-2021-0bbae9ea.jpg\" \/>\n\t<meta property=\"og:image:width\" content=\"789\" \/>\n\t<meta property=\"og:image:height\" content=\"550\" \/>\n\t<meta property=\"og:image:type\" content=\"image\/jpeg\" \/>\n<meta name=\"twitter:card\" content=\"summary_large_image\" \/>\n<meta name=\"twitter:description\" content=\"[html_block id=&quot;8091&quot;]\" \/>\n<meta name=\"twitter:site\" content=\"@lunos_slovensko\" \/>\n<meta name=\"twitter:label1\" content=\"Predpokladan\u00fd \u010das \u010d\u00edtania\" \/>\n\t<meta name=\"twitter:data1\" content=\"2 min\u00faty\" \/>\n<script type=\"application\/ld+json\" class=\"yoast-schema-graph\">{\"@context\":\"https:\\\/\\\/schema.org\",\"@graph\":[{\"@type\":\"WebPage\",\"@id\":\"https:\\\/\\\/lunos.sk\\\/public_html\\\/produkt\\\/e%c2%b2\\\/\",\"url\":\"https:\\\/\\\/lunos.sk\\\/public_html\\\/produkt\\\/e%c2%b2\\\/\",\"name\":\"e\u00b2 - Lunos Slovensko\",\"isPartOf\":{\"@id\":\"https:\\\/\\\/lunos.sk\\\/public_html\\\/#website\"},\"primaryImageOfPage\":{\"@id\":\"https:\\\/\\\/lunos.sk\\\/public_html\\\/produkt\\\/e%c2%b2\\\/#primaryimage\"},\"image\":{\"@id\":\"https:\\\/\\\/lunos.sk\\\/public_html\\\/produkt\\\/e%c2%b2\\\/#primaryimage\"},\"thumbnailUrl\":\"https:\\\/\\\/lunos.sk\\\/public_html\\\/wp-content\\\/uploads\\\/2021\\\/10\\\/e2_6-2021-0bbae9ea.jpg\",\"datePublished\":\"2021-10-28T08:45:28+00:00\",\"dateModified\":\"2024-06-03T12:47:49+00:00\",\"breadcrumb\":{\"@id\":\"https:\\\/\\\/lunos.sk\\\/public_html\\\/produkt\\\/e%c2%b2\\\/#breadcrumb\"},\"inLanguage\":\"sk-SK\",\"potentialAction\":[{\"@type\":\"ReadAction\",\"target\":[\"https:\\\/\\\/lunos.sk\\\/public_html\\\/produkt\\\/e%c2%b2\\\/\"]}]},{\"@type\":\"ImageObject\",\"inLanguage\":\"sk-SK\",\"@id\":\"https:\\\/\\\/lunos.sk\\\/public_html\\\/produkt\\\/e%c2%b2\\\/#primaryimage\",\"url\":\"https:\\\/\\\/lunos.sk\\\/public_html\\\/wp-content\\\/uploads\\\/2021\\\/10\\\/e2_6-2021-0bbae9ea.jpg\",\"contentUrl\":\"https:\\\/\\\/lunos.sk\\\/public_html\\\/wp-content\\\/uploads\\\/2021\\\/10\\\/e2_6-2021-0bbae9ea.jpg\",\"width\":789,\"height\":550},{\"@type\":\"BreadcrumbList\",\"@id\":\"https:\\\/\\\/lunos.sk\\\/public_html\\\/produkt\\\/e%c2%b2\\\/#breadcrumb\",\"itemListElement\":[{\"@type\":\"ListItem\",\"position\":1,\"name\":\"Home\",\"item\":\"https:\\\/\\\/lunos.sk\\\/public_html\\\/\"},{\"@type\":\"ListItem\",\"position\":2,\"name\":\"Produkty\",\"item\":\"https:\\\/\\\/lunos.sk\\\/public_html\\\/produkty\\\/\"},{\"@type\":\"ListItem\",\"position\":3,\"name\":\"e\u00b2\"}]},{\"@type\":\"WebSite\",\"@id\":\"https:\\\/\\\/lunos.sk\\\/public_html\\\/#website\",\"url\":\"https:\\\/\\\/lunos.sk\\\/public_html\\\/\",\"name\":\"Lunos Slovensko\",\"description\":\"\",\"publisher\":{\"@id\":\"https:\\\/\\\/lunos.sk\\\/public_html\\\/#organization\"},\"potentialAction\":[{\"@type\":\"SearchAction\",\"target\":{\"@type\":\"EntryPoint\",\"urlTemplate\":\"https:\\\/\\\/lunos.sk\\\/public_html\\\/?s={search_term_string}\"},\"query-input\":{\"@type\":\"PropertyValueSpecification\",\"valueRequired\":true,\"valueName\":\"search_term_string\"}}],\"inLanguage\":\"sk-SK\"},{\"@type\":\"Organization\",\"@id\":\"https:\\\/\\\/lunos.sk\\\/public_html\\\/#organization\",\"name\":\"Lunos\",\"url\":\"https:\\\/\\\/lunos.sk\\\/public_html\\\/\",\"logo\":{\"@type\":\"ImageObject\",\"inLanguage\":\"sk-SK\",\"@id\":\"https:\\\/\\\/lunos.sk\\\/public_html\\\/#\\\/schema\\\/logo\\\/image\\\/\",\"url\":\"https:\\\/\\\/lunos.sk\\\/public_html\\\/wp-content\\\/uploads\\\/2021\\\/07\\\/logo-lunos.png\",\"contentUrl\":\"https:\\\/\\\/lunos.sk\\\/public_html\\\/wp-content\\\/uploads\\\/2021\\\/07\\\/logo-lunos.png\",\"width\":200,\"height\":101,\"caption\":\"Lunos\"},\"image\":{\"@id\":\"https:\\\/\\\/lunos.sk\\\/public_html\\\/#\\\/schema\\\/logo\\\/image\\\/\"},\"sameAs\":[\"https:\\\/\\\/www.facebook.com\\\/lunosslovensko\",\"https:\\\/\\\/x.com\\\/lunos_slovensko\"]}]}<\/script>\n<!-- \/ Yoast SEO plugin. -->","yoast_head_json":{"title":"e\u00b2 - Lunos Slovensko","robots":{"index":"index","follow":"follow","max-snippet":"max-snippet:-1","max-image-preview":"max-image-preview:large","max-video-preview":"max-video-preview:-1"},"canonical":"https:\/\/lunos.sk\/public_html\/produkt\/e\u00b2\/","og_locale":"sk_SK","og_type":"article","og_title":"e\u00b2 - Lunos Slovensko","og_url":"https:\/\/lunos.sk\/public_html\/produkt\/e\u00b2\/","og_site_name":"Lunos Slovensko","article_publisher":"https:\/\/www.facebook.com\/lunosslovensko","article_modified_time":"2024-06-03T12:47:49+00:00","og_image":[{"width":789,"height":550,"url":"https:\/\/lunos.sk\/public_html\/wp-content\/uploads\/2021\/10\/e2_6-2021-0bbae9ea.jpg","type":"image\/jpeg"}],"twitter_card":"summary_large_image","twitter_description":"[html_block id=\"8091\"]","twitter_site":"@lunos_slovensko","twitter_misc":{"Predpokladan\u00fd \u010das \u010d\u00edtania":"2 min\u00faty"},"schema":{"@context":"https:\/\/schema.org","@graph":[{"@type":"WebPage","@id":"https:\/\/lunos.sk\/public_html\/produkt\/e%c2%b2\/","url":"https:\/\/lunos.sk\/public_html\/produkt\/e%c2%b2\/","name":"e\u00b2 - Lunos Slovensko","isPartOf":{"@id":"https:\/\/lunos.sk\/public_html\/#website"},"primaryImageOfPage":{"@id":"https:\/\/lunos.sk\/public_html\/produkt\/e%c2%b2\/#primaryimage"},"image":{"@id":"https:\/\/lunos.sk\/public_html\/produkt\/e%c2%b2\/#primaryimage"},"thumbnailUrl":"https:\/\/lunos.sk\/public_html\/wp-content\/uploads\/2021\/10\/e2_6-2021-0bbae9ea.jpg","datePublished":"2021-10-28T08:45:28+00:00","dateModified":"2024-06-03T12:47:49+00:00","breadcrumb":{"@id":"https:\/\/lunos.sk\/public_html\/produkt\/e%c2%b2\/#breadcrumb"},"inLanguage":"sk-SK","potentialAction":[{"@type":"ReadAction","target":["https:\/\/lunos.sk\/public_html\/produkt\/e%c2%b2\/"]}]},{"@type":"ImageObject","inLanguage":"sk-SK","@id":"https:\/\/lunos.sk\/public_html\/produkt\/e%c2%b2\/#primaryimage","url":"https:\/\/lunos.sk\/public_html\/wp-content\/uploads\/2021\/10\/e2_6-2021-0bbae9ea.jpg","contentUrl":"https:\/\/lunos.sk\/public_html\/wp-content\/uploads\/2021\/10\/e2_6-2021-0bbae9ea.jpg","width":789,"height":550},{"@type":"BreadcrumbList","@id":"https:\/\/lunos.sk\/public_html\/produkt\/e%c2%b2\/#breadcrumb","itemListElement":[{"@type":"ListItem","position":1,"name":"Home","item":"https:\/\/lunos.sk\/public_html\/"},{"@type":"ListItem","position":2,"name":"Produkty","item":"https:\/\/lunos.sk\/public_html\/produkty\/"},{"@type":"ListItem","position":3,"name":"e\u00b2"}]},{"@type":"WebSite","@id":"https:\/\/lunos.sk\/public_html\/#website","url":"https:\/\/lunos.sk\/public_html\/","name":"Lunos Slovensko","description":"","publisher":{"@id":"https:\/\/lunos.sk\/public_html\/#organization"},"potentialAction":[{"@type":"SearchAction","target":{"@type":"EntryPoint","urlTemplate":"https:\/\/lunos.sk\/public_html\/?s={search_term_string}"},"query-input":{"@type":"PropertyValueSpecification","valueRequired":true,"valueName":"search_term_string"}}],"inLanguage":"sk-SK"},{"@type":"Organization","@id":"https:\/\/lunos.sk\/public_html\/#organization","name":"Lunos","url":"https:\/\/lunos.sk\/public_html\/","logo":{"@type":"ImageObject","inLanguage":"sk-SK","@id":"https:\/\/lunos.sk\/public_html\/#\/schema\/logo\/image\/","url":"https:\/\/lunos.sk\/public_html\/wp-content\/uploads\/2021\/07\/logo-lunos.png","contentUrl":"https:\/\/lunos.sk\/public_html\/wp-content\/uploads\/2021\/07\/logo-lunos.png","width":200,"height":101,"caption":"Lunos"},"image":{"@id":"https:\/\/lunos.sk\/public_html\/#\/schema\/logo\/image\/"},"sameAs":["https:\/\/www.facebook.com\/lunosslovensko","https:\/\/x.com\/lunos_slovensko"]}]}},"jetpack_sharing_enabled":true,"_links":{"self":[{"href":"https:\/\/lunos.sk\/public_html\/wp-json\/wp\/v2\/product\/8057","targetHints":{"allow":["GET"]}}],"collection":[{"href":"https:\/\/lunos.sk\/public_html\/wp-json\/wp\/v2\/product"}],"about":[{"href":"https:\/\/lunos.sk\/public_html\/wp-json\/wp\/v2\/types\/product"}],"version-history":[{"count":1,"href":"https:\/\/lunos.sk\/public_html\/wp-json\/wp\/v2\/product\/8057\/revisions"}],"predecessor-version":[{"id":8095,"href":"https:\/\/lunos.sk\/public_html\/wp-json\/wp\/v2\/product\/8057\/revisions\/8095"}],"wp:featuredmedia":[{"embeddable":true,"href":"https:\/\/lunos.sk\/public_html\/wp-json\/wp\/v2\/media\/8058"}],"wp:attachment":[{"href":"https:\/\/lunos.sk\/public_html\/wp-json\/wp\/v2\/media?parent=8057"}],"wp:term":[{"taxonomy":"product_brand","embeddable":true,"href":"https:\/\/lunos.sk\/public_html\/wp-json\/wp\/v2\/product_brand?post=8057"},{"taxonomy":"product_cat","embeddable":true,"href":"https:\/\/lunos.sk\/public_html\/wp-json\/wp\/v2\/product_cat?post=8057"},{"taxonomy":"product_tag","embeddable":true,"href":"https:\/\/lunos.sk\/public_html\/wp-json\/wp\/v2\/product_tag?post=8057"}],"curies":[{"name":"wp","href":"https:\/\/api.w.org\/{rel}","templated":true}]}}