{"id":8247,"date":"2021-11-24T10:49:44","date_gmt":"2021-11-24T09:49:44","guid":{"rendered":"https:\/\/lunos.sk\/public_html\/?post_type=product&#038;p=8247"},"modified":"2024-06-03T15:11:34","modified_gmt":"2024-06-03T13:11:34","slug":"smart-comfort","status":"publish","type":"product","link":"https:\/\/lunos.sk\/public_html\/produkt\/smart-comfort\/","title":{"rendered":"Smart Comfort- riadi vetranie spo\u013eahlivo a inteligentne"},"content":{"rendered":"<div class=\"wpb-content-wrapper\"><p>[vc_row][vc_column]\t\t\t<div id=\"wd-6204d057842be\" class=\"wd-text-block-wrapper wd-wpb wd-rs-6204d057842be color-scheme- wd-width-100 text-left  popis-produktu\">\n\t\t\t\t<div class=\"woodmart-title-container woodmart-text-block reset-last-child font-primary wd-font-weight- \">\n\t\t\t\t\t<\/p>\n<h1 style=\"text-align: justify;\"><span style=\"color: #333399;\">Riadenie Smart comfort obsahuje automatick\u00e9 re\u017eimy ochrany vo\u010di zaplesneniu a zamrznutiu, ktor\u00e9 chr\u00e1nia va\u0161u dom\u00e1cnos\u0165 pred nepriazniv\u00fdmi vplyvmi po\u010dasia.<\/span><\/h1>\n<h2 style=\"text-align: justify;\"><span style=\"color: #333399;\"><strong>Vetranie pomocou tla\u010didiel &#8211; presne pod\u013ea potreby<span class=\"Apple-converted-space\">\u00a0<\/span><\/strong><\/span><\/h2>\n<p style=\"text-align: justify;\">Riadenie Smart Comfort je mo\u017en\u00e9 obzvl\u00e1\u0161\u0165 jednoducho ovl\u00e1da\u0165. Rozli\u010dn\u00e9 re\u017eimy vetrania a aj ich d\u013a\u017eku trvania si nastav\u00edte priamo pomocou tla\u010didla. Pokia\u013e pou\u017eijete doporu\u010den\u00fd re\u017eim regul\u00e1cie pod\u013ea tepelno-vlhkostnej kl\u00edmy, pracuje cel\u00fd vetrac\u00ed syst\u00e9m mimoriadne efekt\u00edvne a udr\u017euje vn\u00fatorn\u00fa kl\u00edmu v optim\u00e1lnom stave.<span class=\"Apple-converted-space\">\u00a0<\/span><\/p>\n<h2 style=\"text-align: justify;\"><span style=\"color: #333399;\"><b>Funkcie<span class=\"Apple-converted-space\">\u00a0<\/span><\/b><\/span><\/h2>\n<ul style=\"text-align: justify;\">\n<li style=\"text-align: left;\">Automatick\u00e9 riadenie pod\u013ea vlhkosti, intenz\u00edvne vetranie, re\u017eim no\u010dn\u00e9ho \u00fatlmu a letn\u00fd re\u017eim. V\u0161etky m\u00f4\u017eete zvoli\u0165 pomocou tla\u010didiel<span class=\"Apple-converted-space\">\u00a0<\/span><\/li>\n<li style=\"text-align: left;\"><span style=\"text-align: justify;\">Mo\u017enos\u0165 nastavi\u0165 \u0161tyri r\u00f4zne spodn\u00e9 hranice rozsahu vlhkosti<\/span><\/li>\n<li style=\"text-align: left;\"><span style=\"text-align: justify;\">Funkcia ochrany pred mrazom a vlhkos\u0165ou<\/span><\/li>\n<li style=\"text-align: left;\"><span style=\"text-align: justify;\">Mo\u017enos\u0165 pripoji\u0165 bezdr\u00f4tov\u00fd modul<\/span><\/li>\n<li style=\"text-align: left;\"><span style=\"text-align: justify;\">Vstup 0 &#8211; 10 V, pripojenie k TAC alebo do dom\u00e1cej automatiz\u00e1cie<\/span><\/li>\n<\/ul>\n<h3 style=\"text-align: justify;\"><span style=\"color: #333399;\">Automatick\u00e1 prev\u00e1dzka pod\u013ea relat\u00edvnej vlhkosti<\/span><\/h3>\n<p style=\"text-align: justify;\">V manu\u00e1lnej prev\u00e1dzke funguj\u00fa zariadenia so \u0161tyrmi v\u00fdkonnostn\u00fdmi stup\u0148ami vetrania. Po zvolen\u00ed automatick\u00e9ho re\u017eimu prev\u00e1dzky, ktor\u00e1 je riaden\u00e1 pomocou teplotno- vlhkostn\u00fdch parametrov vn\u00fatorn\u00e9ho prostredia riadenie Smart comfort zvy\u0161uje alebo zni\u017euje v rozsahu \u00f4smych v\u00fdkonnostn\u00fdch stup\u0148och intenzitu vetrania pr\u00e1ve pod\u013ea potreby. Ni\u010d naviac a ani pr\u00edli\u0161 m\u00e1lo.<\/p>\n<h3 style=\"text-align: justify;\"><span style=\"color: #333399;\">Denn\u00e9 a sez\u00f3nne re\u017eimy<\/span><\/h3>\n<p style=\"text-align: justify;\">Riadenie Smart Comfort v\u00e1m umo\u017e\u0148uje pou\u017e\u00edva\u0165 aj denn\u00e9 re\u017eimy ako napr\u00edklad no\u010dn\u00fd \u00fatlm, intenz\u00edvne vetranie alebo prep\u00ednanie medzi zimn\u00fdm a letn\u00fdm re\u017eimom. V\u010faka t\u00fdmto re\u017eimom si okrem \u010derstv\u00e9ho vzduchu zabezpe\u010d\u00edte aj zdrav\u00e9 vn\u00fatorn\u00e9 prostredie a to pomocou energie \u0161etriaceho vetrania.<\/p>\n<h2 style=\"text-align: justify;\"><span style=\"color: #333399;\">Mont\u00e1\u017e<\/span><\/h2>\n<p style=\"text-align: justify;\">Riadenie Smart Comfort m\u00f4\u017eete umiestni\u0165 a namontova\u0165 v obytn\u00fdch miestnostiach (ob\u00fdva\u010dka, sp\u00e1l\u0148a..) a rovnako tak aj v miestnostiach s vysokou vlhkos\u0165ou &#8211; napr. v k\u00fape\u013eniach \u010di pr\u00e1\u010dovniach.<\/p>\n<h2 style=\"text-align: justify;\"><span style=\"color: #333399;\"><b>Mo\u017en\u00e9 kombin\u00e1cie zariaden\u00ed<span class=\"Apple-converted-space\">\u00a0<\/span><\/b><\/span><\/h2>\n<p style=\"text-align: justify;\">Smart Comfort m\u00f4\u017ee riadi\u0165 v\u0161etky ventil\u00e1tory od Lunos nap\u00e1jan\u00e9 12 Voltami.\u00a0<span class=\"Apple-converted-space\">Pre ich prev\u00e1dzku budete potrebova\u0165 sie\u0165ov\u00fd nap\u00e1ja\u010d s 15,18,60 alebo 100 Wattmi.<\/span><\/p>\n<p style=\"text-align: justify;\">Obj. \u010d\u00edslo 040 113 5\/SC-FT<\/p>\n<p>\t\t\t\t<\/div>\n\n\t\t\t\t\t\t\t<\/div>\n\t\t[\/vc_column][\/vc_row]<\/p>\n<\/div>","protected":false},"excerpt":{"rendered":"<p>[vc_row][vc_column][\/vc_column][\/vc_row]<\/p>\n","protected":false},"featured_media":8598,"template":"","meta":[],"product_brand":[],"product_cat":[73],"product_tag":[],"class_list":{"0":"post-8247","1":"product","2":"type-product","3":"status-publish","4":"has-post-thumbnail","6":"product_cat-riadenie-a-regulacia","8":"first","9":"instock","10":"shipping-taxable","11":"product-type-simple"},"yoast_head":"<!-- This site is optimized with the Yoast SEO plugin v27.4 - https:\/\/yoast.com\/product\/yoast-seo-wordpress\/ -->\n<title>Smart Comfort- riadi vetranie spo\u013eahlivo a inteligentne - Lunos Slovensko<\/title>\n<meta name=\"robots\" content=\"index, follow, max-snippet:-1, max-image-preview:large, max-video-preview:-1\" \/>\n<link rel=\"canonical\" href=\"https:\/\/lunos.sk\/public_html\/produkt\/smart-comfort\/\" \/>\n<meta property=\"og:locale\" content=\"sk_SK\" \/>\n<meta property=\"og:type\" content=\"article\" \/>\n<meta property=\"og:title\" content=\"Smart Comfort- riadi vetranie spo\u013eahlivo a inteligentne - Lunos Slovensko\" \/>\n<meta property=\"og:description\" content=\"[vc_row][vc_column][\/vc_column][\/vc_row]\" \/>\n<meta property=\"og:url\" content=\"https:\/\/lunos.sk\/public_html\/produkt\/smart-comfort\/\" \/>\n<meta property=\"og:site_name\" content=\"Lunos Slovensko\" \/>\n<meta property=\"article:publisher\" content=\"https:\/\/www.facebook.com\/lunosslovensko\" \/>\n<meta property=\"article:modified_time\" content=\"2024-06-03T13:11:34+00:00\" \/>\n<meta property=\"og:image\" content=\"https:\/\/lunos.sk\/public_html\/wp-content\/uploads\/2021\/11\/5-SC-FT-klavesnica.png\" \/>\n\t<meta property=\"og:image:width\" content=\"478\" \/>\n\t<meta property=\"og:image:height\" content=\"550\" \/>\n\t<meta property=\"og:image:type\" content=\"image\/png\" \/>\n<meta name=\"twitter:card\" content=\"summary_large_image\" \/>\n<meta name=\"twitter:site\" content=\"@lunos_slovensko\" \/>\n<meta name=\"twitter:label1\" content=\"Predpokladan\u00fd \u010das \u010d\u00edtania\" \/>\n\t<meta name=\"twitter:data1\" content=\"2 min\u00faty\" \/>\n<script type=\"application\/ld+json\" class=\"yoast-schema-graph\">{\"@context\":\"https:\\\/\\\/schema.org\",\"@graph\":[{\"@type\":\"WebPage\",\"@id\":\"https:\\\/\\\/lunos.sk\\\/public_html\\\/produkt\\\/smart-comfort\\\/\",\"url\":\"https:\\\/\\\/lunos.sk\\\/public_html\\\/produkt\\\/smart-comfort\\\/\",\"name\":\"Smart Comfort- riadi vetranie spo\u013eahlivo a inteligentne - Lunos Slovensko\",\"isPartOf\":{\"@id\":\"https:\\\/\\\/lunos.sk\\\/public_html\\\/#website\"},\"primaryImageOfPage\":{\"@id\":\"https:\\\/\\\/lunos.sk\\\/public_html\\\/produkt\\\/smart-comfort\\\/#primaryimage\"},\"image\":{\"@id\":\"https:\\\/\\\/lunos.sk\\\/public_html\\\/produkt\\\/smart-comfort\\\/#primaryimage\"},\"thumbnailUrl\":\"https:\\\/\\\/lunos.sk\\\/public_html\\\/wp-content\\\/uploads\\\/2021\\\/11\\\/5-SC-FT-klavesnica.png\",\"datePublished\":\"2021-11-24T09:49:44+00:00\",\"dateModified\":\"2024-06-03T13:11:34+00:00\",\"breadcrumb\":{\"@id\":\"https:\\\/\\\/lunos.sk\\\/public_html\\\/produkt\\\/smart-comfort\\\/#breadcrumb\"},\"inLanguage\":\"sk-SK\",\"potentialAction\":[{\"@type\":\"ReadAction\",\"target\":[\"https:\\\/\\\/lunos.sk\\\/public_html\\\/produkt\\\/smart-comfort\\\/\"]}]},{\"@type\":\"ImageObject\",\"inLanguage\":\"sk-SK\",\"@id\":\"https:\\\/\\\/lunos.sk\\\/public_html\\\/produkt\\\/smart-comfort\\\/#primaryimage\",\"url\":\"https:\\\/\\\/lunos.sk\\\/public_html\\\/wp-content\\\/uploads\\\/2021\\\/11\\\/5-SC-FT-klavesnica.png\",\"contentUrl\":\"https:\\\/\\\/lunos.sk\\\/public_html\\\/wp-content\\\/uploads\\\/2021\\\/11\\\/5-SC-FT-klavesnica.png\",\"width\":478,\"height\":550,\"caption\":\"Ovl\u00e1dac\u00ed prvok vo forme f\u00f3liovej kl\u00e1vesnice\"},{\"@type\":\"BreadcrumbList\",\"@id\":\"https:\\\/\\\/lunos.sk\\\/public_html\\\/produkt\\\/smart-comfort\\\/#breadcrumb\",\"itemListElement\":[{\"@type\":\"ListItem\",\"position\":1,\"name\":\"Home\",\"item\":\"https:\\\/\\\/lunos.sk\\\/public_html\\\/\"},{\"@type\":\"ListItem\",\"position\":2,\"name\":\"Produkty\",\"item\":\"https:\\\/\\\/lunos.sk\\\/public_html\\\/produkty\\\/\"},{\"@type\":\"ListItem\",\"position\":3,\"name\":\"Smart Comfort- riadi vetranie spo\u013eahlivo a inteligentne\"}]},{\"@type\":\"WebSite\",\"@id\":\"https:\\\/\\\/lunos.sk\\\/public_html\\\/#website\",\"url\":\"https:\\\/\\\/lunos.sk\\\/public_html\\\/\",\"name\":\"Lunos Slovensko\",\"description\":\"\",\"publisher\":{\"@id\":\"https:\\\/\\\/lunos.sk\\\/public_html\\\/#organization\"},\"potentialAction\":[{\"@type\":\"SearchAction\",\"target\":{\"@type\":\"EntryPoint\",\"urlTemplate\":\"https:\\\/\\\/lunos.sk\\\/public_html\\\/?s={search_term_string}\"},\"query-input\":{\"@type\":\"PropertyValueSpecification\",\"valueRequired\":true,\"valueName\":\"search_term_string\"}}],\"inLanguage\":\"sk-SK\"},{\"@type\":\"Organization\",\"@id\":\"https:\\\/\\\/lunos.sk\\\/public_html\\\/#organization\",\"name\":\"Lunos\",\"url\":\"https:\\\/\\\/lunos.sk\\\/public_html\\\/\",\"logo\":{\"@type\":\"ImageObject\",\"inLanguage\":\"sk-SK\",\"@id\":\"https:\\\/\\\/lunos.sk\\\/public_html\\\/#\\\/schema\\\/logo\\\/image\\\/\",\"url\":\"https:\\\/\\\/lunos.sk\\\/public_html\\\/wp-content\\\/uploads\\\/2021\\\/07\\\/logo-lunos.png\",\"contentUrl\":\"https:\\\/\\\/lunos.sk\\\/public_html\\\/wp-content\\\/uploads\\\/2021\\\/07\\\/logo-lunos.png\",\"width\":200,\"height\":101,\"caption\":\"Lunos\"},\"image\":{\"@id\":\"https:\\\/\\\/lunos.sk\\\/public_html\\\/#\\\/schema\\\/logo\\\/image\\\/\"},\"sameAs\":[\"https:\\\/\\\/www.facebook.com\\\/lunosslovensko\",\"https:\\\/\\\/x.com\\\/lunos_slovensko\"]}]}<\/script>\n<!-- \/ Yoast SEO plugin. -->","yoast_head_json":{"title":"Smart Comfort- riadi vetranie spo\u013eahlivo a inteligentne - Lunos Slovensko","robots":{"index":"index","follow":"follow","max-snippet":"max-snippet:-1","max-image-preview":"max-image-preview:large","max-video-preview":"max-video-preview:-1"},"canonical":"https:\/\/lunos.sk\/public_html\/produkt\/smart-comfort\/","og_locale":"sk_SK","og_type":"article","og_title":"Smart Comfort- riadi vetranie spo\u013eahlivo a inteligentne - Lunos Slovensko","og_description":"[vc_row][vc_column][\/vc_column][\/vc_row]","og_url":"https:\/\/lunos.sk\/public_html\/produkt\/smart-comfort\/","og_site_name":"Lunos Slovensko","article_publisher":"https:\/\/www.facebook.com\/lunosslovensko","article_modified_time":"2024-06-03T13:11:34+00:00","og_image":[{"width":478,"height":550,"url":"https:\/\/lunos.sk\/public_html\/wp-content\/uploads\/2021\/11\/5-SC-FT-klavesnica.png","type":"image\/png"}],"twitter_card":"summary_large_image","twitter_site":"@lunos_slovensko","twitter_misc":{"Predpokladan\u00fd \u010das \u010d\u00edtania":"2 min\u00faty"},"schema":{"@context":"https:\/\/schema.org","@graph":[{"@type":"WebPage","@id":"https:\/\/lunos.sk\/public_html\/produkt\/smart-comfort\/","url":"https:\/\/lunos.sk\/public_html\/produkt\/smart-comfort\/","name":"Smart Comfort- riadi vetranie spo\u013eahlivo a inteligentne - Lunos Slovensko","isPartOf":{"@id":"https:\/\/lunos.sk\/public_html\/#website"},"primaryImageOfPage":{"@id":"https:\/\/lunos.sk\/public_html\/produkt\/smart-comfort\/#primaryimage"},"image":{"@id":"https:\/\/lunos.sk\/public_html\/produkt\/smart-comfort\/#primaryimage"},"thumbnailUrl":"https:\/\/lunos.sk\/public_html\/wp-content\/uploads\/2021\/11\/5-SC-FT-klavesnica.png","datePublished":"2021-11-24T09:49:44+00:00","dateModified":"2024-06-03T13:11:34+00:00","breadcrumb":{"@id":"https:\/\/lunos.sk\/public_html\/produkt\/smart-comfort\/#breadcrumb"},"inLanguage":"sk-SK","potentialAction":[{"@type":"ReadAction","target":["https:\/\/lunos.sk\/public_html\/produkt\/smart-comfort\/"]}]},{"@type":"ImageObject","inLanguage":"sk-SK","@id":"https:\/\/lunos.sk\/public_html\/produkt\/smart-comfort\/#primaryimage","url":"https:\/\/lunos.sk\/public_html\/wp-content\/uploads\/2021\/11\/5-SC-FT-klavesnica.png","contentUrl":"https:\/\/lunos.sk\/public_html\/wp-content\/uploads\/2021\/11\/5-SC-FT-klavesnica.png","width":478,"height":550,"caption":"Ovl\u00e1dac\u00ed prvok vo forme f\u00f3liovej kl\u00e1vesnice"},{"@type":"BreadcrumbList","@id":"https:\/\/lunos.sk\/public_html\/produkt\/smart-comfort\/#breadcrumb","itemListElement":[{"@type":"ListItem","position":1,"name":"Home","item":"https:\/\/lunos.sk\/public_html\/"},{"@type":"ListItem","position":2,"name":"Produkty","item":"https:\/\/lunos.sk\/public_html\/produkty\/"},{"@type":"ListItem","position":3,"name":"Smart Comfort- riadi vetranie spo\u013eahlivo a inteligentne"}]},{"@type":"WebSite","@id":"https:\/\/lunos.sk\/public_html\/#website","url":"https:\/\/lunos.sk\/public_html\/","name":"Lunos Slovensko","description":"","publisher":{"@id":"https:\/\/lunos.sk\/public_html\/#organization"},"potentialAction":[{"@type":"SearchAction","target":{"@type":"EntryPoint","urlTemplate":"https:\/\/lunos.sk\/public_html\/?s={search_term_string}"},"query-input":{"@type":"PropertyValueSpecification","valueRequired":true,"valueName":"search_term_string"}}],"inLanguage":"sk-SK"},{"@type":"Organization","@id":"https:\/\/lunos.sk\/public_html\/#organization","name":"Lunos","url":"https:\/\/lunos.sk\/public_html\/","logo":{"@type":"ImageObject","inLanguage":"sk-SK","@id":"https:\/\/lunos.sk\/public_html\/#\/schema\/logo\/image\/","url":"https:\/\/lunos.sk\/public_html\/wp-content\/uploads\/2021\/07\/logo-lunos.png","contentUrl":"https:\/\/lunos.sk\/public_html\/wp-content\/uploads\/2021\/07\/logo-lunos.png","width":200,"height":101,"caption":"Lunos"},"image":{"@id":"https:\/\/lunos.sk\/public_html\/#\/schema\/logo\/image\/"},"sameAs":["https:\/\/www.facebook.com\/lunosslovensko","https:\/\/x.com\/lunos_slovensko"]}]}},"jetpack_sharing_enabled":true,"_links":{"self":[{"href":"https:\/\/lunos.sk\/public_html\/wp-json\/wp\/v2\/product\/8247","targetHints":{"allow":["GET"]}}],"collection":[{"href":"https:\/\/lunos.sk\/public_html\/wp-json\/wp\/v2\/product"}],"about":[{"href":"https:\/\/lunos.sk\/public_html\/wp-json\/wp\/v2\/types\/product"}],"version-history":[{"count":2,"href":"https:\/\/lunos.sk\/public_html\/wp-json\/wp\/v2\/product\/8247\/revisions"}],"predecessor-version":[{"id":8604,"href":"https:\/\/lunos.sk\/public_html\/wp-json\/wp\/v2\/product\/8247\/revisions\/8604"}],"wp:featuredmedia":[{"embeddable":true,"href":"https:\/\/lunos.sk\/public_html\/wp-json\/wp\/v2\/media\/8598"}],"wp:attachment":[{"href":"https:\/\/lunos.sk\/public_html\/wp-json\/wp\/v2\/media?parent=8247"}],"wp:term":[{"taxonomy":"product_brand","embeddable":true,"href":"https:\/\/lunos.sk\/public_html\/wp-json\/wp\/v2\/product_brand?post=8247"},{"taxonomy":"product_cat","embeddable":true,"href":"https:\/\/lunos.sk\/public_html\/wp-json\/wp\/v2\/product_cat?post=8247"},{"taxonomy":"product_tag","embeddable":true,"href":"https:\/\/lunos.sk\/public_html\/wp-json\/wp\/v2\/product_tag?post=8247"}],"curies":[{"name":"wp","href":"https:\/\/api.w.org\/{rel}","templated":true}]}}