{"id":8255,"date":"2021-11-24T11:47:52","date_gmt":"2021-11-24T10:47:52","guid":{"rendered":"https:\/\/lunos.sk\/public_html\/?post_type=product&#038;p=8255"},"modified":"2024-06-03T15:13:39","modified_gmt":"2024-06-03T13:13:39","slug":"ovladanie-gestami","status":"publish","type":"product","link":"https:\/\/lunos.sk\/public_html\/produkt\/ovladanie-gestami\/","title":{"rendered":"Ovl\u00e1danie gestami"},"content":{"rendered":"<div class=\"wpb-content-wrapper\"><p>[vc_row][vc_column][vc_column_text text_larger=&#8220;no&#8220; el_class=&#8220;popis-produktu&#8220;]<strong>Vetranie pomocou gest<\/strong><\/p>\n<p style=\"text-align: justify;\">Pre v\u0161etky v\u00fdrobky s\u00fa k dispoz\u00edcii r\u00f4zne riadiace syst\u00e9my. Ovl\u00e1danie gestami funguje pomocou elektromagnetick\u00e9ho po\u013ea, ktor\u00e9 je mo\u017en\u00e9 aktivova\u0165 r\u00f4znymi gestami, t.j. bezdotykovo. Pod dotykovou plochou je umiestnen\u00fdch 60 RGB-LED di\u00f3d, ktor\u00e9 poskytuj\u00fa po\u010das ovl\u00e1dania sp\u00e4tn\u00fa v\u00e4zbu a signalizuj\u00fa akt\u00edvnu funkciu a stavy vetrania zrozumite\u013en\u00fdm sp\u00f4sobom.<span class=\"Apple-converted-space\">\u00a0<\/span><\/p>\n<p><b>Funkcie<span class=\"Apple-converted-space\">\u00a0<\/span><\/b><\/p>\n<ul>\n<li>V\u00fdber pohotovostn\u00fdch dispejov: \u010das, teplota-\/\u00farove\u0148 vlhkosti, doba prev\u00e1dzky filtra, no\u010dn\u00e9 svetlo<\/li>\n<li>Nastavite\u013en\u00e9 hrani\u010dn\u00e9 hodnoty rozsahu vlhkosti<\/li>\n<li>Mo\u017enos\u0165 ovl\u00e1da\u0165 nez\u00e1visle od seba dve vetracie z\u00f3ny<\/li>\n<li>Komfortn\u00e9 funkcie intenz\u00edvneho vetrania, no\u010dn\u00e9ho \u00fatlmu a letn\u00e9ho vetrania je mo\u017en\u00e9 individu\u00e1lne nastavi\u0165<br \/>\nz poh\u013eadu doby prev\u00e1dzky a \u00farovne<\/li>\n<li>Funkcie pre ochranu pred vlhkos\u0165ou a mrazom<\/li>\n<li>\u00a0Prostredn\u00edctvom jedn\u00e9ho ovl\u00e1da\u010da je mo\u017en\u00e9 regulova\u0165 r\u00f4zne typy zariaden\u00ed<\/li>\n<\/ul>\n<p><b>Mo\u017en\u00e9 kombin\u00e1cie zariaden\u00ed<\/b><\/p>\n<p style=\"text-align: justify;\">Na obe zbernice riadenia je mo\u017en\u00e9 pripoji\u0165 Univerz\u00e1lne riadenia, pr\u00edstroje zo s\u00e9rie Nexxt a\/alebo Silvento ec. Tieto dve riadiacie zbernice sa daj\u00fa navz\u00e1jom regulova\u0165 oddelene, tak\u017ee je mo\u017en\u00e9 ovl\u00e1da\u0165 dve r\u00f4zne z\u00f3ny nez\u00e1visle od seba. To znamen\u00e1, \u017ee cel\u00fd vetrac\u00ed syst\u00e9m bytovej jednotky je mo\u017en\u00e9 riadi\u0165 pomocou jedn\u00e9ho riadenia.<\/p>\n<p>[\/vc_column_text][\/vc_column][\/vc_row]<\/p>\n<\/div>","protected":false},"excerpt":{"rendered":"<p>[vc_row][vc_column][vc_column_text text_larger=&#8220;no&#8220; el_class=&#8220;popis-produktu&#8220;]Vetranie pomocou gest Pre v\u0161etky v\u00fdrobky s\u00fa k dispoz\u00edcii r\u00f4zne riadiace syst\u00e9my. Ovl\u00e1danie gestami funguje pomocou elektromagnetick\u00e9ho po\u013ea,<\/p>\n","protected":false},"featured_media":8258,"template":"","meta":[],"product_brand":[],"product_cat":[73],"product_tag":[],"class_list":{"0":"post-8255","1":"product","2":"type-product","3":"status-publish","4":"has-post-thumbnail","6":"product_cat-riadenie-a-regulacia","8":"first","9":"instock","10":"shipping-taxable","11":"product-type-simple"},"yoast_head":"<!-- This site is optimized with the Yoast SEO plugin v27.4 - https:\/\/yoast.com\/product\/yoast-seo-wordpress\/ -->\n<title>Ovl\u00e1danie gestami - Lunos Slovensko<\/title>\n<meta name=\"robots\" content=\"index, follow, max-snippet:-1, max-image-preview:large, max-video-preview:-1\" \/>\n<link rel=\"canonical\" href=\"https:\/\/lunos.sk\/public_html\/produkt\/ovladanie-gestami\/\" \/>\n<meta property=\"og:locale\" content=\"sk_SK\" \/>\n<meta property=\"og:type\" content=\"article\" \/>\n<meta property=\"og:title\" content=\"Ovl\u00e1danie gestami - Lunos Slovensko\" \/>\n<meta property=\"og:description\" content=\"[vc_row][vc_column][vc_column_text text_larger=&#8220;no&#8220; el_class=&#8220;popis-produktu&#8220;]Vetranie pomocou gest Pre v\u0161etky v\u00fdrobky s\u00fa k dispoz\u00edcii r\u00f4zne riadiace syst\u00e9my. Ovl\u00e1danie gestami funguje pomocou elektromagnetick\u00e9ho po\u013ea,\" \/>\n<meta property=\"og:url\" content=\"https:\/\/lunos.sk\/public_html\/produkt\/ovladanie-gestami\/\" \/>\n<meta property=\"og:site_name\" content=\"Lunos Slovensko\" \/>\n<meta property=\"article:publisher\" content=\"https:\/\/www.facebook.com\/lunosslovensko\" \/>\n<meta property=\"article:modified_time\" content=\"2024-06-03T13:13:39+00:00\" \/>\n<meta property=\"og:image\" content=\"https:\/\/lunos.sk\/public_html\/wp-content\/uploads\/2021\/11\/id-5-gs-explo-c501d687.png\" \/>\n\t<meta property=\"og:image:width\" content=\"629\" \/>\n\t<meta property=\"og:image:height\" content=\"550\" \/>\n\t<meta property=\"og:image:type\" content=\"image\/png\" \/>\n<meta name=\"twitter:card\" content=\"summary_large_image\" \/>\n<meta name=\"twitter:site\" content=\"@lunos_slovensko\" \/>\n<meta name=\"twitter:label1\" content=\"Predpokladan\u00fd \u010das \u010d\u00edtania\" \/>\n\t<meta name=\"twitter:data1\" content=\"2 min\u00faty\" \/>\n<script type=\"application\/ld+json\" class=\"yoast-schema-graph\">{\"@context\":\"https:\\\/\\\/schema.org\",\"@graph\":[{\"@type\":\"WebPage\",\"@id\":\"https:\\\/\\\/lunos.sk\\\/public_html\\\/produkt\\\/ovladanie-gestami\\\/\",\"url\":\"https:\\\/\\\/lunos.sk\\\/public_html\\\/produkt\\\/ovladanie-gestami\\\/\",\"name\":\"Ovl\u00e1danie gestami - Lunos Slovensko\",\"isPartOf\":{\"@id\":\"https:\\\/\\\/lunos.sk\\\/public_html\\\/#website\"},\"primaryImageOfPage\":{\"@id\":\"https:\\\/\\\/lunos.sk\\\/public_html\\\/produkt\\\/ovladanie-gestami\\\/#primaryimage\"},\"image\":{\"@id\":\"https:\\\/\\\/lunos.sk\\\/public_html\\\/produkt\\\/ovladanie-gestami\\\/#primaryimage\"},\"thumbnailUrl\":\"https:\\\/\\\/lunos.sk\\\/public_html\\\/wp-content\\\/uploads\\\/2021\\\/11\\\/id-5-gs-explo-c501d687.png\",\"datePublished\":\"2021-11-24T10:47:52+00:00\",\"dateModified\":\"2024-06-03T13:13:39+00:00\",\"breadcrumb\":{\"@id\":\"https:\\\/\\\/lunos.sk\\\/public_html\\\/produkt\\\/ovladanie-gestami\\\/#breadcrumb\"},\"inLanguage\":\"sk-SK\",\"potentialAction\":[{\"@type\":\"ReadAction\",\"target\":[\"https:\\\/\\\/lunos.sk\\\/public_html\\\/produkt\\\/ovladanie-gestami\\\/\"]}]},{\"@type\":\"ImageObject\",\"inLanguage\":\"sk-SK\",\"@id\":\"https:\\\/\\\/lunos.sk\\\/public_html\\\/produkt\\\/ovladanie-gestami\\\/#primaryimage\",\"url\":\"https:\\\/\\\/lunos.sk\\\/public_html\\\/wp-content\\\/uploads\\\/2021\\\/11\\\/id-5-gs-explo-c501d687.png\",\"contentUrl\":\"https:\\\/\\\/lunos.sk\\\/public_html\\\/wp-content\\\/uploads\\\/2021\\\/11\\\/id-5-gs-explo-c501d687.png\",\"width\":629,\"height\":550},{\"@type\":\"BreadcrumbList\",\"@id\":\"https:\\\/\\\/lunos.sk\\\/public_html\\\/produkt\\\/ovladanie-gestami\\\/#breadcrumb\",\"itemListElement\":[{\"@type\":\"ListItem\",\"position\":1,\"name\":\"Home\",\"item\":\"https:\\\/\\\/lunos.sk\\\/public_html\\\/\"},{\"@type\":\"ListItem\",\"position\":2,\"name\":\"Produkty\",\"item\":\"https:\\\/\\\/lunos.sk\\\/public_html\\\/produkty\\\/\"},{\"@type\":\"ListItem\",\"position\":3,\"name\":\"Ovl\u00e1danie gestami\"}]},{\"@type\":\"WebSite\",\"@id\":\"https:\\\/\\\/lunos.sk\\\/public_html\\\/#website\",\"url\":\"https:\\\/\\\/lunos.sk\\\/public_html\\\/\",\"name\":\"Lunos Slovensko\",\"description\":\"\",\"publisher\":{\"@id\":\"https:\\\/\\\/lunos.sk\\\/public_html\\\/#organization\"},\"potentialAction\":[{\"@type\":\"SearchAction\",\"target\":{\"@type\":\"EntryPoint\",\"urlTemplate\":\"https:\\\/\\\/lunos.sk\\\/public_html\\\/?s={search_term_string}\"},\"query-input\":{\"@type\":\"PropertyValueSpecification\",\"valueRequired\":true,\"valueName\":\"search_term_string\"}}],\"inLanguage\":\"sk-SK\"},{\"@type\":\"Organization\",\"@id\":\"https:\\\/\\\/lunos.sk\\\/public_html\\\/#organization\",\"name\":\"Lunos\",\"url\":\"https:\\\/\\\/lunos.sk\\\/public_html\\\/\",\"logo\":{\"@type\":\"ImageObject\",\"inLanguage\":\"sk-SK\",\"@id\":\"https:\\\/\\\/lunos.sk\\\/public_html\\\/#\\\/schema\\\/logo\\\/image\\\/\",\"url\":\"https:\\\/\\\/lunos.sk\\\/public_html\\\/wp-content\\\/uploads\\\/2021\\\/07\\\/logo-lunos.png\",\"contentUrl\":\"https:\\\/\\\/lunos.sk\\\/public_html\\\/wp-content\\\/uploads\\\/2021\\\/07\\\/logo-lunos.png\",\"width\":200,\"height\":101,\"caption\":\"Lunos\"},\"image\":{\"@id\":\"https:\\\/\\\/lunos.sk\\\/public_html\\\/#\\\/schema\\\/logo\\\/image\\\/\"},\"sameAs\":[\"https:\\\/\\\/www.facebook.com\\\/lunosslovensko\",\"https:\\\/\\\/x.com\\\/lunos_slovensko\"]}]}<\/script>\n<!-- \/ Yoast SEO plugin. -->","yoast_head_json":{"title":"Ovl\u00e1danie gestami - Lunos Slovensko","robots":{"index":"index","follow":"follow","max-snippet":"max-snippet:-1","max-image-preview":"max-image-preview:large","max-video-preview":"max-video-preview:-1"},"canonical":"https:\/\/lunos.sk\/public_html\/produkt\/ovladanie-gestami\/","og_locale":"sk_SK","og_type":"article","og_title":"Ovl\u00e1danie gestami - Lunos Slovensko","og_description":"[vc_row][vc_column][vc_column_text text_larger=&#8220;no&#8220; el_class=&#8220;popis-produktu&#8220;]Vetranie pomocou gest Pre v\u0161etky v\u00fdrobky s\u00fa k dispoz\u00edcii r\u00f4zne riadiace syst\u00e9my. Ovl\u00e1danie gestami funguje pomocou elektromagnetick\u00e9ho po\u013ea,","og_url":"https:\/\/lunos.sk\/public_html\/produkt\/ovladanie-gestami\/","og_site_name":"Lunos Slovensko","article_publisher":"https:\/\/www.facebook.com\/lunosslovensko","article_modified_time":"2024-06-03T13:13:39+00:00","og_image":[{"width":629,"height":550,"url":"https:\/\/lunos.sk\/public_html\/wp-content\/uploads\/2021\/11\/id-5-gs-explo-c501d687.png","type":"image\/png"}],"twitter_card":"summary_large_image","twitter_site":"@lunos_slovensko","twitter_misc":{"Predpokladan\u00fd \u010das \u010d\u00edtania":"2 min\u00faty"},"schema":{"@context":"https:\/\/schema.org","@graph":[{"@type":"WebPage","@id":"https:\/\/lunos.sk\/public_html\/produkt\/ovladanie-gestami\/","url":"https:\/\/lunos.sk\/public_html\/produkt\/ovladanie-gestami\/","name":"Ovl\u00e1danie gestami - Lunos Slovensko","isPartOf":{"@id":"https:\/\/lunos.sk\/public_html\/#website"},"primaryImageOfPage":{"@id":"https:\/\/lunos.sk\/public_html\/produkt\/ovladanie-gestami\/#primaryimage"},"image":{"@id":"https:\/\/lunos.sk\/public_html\/produkt\/ovladanie-gestami\/#primaryimage"},"thumbnailUrl":"https:\/\/lunos.sk\/public_html\/wp-content\/uploads\/2021\/11\/id-5-gs-explo-c501d687.png","datePublished":"2021-11-24T10:47:52+00:00","dateModified":"2024-06-03T13:13:39+00:00","breadcrumb":{"@id":"https:\/\/lunos.sk\/public_html\/produkt\/ovladanie-gestami\/#breadcrumb"},"inLanguage":"sk-SK","potentialAction":[{"@type":"ReadAction","target":["https:\/\/lunos.sk\/public_html\/produkt\/ovladanie-gestami\/"]}]},{"@type":"ImageObject","inLanguage":"sk-SK","@id":"https:\/\/lunos.sk\/public_html\/produkt\/ovladanie-gestami\/#primaryimage","url":"https:\/\/lunos.sk\/public_html\/wp-content\/uploads\/2021\/11\/id-5-gs-explo-c501d687.png","contentUrl":"https:\/\/lunos.sk\/public_html\/wp-content\/uploads\/2021\/11\/id-5-gs-explo-c501d687.png","width":629,"height":550},{"@type":"BreadcrumbList","@id":"https:\/\/lunos.sk\/public_html\/produkt\/ovladanie-gestami\/#breadcrumb","itemListElement":[{"@type":"ListItem","position":1,"name":"Home","item":"https:\/\/lunos.sk\/public_html\/"},{"@type":"ListItem","position":2,"name":"Produkty","item":"https:\/\/lunos.sk\/public_html\/produkty\/"},{"@type":"ListItem","position":3,"name":"Ovl\u00e1danie gestami"}]},{"@type":"WebSite","@id":"https:\/\/lunos.sk\/public_html\/#website","url":"https:\/\/lunos.sk\/public_html\/","name":"Lunos Slovensko","description":"","publisher":{"@id":"https:\/\/lunos.sk\/public_html\/#organization"},"potentialAction":[{"@type":"SearchAction","target":{"@type":"EntryPoint","urlTemplate":"https:\/\/lunos.sk\/public_html\/?s={search_term_string}"},"query-input":{"@type":"PropertyValueSpecification","valueRequired":true,"valueName":"search_term_string"}}],"inLanguage":"sk-SK"},{"@type":"Organization","@id":"https:\/\/lunos.sk\/public_html\/#organization","name":"Lunos","url":"https:\/\/lunos.sk\/public_html\/","logo":{"@type":"ImageObject","inLanguage":"sk-SK","@id":"https:\/\/lunos.sk\/public_html\/#\/schema\/logo\/image\/","url":"https:\/\/lunos.sk\/public_html\/wp-content\/uploads\/2021\/07\/logo-lunos.png","contentUrl":"https:\/\/lunos.sk\/public_html\/wp-content\/uploads\/2021\/07\/logo-lunos.png","width":200,"height":101,"caption":"Lunos"},"image":{"@id":"https:\/\/lunos.sk\/public_html\/#\/schema\/logo\/image\/"},"sameAs":["https:\/\/www.facebook.com\/lunosslovensko","https:\/\/x.com\/lunos_slovensko"]}]}},"jetpack_sharing_enabled":true,"_links":{"self":[{"href":"https:\/\/lunos.sk\/public_html\/wp-json\/wp\/v2\/product\/8255","targetHints":{"allow":["GET"]}}],"collection":[{"href":"https:\/\/lunos.sk\/public_html\/wp-json\/wp\/v2\/product"}],"about":[{"href":"https:\/\/lunos.sk\/public_html\/wp-json\/wp\/v2\/types\/product"}],"version-history":[{"count":2,"href":"https:\/\/lunos.sk\/public_html\/wp-json\/wp\/v2\/product\/8255\/revisions"}],"predecessor-version":[{"id":8584,"href":"https:\/\/lunos.sk\/public_html\/wp-json\/wp\/v2\/product\/8255\/revisions\/8584"}],"wp:featuredmedia":[{"embeddable":true,"href":"https:\/\/lunos.sk\/public_html\/wp-json\/wp\/v2\/media\/8258"}],"wp:attachment":[{"href":"https:\/\/lunos.sk\/public_html\/wp-json\/wp\/v2\/media?parent=8255"}],"wp:term":[{"taxonomy":"product_brand","embeddable":true,"href":"https:\/\/lunos.sk\/public_html\/wp-json\/wp\/v2\/product_brand?post=8255"},{"taxonomy":"product_cat","embeddable":true,"href":"https:\/\/lunos.sk\/public_html\/wp-json\/wp\/v2\/product_cat?post=8255"},{"taxonomy":"product_tag","embeddable":true,"href":"https:\/\/lunos.sk\/public_html\/wp-json\/wp\/v2\/product_tag?post=8255"}],"curies":[{"name":"wp","href":"https:\/\/api.w.org\/{rel}","templated":true}]}}