{"id":8259,"date":"2021-11-24T11:52:39","date_gmt":"2021-11-24T10:52:39","guid":{"rendered":"https:\/\/lunos.sk\/public_html\/?post_type=product&#038;p=8259"},"modified":"2024-06-03T15:14:24","modified_gmt":"2024-06-03T13:14:24","slug":"uni-ft","status":"publish","type":"product","link":"https:\/\/lunos.sk\/public_html\/produkt\/uni-ft\/","title":{"rendered":"UNI-FT"},"content":{"rendered":"<div class=\"wpb-content-wrapper\"><p>[vc_row][vc_column][vc_column_text text_larger=&#8220;no&#8220; el_class=&#8220;popis-produktu&#8220;]<strong>\u0160tandardn\u00e1 regul\u00e1cia pod\u013ea<span class=\"Apple-converted-space\">\u00a0<\/span>teplotno-vlkostnej kl\u00edmy<span class=\"Apple-converted-space\">\u00a0<\/span><\/strong><\/p>\n<p>Univerz\u00e1lnym riaden\u00edm 5\/UNI-FT je mo\u017en\u00e9 ovl\u00e1da\u0165 ka\u017ed\u00e9 vetracie zariadenie samostatne. Riadenie je \u0161tandardne vybaven\u00e9 regul\u00e1ciou pod\u013ea teplotno-vlhkostnej kl\u00edmy, \u010dasova\u010dom dobehu a letn\u00fdm re\u017eimom. Multifunk\u010dn\u00e9 riadenie je nap\u00e1jan\u00e9 12-V a je ho mo\u017en\u00e9 ovl\u00e1da\u0165 jednoduch\u00fdm s\u00e9riov\u00fdm dvojvyp\u00edna\u010dom.<span class=\"Apple-converted-space\">\u00a0<\/span><\/p>\n<p><b>Funkcie<span class=\"Apple-converted-space\">\u00a0<\/span><\/b><\/p>\n<ul>\n<li>Automatick\u00e9 riadenie pod\u013ea vlhkosti<\/li>\n<li>Mo\u017enos\u0165 nastavi\u0165 tri r\u00f4zne spodn\u00e9 hranice rozsahu vlhkosti<\/li>\n<li>Ru\u010dn\u00e9 ovl\u00e1danie pomocou s\u00e9riov\u00e9ho dvojvyp\u00edna\u010da (\u0161tyri stupne)<\/li>\n<li>Integrovan\u00fd \u010dasov\u00fd dobeh a intervalov\u00e1 prev\u00e1dzka<\/li>\n<li>Mo\u017enos\u0165 pripoji\u0165 bezdr\u00f4tov\u00fd modul<\/li>\n<li>Vstup 0 &#8211; 10 V, pripojenie k TAC alebo do dom\u00e1cej automatiz\u00e1cie<\/li>\n<\/ul>\n<p>[\/vc_column_text][\/vc_column][\/vc_row]<\/p>\n<\/div>","protected":false},"excerpt":{"rendered":"<p>[vc_row][vc_column][vc_column_text text_larger=&#8220;no&#8220; el_class=&#8220;popis-produktu&#8220;]\u0160tandardn\u00e1 regul\u00e1cia pod\u013ea\u00a0teplotno-vlkostnej kl\u00edmy\u00a0 Univerz\u00e1lnym riaden\u00edm 5\/UNI-FT je mo\u017en\u00e9 ovl\u00e1da\u0165 ka\u017ed\u00e9 vetracie zariadenie samostatne. Riadenie je \u0161tandardne vybaven\u00e9<\/p>\n","protected":false},"featured_media":8260,"template":"","meta":[],"product_brand":[],"product_cat":[73],"product_tag":[],"class_list":{"0":"post-8259","1":"product","2":"type-product","3":"status-publish","4":"has-post-thumbnail","6":"product_cat-riadenie-a-regulacia","8":"first","9":"instock","10":"shipping-taxable","11":"product-type-simple"},"yoast_head":"<!-- This site is optimized with the Yoast SEO plugin v27.4 - https:\/\/yoast.com\/product\/yoast-seo-wordpress\/ -->\n<title>UNI-FT - Lunos Slovensko<\/title>\n<meta name=\"robots\" content=\"index, follow, max-snippet:-1, max-image-preview:large, max-video-preview:-1\" \/>\n<link rel=\"canonical\" href=\"https:\/\/lunos.sk\/public_html\/produkt\/uni-ft\/\" \/>\n<meta property=\"og:locale\" content=\"sk_SK\" \/>\n<meta property=\"og:type\" content=\"article\" \/>\n<meta property=\"og:title\" content=\"UNI-FT - Lunos Slovensko\" \/>\n<meta property=\"og:description\" content=\"[vc_row][vc_column][vc_column_text text_larger=&#8220;no&#8220; el_class=&#8220;popis-produktu&#8220;]\u0160tandardn\u00e1 regul\u00e1cia pod\u013ea\u00a0teplotno-vlkostnej kl\u00edmy\u00a0 Univerz\u00e1lnym riaden\u00edm 5\/UNI-FT je mo\u017en\u00e9 ovl\u00e1da\u0165 ka\u017ed\u00e9 vetracie zariadenie samostatne. Riadenie je \u0161tandardne vybaven\u00e9\" \/>\n<meta property=\"og:url\" content=\"https:\/\/lunos.sk\/public_html\/produkt\/uni-ft\/\" \/>\n<meta property=\"og:site_name\" content=\"Lunos Slovensko\" \/>\n<meta property=\"article:publisher\" content=\"https:\/\/www.facebook.com\/lunosslovensko\" \/>\n<meta property=\"article:modified_time\" content=\"2024-06-03T13:14:24+00:00\" \/>\n<meta property=\"og:image\" content=\"https:\/\/lunos.sk\/public_html\/wp-content\/uploads\/2021\/11\/id-5-uni-ft_2021-fc84b207.jpg\" \/>\n\t<meta property=\"og:image:width\" content=\"429\" \/>\n\t<meta property=\"og:image:height\" content=\"550\" \/>\n\t<meta property=\"og:image:type\" content=\"image\/jpeg\" \/>\n<meta name=\"twitter:card\" content=\"summary_large_image\" \/>\n<meta name=\"twitter:site\" content=\"@lunos_slovensko\" \/>\n<meta name=\"twitter:label1\" content=\"Predpokladan\u00fd \u010das \u010d\u00edtania\" \/>\n\t<meta name=\"twitter:data1\" content=\"1 min\u00fata\" \/>\n<script type=\"application\/ld+json\" class=\"yoast-schema-graph\">{\"@context\":\"https:\\\/\\\/schema.org\",\"@graph\":[{\"@type\":\"WebPage\",\"@id\":\"https:\\\/\\\/lunos.sk\\\/public_html\\\/produkt\\\/uni-ft\\\/\",\"url\":\"https:\\\/\\\/lunos.sk\\\/public_html\\\/produkt\\\/uni-ft\\\/\",\"name\":\"UNI-FT - Lunos Slovensko\",\"isPartOf\":{\"@id\":\"https:\\\/\\\/lunos.sk\\\/public_html\\\/#website\"},\"primaryImageOfPage\":{\"@id\":\"https:\\\/\\\/lunos.sk\\\/public_html\\\/produkt\\\/uni-ft\\\/#primaryimage\"},\"image\":{\"@id\":\"https:\\\/\\\/lunos.sk\\\/public_html\\\/produkt\\\/uni-ft\\\/#primaryimage\"},\"thumbnailUrl\":\"https:\\\/\\\/lunos.sk\\\/public_html\\\/wp-content\\\/uploads\\\/2021\\\/11\\\/id-5-uni-ft_2021-fc84b207.jpg\",\"datePublished\":\"2021-11-24T10:52:39+00:00\",\"dateModified\":\"2024-06-03T13:14:24+00:00\",\"breadcrumb\":{\"@id\":\"https:\\\/\\\/lunos.sk\\\/public_html\\\/produkt\\\/uni-ft\\\/#breadcrumb\"},\"inLanguage\":\"sk-SK\",\"potentialAction\":[{\"@type\":\"ReadAction\",\"target\":[\"https:\\\/\\\/lunos.sk\\\/public_html\\\/produkt\\\/uni-ft\\\/\"]}]},{\"@type\":\"ImageObject\",\"inLanguage\":\"sk-SK\",\"@id\":\"https:\\\/\\\/lunos.sk\\\/public_html\\\/produkt\\\/uni-ft\\\/#primaryimage\",\"url\":\"https:\\\/\\\/lunos.sk\\\/public_html\\\/wp-content\\\/uploads\\\/2021\\\/11\\\/id-5-uni-ft_2021-fc84b207.jpg\",\"contentUrl\":\"https:\\\/\\\/lunos.sk\\\/public_html\\\/wp-content\\\/uploads\\\/2021\\\/11\\\/id-5-uni-ft_2021-fc84b207.jpg\",\"width\":429,\"height\":550},{\"@type\":\"BreadcrumbList\",\"@id\":\"https:\\\/\\\/lunos.sk\\\/public_html\\\/produkt\\\/uni-ft\\\/#breadcrumb\",\"itemListElement\":[{\"@type\":\"ListItem\",\"position\":1,\"name\":\"Home\",\"item\":\"https:\\\/\\\/lunos.sk\\\/public_html\\\/\"},{\"@type\":\"ListItem\",\"position\":2,\"name\":\"Produkty\",\"item\":\"https:\\\/\\\/lunos.sk\\\/public_html\\\/produkty\\\/\"},{\"@type\":\"ListItem\",\"position\":3,\"name\":\"UNI-FT\"}]},{\"@type\":\"WebSite\",\"@id\":\"https:\\\/\\\/lunos.sk\\\/public_html\\\/#website\",\"url\":\"https:\\\/\\\/lunos.sk\\\/public_html\\\/\",\"name\":\"Lunos Slovensko\",\"description\":\"\",\"publisher\":{\"@id\":\"https:\\\/\\\/lunos.sk\\\/public_html\\\/#organization\"},\"potentialAction\":[{\"@type\":\"SearchAction\",\"target\":{\"@type\":\"EntryPoint\",\"urlTemplate\":\"https:\\\/\\\/lunos.sk\\\/public_html\\\/?s={search_term_string}\"},\"query-input\":{\"@type\":\"PropertyValueSpecification\",\"valueRequired\":true,\"valueName\":\"search_term_string\"}}],\"inLanguage\":\"sk-SK\"},{\"@type\":\"Organization\",\"@id\":\"https:\\\/\\\/lunos.sk\\\/public_html\\\/#organization\",\"name\":\"Lunos\",\"url\":\"https:\\\/\\\/lunos.sk\\\/public_html\\\/\",\"logo\":{\"@type\":\"ImageObject\",\"inLanguage\":\"sk-SK\",\"@id\":\"https:\\\/\\\/lunos.sk\\\/public_html\\\/#\\\/schema\\\/logo\\\/image\\\/\",\"url\":\"https:\\\/\\\/lunos.sk\\\/public_html\\\/wp-content\\\/uploads\\\/2021\\\/07\\\/logo-lunos.png\",\"contentUrl\":\"https:\\\/\\\/lunos.sk\\\/public_html\\\/wp-content\\\/uploads\\\/2021\\\/07\\\/logo-lunos.png\",\"width\":200,\"height\":101,\"caption\":\"Lunos\"},\"image\":{\"@id\":\"https:\\\/\\\/lunos.sk\\\/public_html\\\/#\\\/schema\\\/logo\\\/image\\\/\"},\"sameAs\":[\"https:\\\/\\\/www.facebook.com\\\/lunosslovensko\",\"https:\\\/\\\/x.com\\\/lunos_slovensko\"]}]}<\/script>\n<!-- \/ Yoast SEO plugin. -->","yoast_head_json":{"title":"UNI-FT - Lunos Slovensko","robots":{"index":"index","follow":"follow","max-snippet":"max-snippet:-1","max-image-preview":"max-image-preview:large","max-video-preview":"max-video-preview:-1"},"canonical":"https:\/\/lunos.sk\/public_html\/produkt\/uni-ft\/","og_locale":"sk_SK","og_type":"article","og_title":"UNI-FT - Lunos Slovensko","og_description":"[vc_row][vc_column][vc_column_text text_larger=&#8220;no&#8220; el_class=&#8220;popis-produktu&#8220;]\u0160tandardn\u00e1 regul\u00e1cia pod\u013ea\u00a0teplotno-vlkostnej kl\u00edmy\u00a0 Univerz\u00e1lnym riaden\u00edm 5\/UNI-FT je mo\u017en\u00e9 ovl\u00e1da\u0165 ka\u017ed\u00e9 vetracie zariadenie samostatne. Riadenie je \u0161tandardne vybaven\u00e9","og_url":"https:\/\/lunos.sk\/public_html\/produkt\/uni-ft\/","og_site_name":"Lunos Slovensko","article_publisher":"https:\/\/www.facebook.com\/lunosslovensko","article_modified_time":"2024-06-03T13:14:24+00:00","og_image":[{"width":429,"height":550,"url":"https:\/\/lunos.sk\/public_html\/wp-content\/uploads\/2021\/11\/id-5-uni-ft_2021-fc84b207.jpg","type":"image\/jpeg"}],"twitter_card":"summary_large_image","twitter_site":"@lunos_slovensko","twitter_misc":{"Predpokladan\u00fd \u010das \u010d\u00edtania":"1 min\u00fata"},"schema":{"@context":"https:\/\/schema.org","@graph":[{"@type":"WebPage","@id":"https:\/\/lunos.sk\/public_html\/produkt\/uni-ft\/","url":"https:\/\/lunos.sk\/public_html\/produkt\/uni-ft\/","name":"UNI-FT - Lunos Slovensko","isPartOf":{"@id":"https:\/\/lunos.sk\/public_html\/#website"},"primaryImageOfPage":{"@id":"https:\/\/lunos.sk\/public_html\/produkt\/uni-ft\/#primaryimage"},"image":{"@id":"https:\/\/lunos.sk\/public_html\/produkt\/uni-ft\/#primaryimage"},"thumbnailUrl":"https:\/\/lunos.sk\/public_html\/wp-content\/uploads\/2021\/11\/id-5-uni-ft_2021-fc84b207.jpg","datePublished":"2021-11-24T10:52:39+00:00","dateModified":"2024-06-03T13:14:24+00:00","breadcrumb":{"@id":"https:\/\/lunos.sk\/public_html\/produkt\/uni-ft\/#breadcrumb"},"inLanguage":"sk-SK","potentialAction":[{"@type":"ReadAction","target":["https:\/\/lunos.sk\/public_html\/produkt\/uni-ft\/"]}]},{"@type":"ImageObject","inLanguage":"sk-SK","@id":"https:\/\/lunos.sk\/public_html\/produkt\/uni-ft\/#primaryimage","url":"https:\/\/lunos.sk\/public_html\/wp-content\/uploads\/2021\/11\/id-5-uni-ft_2021-fc84b207.jpg","contentUrl":"https:\/\/lunos.sk\/public_html\/wp-content\/uploads\/2021\/11\/id-5-uni-ft_2021-fc84b207.jpg","width":429,"height":550},{"@type":"BreadcrumbList","@id":"https:\/\/lunos.sk\/public_html\/produkt\/uni-ft\/#breadcrumb","itemListElement":[{"@type":"ListItem","position":1,"name":"Home","item":"https:\/\/lunos.sk\/public_html\/"},{"@type":"ListItem","position":2,"name":"Produkty","item":"https:\/\/lunos.sk\/public_html\/produkty\/"},{"@type":"ListItem","position":3,"name":"UNI-FT"}]},{"@type":"WebSite","@id":"https:\/\/lunos.sk\/public_html\/#website","url":"https:\/\/lunos.sk\/public_html\/","name":"Lunos Slovensko","description":"","publisher":{"@id":"https:\/\/lunos.sk\/public_html\/#organization"},"potentialAction":[{"@type":"SearchAction","target":{"@type":"EntryPoint","urlTemplate":"https:\/\/lunos.sk\/public_html\/?s={search_term_string}"},"query-input":{"@type":"PropertyValueSpecification","valueRequired":true,"valueName":"search_term_string"}}],"inLanguage":"sk-SK"},{"@type":"Organization","@id":"https:\/\/lunos.sk\/public_html\/#organization","name":"Lunos","url":"https:\/\/lunos.sk\/public_html\/","logo":{"@type":"ImageObject","inLanguage":"sk-SK","@id":"https:\/\/lunos.sk\/public_html\/#\/schema\/logo\/image\/","url":"https:\/\/lunos.sk\/public_html\/wp-content\/uploads\/2021\/07\/logo-lunos.png","contentUrl":"https:\/\/lunos.sk\/public_html\/wp-content\/uploads\/2021\/07\/logo-lunos.png","width":200,"height":101,"caption":"Lunos"},"image":{"@id":"https:\/\/lunos.sk\/public_html\/#\/schema\/logo\/image\/"},"sameAs":["https:\/\/www.facebook.com\/lunosslovensko","https:\/\/x.com\/lunos_slovensko"]}]}},"jetpack_sharing_enabled":true,"_links":{"self":[{"href":"https:\/\/lunos.sk\/public_html\/wp-json\/wp\/v2\/product\/8259","targetHints":{"allow":["GET"]}}],"collection":[{"href":"https:\/\/lunos.sk\/public_html\/wp-json\/wp\/v2\/product"}],"about":[{"href":"https:\/\/lunos.sk\/public_html\/wp-json\/wp\/v2\/types\/product"}],"version-history":[{"count":2,"href":"https:\/\/lunos.sk\/public_html\/wp-json\/wp\/v2\/product\/8259\/revisions"}],"predecessor-version":[{"id":8645,"href":"https:\/\/lunos.sk\/public_html\/wp-json\/wp\/v2\/product\/8259\/revisions\/8645"}],"wp:featuredmedia":[{"embeddable":true,"href":"https:\/\/lunos.sk\/public_html\/wp-json\/wp\/v2\/media\/8260"}],"wp:attachment":[{"href":"https:\/\/lunos.sk\/public_html\/wp-json\/wp\/v2\/media?parent=8259"}],"wp:term":[{"taxonomy":"product_brand","embeddable":true,"href":"https:\/\/lunos.sk\/public_html\/wp-json\/wp\/v2\/product_brand?post=8259"},{"taxonomy":"product_cat","embeddable":true,"href":"https:\/\/lunos.sk\/public_html\/wp-json\/wp\/v2\/product_cat?post=8259"},{"taxonomy":"product_tag","embeddable":true,"href":"https:\/\/lunos.sk\/public_html\/wp-json\/wp\/v2\/product_tag?post=8259"}],"curies":[{"name":"wp","href":"https:\/\/api.w.org\/{rel}","templated":true}]}}