{"id":8275,"date":"2021-11-24T14:12:35","date_gmt":"2021-11-24T13:12:35","guid":{"rendered":"https:\/\/lunos.sk\/public_html\/?post_type=product&#038;p=8275"},"modified":"2024-06-03T15:17:22","modified_gmt":"2024-06-03T13:17:22","slug":"dialkove-ovladanie-enocean-rc-eo-modry","status":"publish","type":"product","link":"https:\/\/lunos.sk\/public_html\/produkt\/dialkove-ovladanie-enocean-rc-eo-modry\/","title":{"rendered":"Dia\u013ekov\u00e9 ovl\u00e1danie EnOcean RC-EO"},"content":{"rendered":"<div class=\"wpb-content-wrapper\"><p>[vc_row][vc_column][vc_column_text text_larger=&#8220;no&#8220; el_class=&#8220;popis-produktu&#8220;]<\/p>\n<h1><b>Dia\u013ekov\u00e9 ovl\u00e1danie EnOcean\u00a0<\/b><b>RC-EO modr\u00e9<\/b><\/h1>\n<p style=\"text-align: justify;\">Dia\u013ekov\u00e9 ovl\u00e1danie EnOcean RC-EO \u00a0je zn\u00e1my tie\u017e pod n\u00e1zvom <a href=\"https:\/\/nodon.fr\/de\/nodon\/die-fernbedienung-soft-remote-enocean\/\"><strong>Nod On\u00a0Soft Remote<\/strong><\/a>. \u00a0Nepotrebuje baterky, preto\u017ee potrebn\u00fa energiu si vyrob\u00ed v\u017edy pri jeho stla\u010den\u00ed.<\/p>\n<p style=\"text-align: justify;\">Je m\u00e4kk\u00fd, odoln\u00fd vo\u010di n\u00e1razom a striekaj\u00facej vode. Preto sa hod\u00ed do v\u0161etk\u00fdch oblast\u00ed ka\u017edodenn\u00e9ho \u017eivota a patr\u00ed do ekosyst\u00e9mu homee. V spojen\u00ed s modulom <a href=\"https:\/\/lunos.sk\/public_html\/produkt\/uni-eo\/\">UNI-EO<\/a> alebo bezdr\u00f4tov\u00fdm modulom <a href=\"https:\/\/lunos.sk\/public_html\/produkt\/fm-eo\/\">FM-EO<\/a> m\u00f4\u017ee\u0161 ovl\u00e1da\u0165 bezdr\u00f4tovo pripojen\u00e9 zariadenia priamo alebo pomocou <a href=\"https:\/\/lunos.sk\/public_html\/produkt\/homee-enocean-set\/\">EnOcean Cube<\/a>.<\/p>\n<p>V\u010faka integrovan\u00e9mu magnetu ho umiestni\u0161 kdeko\u013evek na kovov\u00fd predmet ako napr. na chladni\u010dku alebo z\u00e1rub\u0148u.<\/p>\n<p style=\"text-align: justify;\">Dva dostupn\u00e9 kan\u00e1ly pomocou \u0161tyroch tla\u010didiel prep\u00ednaj\u00fa napr. \u00farovne vetrania alebo hlasitosti a aktivuj\u00fa \u010di deaktivuj\u00fa \u0161peci\u00e1lne funkcie.<span class=\"Apple-converted-space\">\u00a0<\/span><\/p>\n<p>Z\u00edskal nieko\u013eko ocenen\u00ed za dizajn.\u00a0Dostupn\u00fd je vo viacer\u00fdch farb\u00e1ch.[\/vc_column_text][\/vc_column][\/vc_row]<\/p>\n<\/div>","protected":false},"excerpt":{"rendered":"<p>[vc_row][vc_column][vc_column_text text_larger=&#8220;no&#8220; el_class=&#8220;popis-produktu&#8220;] Dia\u013ekov\u00e9 ovl\u00e1danie EnOcean\u00a0RC-EO modr\u00e9 Dia\u013ekov\u00e9 ovl\u00e1danie EnOcean RC-EO \u00a0je zn\u00e1my tie\u017e pod n\u00e1zvom Nod On\u00a0Soft Remote. \u00a0Nepotrebuje<\/p>\n","protected":false},"featured_media":8276,"template":"","meta":[],"product_brand":[],"product_cat":[80],"product_tag":[107],"class_list":{"0":"post-8275","1":"product","2":"type-product","3":"status-publish","4":"has-post-thumbnail","6":"product_cat-inteligentna-domacnost","7":"product_tag-nod-on","9":"first","10":"onbackorder","11":"shipping-taxable","12":"product-type-variable"},"yoast_head":"<!-- This site is optimized with the Yoast SEO plugin v27.4 - https:\/\/yoast.com\/product\/yoast-seo-wordpress\/ -->\n<title>Dia\u013ekov\u00e9 ovl\u00e1danie EnOcean RC-EO - Lunos Slovensko<\/title>\n<meta name=\"description\" content=\"Modr\u00e9 m\u00e4kk\u00e9 dia\u013ekov\u00e9 ovl\u00e1danie EnOcean RC-EO v\u00fdrobcu Nod On Soft Remote. S magnetom pre upevnenie a bez nutnosti bat\u00e9ri\u00ed.\" \/>\n<meta name=\"robots\" content=\"index, follow, max-snippet:-1, max-image-preview:large, max-video-preview:-1\" \/>\n<link rel=\"canonical\" href=\"https:\/\/lunos.sk\/public_html\/produkt\/dialkove-ovladanie-enocean-rc-eo-modry\/\" \/>\n<meta property=\"og:locale\" content=\"sk_SK\" \/>\n<meta property=\"og:type\" content=\"article\" \/>\n<meta property=\"og:title\" content=\"Dia\u013ekov\u00e9 ovl\u00e1danie EnOcean RC-EO - Lunos Slovensko\" \/>\n<meta property=\"og:description\" content=\"Modr\u00e9 m\u00e4kk\u00e9 dia\u013ekov\u00e9 ovl\u00e1danie EnOcean RC-EO v\u00fdrobcu Nod On Soft Remote. S magnetom pre upevnenie a bez nutnosti bat\u00e9ri\u00ed.\" \/>\n<meta property=\"og:url\" content=\"https:\/\/lunos.sk\/public_html\/produkt\/dialkove-ovladanie-enocean-rc-eo-modry\/\" \/>\n<meta property=\"og:site_name\" content=\"Lunos Slovensko\" \/>\n<meta property=\"article:publisher\" content=\"https:\/\/www.facebook.com\/lunosslovensko\" \/>\n<meta property=\"article:modified_time\" content=\"2024-06-03T13:17:22+00:00\" \/>\n<meta property=\"og:image\" content=\"https:\/\/lunos.sk\/public_html\/wp-content\/uploads\/2021\/11\/rc-eo-037c58e8.png\" \/>\n\t<meta property=\"og:image:width\" content=\"522\" \/>\n\t<meta property=\"og:image:height\" content=\"550\" \/>\n\t<meta property=\"og:image:type\" content=\"image\/png\" \/>\n<meta name=\"twitter:card\" content=\"summary_large_image\" \/>\n<meta name=\"twitter:site\" content=\"@lunos_slovensko\" \/>\n<meta name=\"twitter:label1\" content=\"Predpokladan\u00fd \u010das \u010d\u00edtania\" \/>\n\t<meta name=\"twitter:data1\" content=\"1 min\u00fata\" \/>\n<script type=\"application\/ld+json\" class=\"yoast-schema-graph\">{\"@context\":\"https:\\\/\\\/schema.org\",\"@graph\":[{\"@type\":\"WebPage\",\"@id\":\"https:\\\/\\\/lunos.sk\\\/public_html\\\/produkt\\\/dialkove-ovladanie-enocean-rc-eo-modry\\\/\",\"url\":\"https:\\\/\\\/lunos.sk\\\/public_html\\\/produkt\\\/dialkove-ovladanie-enocean-rc-eo-modry\\\/\",\"name\":\"Dia\u013ekov\u00e9 ovl\u00e1danie EnOcean RC-EO - Lunos Slovensko\",\"isPartOf\":{\"@id\":\"https:\\\/\\\/lunos.sk\\\/public_html\\\/#website\"},\"primaryImageOfPage\":{\"@id\":\"https:\\\/\\\/lunos.sk\\\/public_html\\\/produkt\\\/dialkove-ovladanie-enocean-rc-eo-modry\\\/#primaryimage\"},\"image\":{\"@id\":\"https:\\\/\\\/lunos.sk\\\/public_html\\\/produkt\\\/dialkove-ovladanie-enocean-rc-eo-modry\\\/#primaryimage\"},\"thumbnailUrl\":\"https:\\\/\\\/lunos.sk\\\/public_html\\\/wp-content\\\/uploads\\\/2021\\\/11\\\/rc-eo-037c58e8.png\",\"datePublished\":\"2021-11-24T13:12:35+00:00\",\"dateModified\":\"2024-06-03T13:17:22+00:00\",\"description\":\"Modr\u00e9 m\u00e4kk\u00e9 dia\u013ekov\u00e9 ovl\u00e1danie EnOcean RC-EO v\u00fdrobcu Nod On Soft Remote. S magnetom pre upevnenie a bez nutnosti bat\u00e9ri\u00ed.\",\"breadcrumb\":{\"@id\":\"https:\\\/\\\/lunos.sk\\\/public_html\\\/produkt\\\/dialkove-ovladanie-enocean-rc-eo-modry\\\/#breadcrumb\"},\"inLanguage\":\"sk-SK\",\"potentialAction\":[{\"@type\":\"ReadAction\",\"target\":[\"https:\\\/\\\/lunos.sk\\\/public_html\\\/produkt\\\/dialkove-ovladanie-enocean-rc-eo-modry\\\/\"]}]},{\"@type\":\"ImageObject\",\"inLanguage\":\"sk-SK\",\"@id\":\"https:\\\/\\\/lunos.sk\\\/public_html\\\/produkt\\\/dialkove-ovladanie-enocean-rc-eo-modry\\\/#primaryimage\",\"url\":\"https:\\\/\\\/lunos.sk\\\/public_html\\\/wp-content\\\/uploads\\\/2021\\\/11\\\/rc-eo-037c58e8.png\",\"contentUrl\":\"https:\\\/\\\/lunos.sk\\\/public_html\\\/wp-content\\\/uploads\\\/2021\\\/11\\\/rc-eo-037c58e8.png\",\"width\":522,\"height\":550,\"caption\":\"Nod On EnOcean Soft Remote mod RC-EO\"},{\"@type\":\"BreadcrumbList\",\"@id\":\"https:\\\/\\\/lunos.sk\\\/public_html\\\/produkt\\\/dialkove-ovladanie-enocean-rc-eo-modry\\\/#breadcrumb\",\"itemListElement\":[{\"@type\":\"ListItem\",\"position\":1,\"name\":\"Home\",\"item\":\"https:\\\/\\\/lunos.sk\\\/public_html\\\/\"},{\"@type\":\"ListItem\",\"position\":2,\"name\":\"Produkty\",\"item\":\"https:\\\/\\\/lunos.sk\\\/public_html\\\/produkty\\\/\"},{\"@type\":\"ListItem\",\"position\":3,\"name\":\"Dia\u013ekov\u00e9 ovl\u00e1danie EnOcean RC-EO\"}]},{\"@type\":\"WebSite\",\"@id\":\"https:\\\/\\\/lunos.sk\\\/public_html\\\/#website\",\"url\":\"https:\\\/\\\/lunos.sk\\\/public_html\\\/\",\"name\":\"Lunos Slovensko\",\"description\":\"\",\"publisher\":{\"@id\":\"https:\\\/\\\/lunos.sk\\\/public_html\\\/#organization\"},\"potentialAction\":[{\"@type\":\"SearchAction\",\"target\":{\"@type\":\"EntryPoint\",\"urlTemplate\":\"https:\\\/\\\/lunos.sk\\\/public_html\\\/?s={search_term_string}\"},\"query-input\":{\"@type\":\"PropertyValueSpecification\",\"valueRequired\":true,\"valueName\":\"search_term_string\"}}],\"inLanguage\":\"sk-SK\"},{\"@type\":\"Organization\",\"@id\":\"https:\\\/\\\/lunos.sk\\\/public_html\\\/#organization\",\"name\":\"Lunos\",\"url\":\"https:\\\/\\\/lunos.sk\\\/public_html\\\/\",\"logo\":{\"@type\":\"ImageObject\",\"inLanguage\":\"sk-SK\",\"@id\":\"https:\\\/\\\/lunos.sk\\\/public_html\\\/#\\\/schema\\\/logo\\\/image\\\/\",\"url\":\"https:\\\/\\\/lunos.sk\\\/public_html\\\/wp-content\\\/uploads\\\/2021\\\/07\\\/logo-lunos.png\",\"contentUrl\":\"https:\\\/\\\/lunos.sk\\\/public_html\\\/wp-content\\\/uploads\\\/2021\\\/07\\\/logo-lunos.png\",\"width\":200,\"height\":101,\"caption\":\"Lunos\"},\"image\":{\"@id\":\"https:\\\/\\\/lunos.sk\\\/public_html\\\/#\\\/schema\\\/logo\\\/image\\\/\"},\"sameAs\":[\"https:\\\/\\\/www.facebook.com\\\/lunosslovensko\",\"https:\\\/\\\/x.com\\\/lunos_slovensko\"]}]}<\/script>\n<!-- \/ Yoast SEO plugin. -->","yoast_head_json":{"title":"Dia\u013ekov\u00e9 ovl\u00e1danie EnOcean RC-EO - Lunos Slovensko","description":"Modr\u00e9 m\u00e4kk\u00e9 dia\u013ekov\u00e9 ovl\u00e1danie EnOcean RC-EO v\u00fdrobcu Nod On Soft Remote. S magnetom pre upevnenie a bez nutnosti bat\u00e9ri\u00ed.","robots":{"index":"index","follow":"follow","max-snippet":"max-snippet:-1","max-image-preview":"max-image-preview:large","max-video-preview":"max-video-preview:-1"},"canonical":"https:\/\/lunos.sk\/public_html\/produkt\/dialkove-ovladanie-enocean-rc-eo-modry\/","og_locale":"sk_SK","og_type":"article","og_title":"Dia\u013ekov\u00e9 ovl\u00e1danie EnOcean RC-EO - Lunos Slovensko","og_description":"Modr\u00e9 m\u00e4kk\u00e9 dia\u013ekov\u00e9 ovl\u00e1danie EnOcean RC-EO v\u00fdrobcu Nod On Soft Remote. S magnetom pre upevnenie a bez nutnosti bat\u00e9ri\u00ed.","og_url":"https:\/\/lunos.sk\/public_html\/produkt\/dialkove-ovladanie-enocean-rc-eo-modry\/","og_site_name":"Lunos Slovensko","article_publisher":"https:\/\/www.facebook.com\/lunosslovensko","article_modified_time":"2024-06-03T13:17:22+00:00","og_image":[{"width":522,"height":550,"url":"https:\/\/lunos.sk\/public_html\/wp-content\/uploads\/2021\/11\/rc-eo-037c58e8.png","type":"image\/png"}],"twitter_card":"summary_large_image","twitter_site":"@lunos_slovensko","twitter_misc":{"Predpokladan\u00fd \u010das \u010d\u00edtania":"1 min\u00fata"},"schema":{"@context":"https:\/\/schema.org","@graph":[{"@type":"WebPage","@id":"https:\/\/lunos.sk\/public_html\/produkt\/dialkove-ovladanie-enocean-rc-eo-modry\/","url":"https:\/\/lunos.sk\/public_html\/produkt\/dialkove-ovladanie-enocean-rc-eo-modry\/","name":"Dia\u013ekov\u00e9 ovl\u00e1danie EnOcean RC-EO - Lunos Slovensko","isPartOf":{"@id":"https:\/\/lunos.sk\/public_html\/#website"},"primaryImageOfPage":{"@id":"https:\/\/lunos.sk\/public_html\/produkt\/dialkove-ovladanie-enocean-rc-eo-modry\/#primaryimage"},"image":{"@id":"https:\/\/lunos.sk\/public_html\/produkt\/dialkove-ovladanie-enocean-rc-eo-modry\/#primaryimage"},"thumbnailUrl":"https:\/\/lunos.sk\/public_html\/wp-content\/uploads\/2021\/11\/rc-eo-037c58e8.png","datePublished":"2021-11-24T13:12:35+00:00","dateModified":"2024-06-03T13:17:22+00:00","description":"Modr\u00e9 m\u00e4kk\u00e9 dia\u013ekov\u00e9 ovl\u00e1danie EnOcean RC-EO v\u00fdrobcu Nod On Soft Remote. S magnetom pre upevnenie a bez nutnosti bat\u00e9ri\u00ed.","breadcrumb":{"@id":"https:\/\/lunos.sk\/public_html\/produkt\/dialkove-ovladanie-enocean-rc-eo-modry\/#breadcrumb"},"inLanguage":"sk-SK","potentialAction":[{"@type":"ReadAction","target":["https:\/\/lunos.sk\/public_html\/produkt\/dialkove-ovladanie-enocean-rc-eo-modry\/"]}]},{"@type":"ImageObject","inLanguage":"sk-SK","@id":"https:\/\/lunos.sk\/public_html\/produkt\/dialkove-ovladanie-enocean-rc-eo-modry\/#primaryimage","url":"https:\/\/lunos.sk\/public_html\/wp-content\/uploads\/2021\/11\/rc-eo-037c58e8.png","contentUrl":"https:\/\/lunos.sk\/public_html\/wp-content\/uploads\/2021\/11\/rc-eo-037c58e8.png","width":522,"height":550,"caption":"Nod On EnOcean Soft Remote mod RC-EO"},{"@type":"BreadcrumbList","@id":"https:\/\/lunos.sk\/public_html\/produkt\/dialkove-ovladanie-enocean-rc-eo-modry\/#breadcrumb","itemListElement":[{"@type":"ListItem","position":1,"name":"Home","item":"https:\/\/lunos.sk\/public_html\/"},{"@type":"ListItem","position":2,"name":"Produkty","item":"https:\/\/lunos.sk\/public_html\/produkty\/"},{"@type":"ListItem","position":3,"name":"Dia\u013ekov\u00e9 ovl\u00e1danie EnOcean RC-EO"}]},{"@type":"WebSite","@id":"https:\/\/lunos.sk\/public_html\/#website","url":"https:\/\/lunos.sk\/public_html\/","name":"Lunos Slovensko","description":"","publisher":{"@id":"https:\/\/lunos.sk\/public_html\/#organization"},"potentialAction":[{"@type":"SearchAction","target":{"@type":"EntryPoint","urlTemplate":"https:\/\/lunos.sk\/public_html\/?s={search_term_string}"},"query-input":{"@type":"PropertyValueSpecification","valueRequired":true,"valueName":"search_term_string"}}],"inLanguage":"sk-SK"},{"@type":"Organization","@id":"https:\/\/lunos.sk\/public_html\/#organization","name":"Lunos","url":"https:\/\/lunos.sk\/public_html\/","logo":{"@type":"ImageObject","inLanguage":"sk-SK","@id":"https:\/\/lunos.sk\/public_html\/#\/schema\/logo\/image\/","url":"https:\/\/lunos.sk\/public_html\/wp-content\/uploads\/2021\/07\/logo-lunos.png","contentUrl":"https:\/\/lunos.sk\/public_html\/wp-content\/uploads\/2021\/07\/logo-lunos.png","width":200,"height":101,"caption":"Lunos"},"image":{"@id":"https:\/\/lunos.sk\/public_html\/#\/schema\/logo\/image\/"},"sameAs":["https:\/\/www.facebook.com\/lunosslovensko","https:\/\/x.com\/lunos_slovensko"]}]}},"jetpack_sharing_enabled":true,"_links":{"self":[{"href":"https:\/\/lunos.sk\/public_html\/wp-json\/wp\/v2\/product\/8275","targetHints":{"allow":["GET"]}}],"collection":[{"href":"https:\/\/lunos.sk\/public_html\/wp-json\/wp\/v2\/product"}],"about":[{"href":"https:\/\/lunos.sk\/public_html\/wp-json\/wp\/v2\/types\/product"}],"version-history":[{"count":2,"href":"https:\/\/lunos.sk\/public_html\/wp-json\/wp\/v2\/product\/8275\/revisions"}],"predecessor-version":[{"id":8734,"href":"https:\/\/lunos.sk\/public_html\/wp-json\/wp\/v2\/product\/8275\/revisions\/8734"}],"wp:featuredmedia":[{"embeddable":true,"href":"https:\/\/lunos.sk\/public_html\/wp-json\/wp\/v2\/media\/8276"}],"wp:attachment":[{"href":"https:\/\/lunos.sk\/public_html\/wp-json\/wp\/v2\/media?parent=8275"}],"wp:term":[{"taxonomy":"product_brand","embeddable":true,"href":"https:\/\/lunos.sk\/public_html\/wp-json\/wp\/v2\/product_brand?post=8275"},{"taxonomy":"product_cat","embeddable":true,"href":"https:\/\/lunos.sk\/public_html\/wp-json\/wp\/v2\/product_cat?post=8275"},{"taxonomy":"product_tag","embeddable":true,"href":"https:\/\/lunos.sk\/public_html\/wp-json\/wp\/v2\/product_tag?post=8275"}],"curies":[{"name":"wp","href":"https:\/\/api.w.org\/{rel}","templated":true}]}}