{"id":8280,"date":"2021-11-24T14:32:29","date_gmt":"2021-11-24T13:32:29","guid":{"rendered":"https:\/\/lunos.sk\/public_html\/?post_type=product&#038;p=8280"},"modified":"2024-06-03T15:18:47","modified_gmt":"2024-06-03T13:18:47","slug":"fm-eo","status":"publish","type":"product","link":"https:\/\/lunos.sk\/public_html\/produkt\/fm-eo\/","title":{"rendered":"FM-EO"},"content":{"rendered":"<div class=\"wpb-content-wrapper\"><p>[vc_row][vc_column][vc_column_text text_larger=&#8220;no&#8220; el_class=&#8220;popis-produktu&#8220;]<b>Bezdr\u00f4tov\u00fd modul FM-EO<span class=\"Apple-converted-space\">\u00a0<\/span><\/b><b>pre Silvento ec a Ne<\/b><b>xx<\/b><b>t<span class=\"Apple-converted-space\">\u00a0<\/span><\/b><\/p>\n<p style=\"text-align: justify;\">Bezdr\u00f4tov\u00fd modul FM-EO je kompatibiln\u00fd so v\u0161etk\u00fdmi modelmi Silvento-ec a Ne<sup>xx<\/sup>t.<br \/>\nV podtlakovom syst\u00e9me je mo\u017en\u00e9 Silvento-ec a jeho vetracie spr\u00e1vanie optimalizova\u0165 pomocou sp\u00e1rovan\u00e9ho vonkaj\u0161ieho senzora SFT-EO. V spojen\u00ed s ventil\u00e1tormi e\u00b2 riaden\u00fdmi Univerz\u00e1lnym riaden\u00edm spolu s modulom UNI-EO je mo\u017en\u00e9 vymie\u0148a\u0165 hodnoty senzorov a t\u00fdm navz\u00e1jom koordinova\u0165 cel\u00fd syst\u00e9m vetrania. Rovnako to plat\u00ed aj pre kombin\u00e1ciu pr\u00edstrojov Ne<sup>xx<\/sup>t a Silvento ec. Ak sa v jednej u\u017e\u00edvacej jednotke prev\u00e1dzkuje s\u00fa\u010dasne viac pr\u00edstrojov Ne<sup>xx<\/sup>t, vz\u00e1jomnou kr\u00ed\u017eovou prev\u00e1dzkou t\u00fdchto zariaden\u00ed je mo\u017en\u00e9 dosiahn\u00fa\u0165 teplotne riaden\u00e9 n\u00faten\u00e9 vetranie. Rovnako z\u00edskate mo\u017enos\u0165 efekt\u00edvne reagova\u0165 na rozli\u010dn\u00e9 vonkaj\u0161ie teploty a udr\u017eiava\u0165 vo vn\u00fatri kon\u0161tantn\u00fa teplotu.<\/p>\n<p>[\/vc_column_text][\/vc_column][\/vc_row]<\/p>\n<\/div>","protected":false},"excerpt":{"rendered":"<p>[vc_row][vc_column][vc_column_text text_larger=&#8220;no&#8220; el_class=&#8220;popis-produktu&#8220;]Bezdr\u00f4tov\u00fd modul FM-EO\u00a0pre Silvento ec a Nexxt\u00a0 Bezdr\u00f4tov\u00fd modul FM-EO je kompatibiln\u00fd so v\u0161etk\u00fdmi modelmi Silvento-ec a Nexxt.<\/p>\n","protected":false},"featured_media":8281,"template":"","meta":[],"product_brand":[],"product_cat":[80],"product_tag":[],"class_list":{"0":"post-8280","1":"product","2":"type-product","3":"status-publish","4":"has-post-thumbnail","6":"product_cat-inteligentna-domacnost","8":"first","9":"instock","10":"shipping-taxable","11":"product-type-simple"},"yoast_head":"<!-- This site is optimized with the Yoast SEO plugin v27.4 - https:\/\/yoast.com\/product\/yoast-seo-wordpress\/ -->\n<title>FM-EO - Lunos Slovensko<\/title>\n<meta name=\"robots\" content=\"index, follow, max-snippet:-1, max-image-preview:large, max-video-preview:-1\" \/>\n<link rel=\"canonical\" href=\"https:\/\/lunos.sk\/public_html\/produkt\/fm-eo\/\" \/>\n<meta property=\"og:locale\" content=\"sk_SK\" \/>\n<meta property=\"og:type\" content=\"article\" \/>\n<meta property=\"og:title\" content=\"FM-EO - Lunos Slovensko\" \/>\n<meta property=\"og:description\" content=\"[vc_row][vc_column][vc_column_text text_larger=&#8220;no&#8220; el_class=&#8220;popis-produktu&#8220;]Bezdr\u00f4tov\u00fd modul FM-EO\u00a0pre Silvento ec a Nexxt\u00a0 Bezdr\u00f4tov\u00fd modul FM-EO je kompatibiln\u00fd so v\u0161etk\u00fdmi modelmi Silvento-ec a Nexxt.\" \/>\n<meta property=\"og:url\" content=\"https:\/\/lunos.sk\/public_html\/produkt\/fm-eo\/\" \/>\n<meta property=\"og:site_name\" content=\"Lunos Slovensko\" \/>\n<meta property=\"article:publisher\" content=\"https:\/\/www.facebook.com\/lunosslovensko\" \/>\n<meta property=\"article:modified_time\" content=\"2024-06-03T13:18:47+00:00\" \/>\n<meta property=\"og:image\" content=\"https:\/\/lunos.sk\/public_html\/wp-content\/uploads\/2021\/11\/fm-eo-d029d05a.png\" \/>\n\t<meta property=\"og:image:width\" content=\"233\" \/>\n\t<meta property=\"og:image:height\" content=\"402\" \/>\n\t<meta property=\"og:image:type\" content=\"image\/png\" \/>\n<meta name=\"twitter:card\" content=\"summary_large_image\" \/>\n<meta name=\"twitter:site\" content=\"@lunos_slovensko\" \/>\n<meta name=\"twitter:label1\" content=\"Predpokladan\u00fd \u010das \u010d\u00edtania\" \/>\n\t<meta name=\"twitter:data1\" content=\"1 min\u00fata\" \/>\n<script type=\"application\/ld+json\" class=\"yoast-schema-graph\">{\"@context\":\"https:\\\/\\\/schema.org\",\"@graph\":[{\"@type\":\"WebPage\",\"@id\":\"https:\\\/\\\/lunos.sk\\\/public_html\\\/produkt\\\/fm-eo\\\/\",\"url\":\"https:\\\/\\\/lunos.sk\\\/public_html\\\/produkt\\\/fm-eo\\\/\",\"name\":\"FM-EO - Lunos Slovensko\",\"isPartOf\":{\"@id\":\"https:\\\/\\\/lunos.sk\\\/public_html\\\/#website\"},\"primaryImageOfPage\":{\"@id\":\"https:\\\/\\\/lunos.sk\\\/public_html\\\/produkt\\\/fm-eo\\\/#primaryimage\"},\"image\":{\"@id\":\"https:\\\/\\\/lunos.sk\\\/public_html\\\/produkt\\\/fm-eo\\\/#primaryimage\"},\"thumbnailUrl\":\"https:\\\/\\\/lunos.sk\\\/public_html\\\/wp-content\\\/uploads\\\/2021\\\/11\\\/fm-eo-d029d05a.png\",\"datePublished\":\"2021-11-24T13:32:29+00:00\",\"dateModified\":\"2024-06-03T13:18:47+00:00\",\"breadcrumb\":{\"@id\":\"https:\\\/\\\/lunos.sk\\\/public_html\\\/produkt\\\/fm-eo\\\/#breadcrumb\"},\"inLanguage\":\"sk-SK\",\"potentialAction\":[{\"@type\":\"ReadAction\",\"target\":[\"https:\\\/\\\/lunos.sk\\\/public_html\\\/produkt\\\/fm-eo\\\/\"]}]},{\"@type\":\"ImageObject\",\"inLanguage\":\"sk-SK\",\"@id\":\"https:\\\/\\\/lunos.sk\\\/public_html\\\/produkt\\\/fm-eo\\\/#primaryimage\",\"url\":\"https:\\\/\\\/lunos.sk\\\/public_html\\\/wp-content\\\/uploads\\\/2021\\\/11\\\/fm-eo-d029d05a.png\",\"contentUrl\":\"https:\\\/\\\/lunos.sk\\\/public_html\\\/wp-content\\\/uploads\\\/2021\\\/11\\\/fm-eo-d029d05a.png\",\"width\":233,\"height\":402},{\"@type\":\"BreadcrumbList\",\"@id\":\"https:\\\/\\\/lunos.sk\\\/public_html\\\/produkt\\\/fm-eo\\\/#breadcrumb\",\"itemListElement\":[{\"@type\":\"ListItem\",\"position\":1,\"name\":\"Home\",\"item\":\"https:\\\/\\\/lunos.sk\\\/public_html\\\/\"},{\"@type\":\"ListItem\",\"position\":2,\"name\":\"Produkty\",\"item\":\"https:\\\/\\\/lunos.sk\\\/public_html\\\/produkty\\\/\"},{\"@type\":\"ListItem\",\"position\":3,\"name\":\"FM-EO\"}]},{\"@type\":\"WebSite\",\"@id\":\"https:\\\/\\\/lunos.sk\\\/public_html\\\/#website\",\"url\":\"https:\\\/\\\/lunos.sk\\\/public_html\\\/\",\"name\":\"Lunos Slovensko\",\"description\":\"\",\"publisher\":{\"@id\":\"https:\\\/\\\/lunos.sk\\\/public_html\\\/#organization\"},\"potentialAction\":[{\"@type\":\"SearchAction\",\"target\":{\"@type\":\"EntryPoint\",\"urlTemplate\":\"https:\\\/\\\/lunos.sk\\\/public_html\\\/?s={search_term_string}\"},\"query-input\":{\"@type\":\"PropertyValueSpecification\",\"valueRequired\":true,\"valueName\":\"search_term_string\"}}],\"inLanguage\":\"sk-SK\"},{\"@type\":\"Organization\",\"@id\":\"https:\\\/\\\/lunos.sk\\\/public_html\\\/#organization\",\"name\":\"Lunos\",\"url\":\"https:\\\/\\\/lunos.sk\\\/public_html\\\/\",\"logo\":{\"@type\":\"ImageObject\",\"inLanguage\":\"sk-SK\",\"@id\":\"https:\\\/\\\/lunos.sk\\\/public_html\\\/#\\\/schema\\\/logo\\\/image\\\/\",\"url\":\"https:\\\/\\\/lunos.sk\\\/public_html\\\/wp-content\\\/uploads\\\/2021\\\/07\\\/logo-lunos.png\",\"contentUrl\":\"https:\\\/\\\/lunos.sk\\\/public_html\\\/wp-content\\\/uploads\\\/2021\\\/07\\\/logo-lunos.png\",\"width\":200,\"height\":101,\"caption\":\"Lunos\"},\"image\":{\"@id\":\"https:\\\/\\\/lunos.sk\\\/public_html\\\/#\\\/schema\\\/logo\\\/image\\\/\"},\"sameAs\":[\"https:\\\/\\\/www.facebook.com\\\/lunosslovensko\",\"https:\\\/\\\/x.com\\\/lunos_slovensko\"]}]}<\/script>\n<!-- \/ Yoast SEO plugin. -->","yoast_head_json":{"title":"FM-EO - Lunos Slovensko","robots":{"index":"index","follow":"follow","max-snippet":"max-snippet:-1","max-image-preview":"max-image-preview:large","max-video-preview":"max-video-preview:-1"},"canonical":"https:\/\/lunos.sk\/public_html\/produkt\/fm-eo\/","og_locale":"sk_SK","og_type":"article","og_title":"FM-EO - Lunos Slovensko","og_description":"[vc_row][vc_column][vc_column_text text_larger=&#8220;no&#8220; el_class=&#8220;popis-produktu&#8220;]Bezdr\u00f4tov\u00fd modul FM-EO\u00a0pre Silvento ec a Nexxt\u00a0 Bezdr\u00f4tov\u00fd modul FM-EO je kompatibiln\u00fd so v\u0161etk\u00fdmi modelmi Silvento-ec a Nexxt.","og_url":"https:\/\/lunos.sk\/public_html\/produkt\/fm-eo\/","og_site_name":"Lunos Slovensko","article_publisher":"https:\/\/www.facebook.com\/lunosslovensko","article_modified_time":"2024-06-03T13:18:47+00:00","og_image":[{"width":233,"height":402,"url":"https:\/\/lunos.sk\/public_html\/wp-content\/uploads\/2021\/11\/fm-eo-d029d05a.png","type":"image\/png"}],"twitter_card":"summary_large_image","twitter_site":"@lunos_slovensko","twitter_misc":{"Predpokladan\u00fd \u010das \u010d\u00edtania":"1 min\u00fata"},"schema":{"@context":"https:\/\/schema.org","@graph":[{"@type":"WebPage","@id":"https:\/\/lunos.sk\/public_html\/produkt\/fm-eo\/","url":"https:\/\/lunos.sk\/public_html\/produkt\/fm-eo\/","name":"FM-EO - Lunos Slovensko","isPartOf":{"@id":"https:\/\/lunos.sk\/public_html\/#website"},"primaryImageOfPage":{"@id":"https:\/\/lunos.sk\/public_html\/produkt\/fm-eo\/#primaryimage"},"image":{"@id":"https:\/\/lunos.sk\/public_html\/produkt\/fm-eo\/#primaryimage"},"thumbnailUrl":"https:\/\/lunos.sk\/public_html\/wp-content\/uploads\/2021\/11\/fm-eo-d029d05a.png","datePublished":"2021-11-24T13:32:29+00:00","dateModified":"2024-06-03T13:18:47+00:00","breadcrumb":{"@id":"https:\/\/lunos.sk\/public_html\/produkt\/fm-eo\/#breadcrumb"},"inLanguage":"sk-SK","potentialAction":[{"@type":"ReadAction","target":["https:\/\/lunos.sk\/public_html\/produkt\/fm-eo\/"]}]},{"@type":"ImageObject","inLanguage":"sk-SK","@id":"https:\/\/lunos.sk\/public_html\/produkt\/fm-eo\/#primaryimage","url":"https:\/\/lunos.sk\/public_html\/wp-content\/uploads\/2021\/11\/fm-eo-d029d05a.png","contentUrl":"https:\/\/lunos.sk\/public_html\/wp-content\/uploads\/2021\/11\/fm-eo-d029d05a.png","width":233,"height":402},{"@type":"BreadcrumbList","@id":"https:\/\/lunos.sk\/public_html\/produkt\/fm-eo\/#breadcrumb","itemListElement":[{"@type":"ListItem","position":1,"name":"Home","item":"https:\/\/lunos.sk\/public_html\/"},{"@type":"ListItem","position":2,"name":"Produkty","item":"https:\/\/lunos.sk\/public_html\/produkty\/"},{"@type":"ListItem","position":3,"name":"FM-EO"}]},{"@type":"WebSite","@id":"https:\/\/lunos.sk\/public_html\/#website","url":"https:\/\/lunos.sk\/public_html\/","name":"Lunos Slovensko","description":"","publisher":{"@id":"https:\/\/lunos.sk\/public_html\/#organization"},"potentialAction":[{"@type":"SearchAction","target":{"@type":"EntryPoint","urlTemplate":"https:\/\/lunos.sk\/public_html\/?s={search_term_string}"},"query-input":{"@type":"PropertyValueSpecification","valueRequired":true,"valueName":"search_term_string"}}],"inLanguage":"sk-SK"},{"@type":"Organization","@id":"https:\/\/lunos.sk\/public_html\/#organization","name":"Lunos","url":"https:\/\/lunos.sk\/public_html\/","logo":{"@type":"ImageObject","inLanguage":"sk-SK","@id":"https:\/\/lunos.sk\/public_html\/#\/schema\/logo\/image\/","url":"https:\/\/lunos.sk\/public_html\/wp-content\/uploads\/2021\/07\/logo-lunos.png","contentUrl":"https:\/\/lunos.sk\/public_html\/wp-content\/uploads\/2021\/07\/logo-lunos.png","width":200,"height":101,"caption":"Lunos"},"image":{"@id":"https:\/\/lunos.sk\/public_html\/#\/schema\/logo\/image\/"},"sameAs":["https:\/\/www.facebook.com\/lunosslovensko","https:\/\/x.com\/lunos_slovensko"]}]}},"jetpack_sharing_enabled":true,"_links":{"self":[{"href":"https:\/\/lunos.sk\/public_html\/wp-json\/wp\/v2\/product\/8280","targetHints":{"allow":["GET"]}}],"collection":[{"href":"https:\/\/lunos.sk\/public_html\/wp-json\/wp\/v2\/product"}],"about":[{"href":"https:\/\/lunos.sk\/public_html\/wp-json\/wp\/v2\/types\/product"}],"version-history":[{"count":1,"href":"https:\/\/lunos.sk\/public_html\/wp-json\/wp\/v2\/product\/8280\/revisions"}],"predecessor-version":[{"id":8578,"href":"https:\/\/lunos.sk\/public_html\/wp-json\/wp\/v2\/product\/8280\/revisions\/8578"}],"wp:featuredmedia":[{"embeddable":true,"href":"https:\/\/lunos.sk\/public_html\/wp-json\/wp\/v2\/media\/8281"}],"wp:attachment":[{"href":"https:\/\/lunos.sk\/public_html\/wp-json\/wp\/v2\/media?parent=8280"}],"wp:term":[{"taxonomy":"product_brand","embeddable":true,"href":"https:\/\/lunos.sk\/public_html\/wp-json\/wp\/v2\/product_brand?post=8280"},{"taxonomy":"product_cat","embeddable":true,"href":"https:\/\/lunos.sk\/public_html\/wp-json\/wp\/v2\/product_cat?post=8280"},{"taxonomy":"product_tag","embeddable":true,"href":"https:\/\/lunos.sk\/public_html\/wp-json\/wp\/v2\/product_tag?post=8280"}],"curies":[{"name":"wp","href":"https:\/\/api.w.org\/{rel}","templated":true}]}}